{"id":3758,"date":"2023-11-24T15:23:10","date_gmt":"2023-11-24T14:23:10","guid":{"rendered":"https:\/\/almacredit.ch\/miresevini\/kredi-biznesi\/fusions-et-acquisitions\/"},"modified":"2023-11-29T13:25:02","modified_gmt":"2023-11-29T12:25:02","slug":"bashkimet-dhe-blerjet","status":"publish","type":"page","link":"https:\/\/almacredit.ch\/sq\/miresevini\/kredi-biznesi\/bashkimet-dhe-blerjet\/","title":{"rendered":"Bashkimet dhe Blerjet"},"content":{"rendered":"\r\n<p><style>\r\n        body {<br \/>\r\n            font-family: 'Arial', sans-serif;<br \/>\r\n            padding: 20px;<br \/>\r\n            background-color: #f5f5f5;<br \/>\r\n        }<\/p>\r\n<p>        h2, h5 {<br \/>\r\n            color: #6bb018;<br \/>\r\n        }<\/p>\r\n<p>        .credit-container {<br \/>\r\n            background-color: #ffffff;<br \/>\r\n            border: 1px solid #e0e0e0;<br \/>\r\n            padding: 30px;<br \/>\r\n            margin-bottom: 20px;<br \/>\r\n            border-radius: 15px;<br \/>\r\n            box-shadow: 0px 5px 10px rgba(0, 0, 0, 0.1);<br \/>\r\n        }<\/p>\r\n<p>        ul {<br \/>\r\n            list-style-type: square;<br \/>\r\n            margin-left: 20px;<br \/>\r\n        }<\/p>\r\n<p>        li {<br \/>\r\n            margin-bottom: 10px;<br \/>\r\n        }<br \/>\r\n    <\/style><\/p>\r\n<h1><strong>Alma Credit &#8211; Ekspertiz\u00eb n\u00eb Bashkime dhe Blerje p\u00ebr Nd\u00ebrmarrje Dinamike<\/strong><\/h1>\r\n<h2><strong>Hyrje<\/strong><\/h2>\r\n<p>Mir\u00ebsevini n\u00eb Alma Credit, partneri juaj i besuar n\u00eb navigimin n\u00eb bot\u00ebn e bashkimeve dhe blerjeve. Ekspertiza jon\u00eb n\u00eb sektorin financiar, e kombinuar me nj\u00eb kuptim t\u00eb thell\u00eb t\u00eb nevojave t\u00eb nd\u00ebrmarrjeve, na pozicionon idealisht p\u00ebr t\u00eb mb\u00ebshtetur biznesin tuaj, ve\u00e7an\u00ebrisht brenda komunitetit portugez n\u00eb Zvic\u00ebr, p\u00ebrmes operacioneve strategjike dhe t\u00eb suksesshme t\u00eb bashkimit dhe blerjes.<\/p>\r\n<h2><strong>Pse Bashkime dhe Blerje?<\/strong><\/h2>\r\n<p>Bashkimet dhe blerjet ofrojn\u00eb mund\u00ebsi unike p\u00ebr nd\u00ebrmarrjet q\u00eb k\u00ebrkojn\u00eb rritje, efikasitet dhe zgjerim. N\u00eb Alma Credit, ne ju ndihmojm\u00eb t\u00eb navigoni n\u00eb k\u00ebt\u00eb proces, duke ofruar k\u00ebshilla strategjike dhe mb\u00ebshtetje t\u00eb personalizuar p\u00ebr:<\/p>\r\n<ul>\r\n<li>Qasje n\u00eb tregje t\u00eb reja.<\/li>\r\n<li>Kombinim t\u00eb aft\u00ebsive dhe burimeve plot\u00ebsuese.<\/li>\r\n<li>Forcim t\u00eb pozicionit tuaj konkurrues n\u00eb treg.<\/li>\r\n<\/ul>\r\n<h2><strong>Sh\u00ebrbimet Tona<\/strong><\/h2>\r\n<p>Ne jemi krenar\u00eb t\u00eb ofrojm\u00eb nj\u00eb gam\u00eb t\u00eb plot\u00eb t\u00eb sh\u00ebrbimeve p\u00ebr t\u00eb plot\u00ebsuar nevojat tuaja n\u00eb bashkime dhe blerje, p\u00ebrfshir\u00eb:<\/p>\r\n<ul>\r\n<li>Vler\u00ebsimi i Nd\u00ebrmarrjeve: P\u00ebrcaktim i sakt\u00eb i vler\u00ebs s\u00eb nd\u00ebrmarrjeve objektiv ose t\u00eb nd\u00ebrmarrjes suaj.<\/li>\r\n<li>K\u00ebshilla Strategjike: Strategji t\u00eb personalizuara p\u00ebr t\u00eb maksimizuar suksesin e operacionit tuaj.<\/li>\r\n<li>Ndihm\u00eb n\u00eb Negociata: Mbrojtja e interesave tuaja dhe sigurimi i kushteve m\u00eb t\u00eb mira t\u00eb mundshme.<\/li>\r\n<\/ul>\r\n<h2><strong>D\u00ebshmi dhe Studime t\u00eb Rasteve<\/strong><\/h2>\r\n<p>Klient\u00ebt tan\u00eb, nga nd\u00ebrmarrjet e vogla dhe t\u00eb mesme deri tek korporatat e m\u00ebdha, d\u00ebshmojn\u00eb p\u00ebr p\u00ebrkushtimin dhe ekspertiz\u00ebn ton\u00eb. Ne jemi krenar\u00eb p\u00ebr sukseset tona n\u00eb fush\u00ebn e bashkimeve dhe blerjeve dhe jemi t\u00eb p\u00ebrkushtuar t\u00eb ruajm\u00eb konfidencialitetin dhe objektivat unike t\u00eb \u00e7do klienti.<\/p>\r\n<h2><strong>P\u00ebrputhshm\u00ebria dhe Etika<\/strong><\/h2>\r\n<p>N\u00eb Alma Credit, p\u00ebrputhshm\u00ebria ligjore dhe etika jan\u00eb thelbi i operacioneve tona. Ne sigurojm\u00eb q\u00eb t\u00eb gjitha transaksionet t\u00eb p\u00ebrmbushin standardet ligjore dhe rregullatore, duke ju ofruar k\u00ebshtu qet\u00ebsi t\u00eb plot\u00eb mendore.<\/p>\r\n<h2><strong>Na Kontaktoni<\/strong><\/h2>\r\n<p>Gati p\u00ebr t\u00eb eksploruar mund\u00ebsit\u00eb e bashkimit ose blerjes p\u00ebr nd\u00ebrmarrjen tuaj? Kontaktoni Alma Credit p\u00ebr nj\u00eb konsultim t\u00eb personalizuar. Ekspert\u00ebt tan\u00eb jan\u00eb n\u00eb dispozicionin tuaj p\u00ebr t\u00eb diskutuar nevojat tuaja specifike dhe p\u00ebr t&#8217;ju udh\u00ebhequr drejt suksesit.<\/p>\r\n<h1>\u00a0<\/h1>","protected":false},"excerpt":{"rendered":"<p>Alma Credit &#8211; Ekspertiz\u00eb n\u00eb Bashkime dhe Blerje p\u00ebr Nd\u00ebrmarrje Dinamike Hyrje Mir\u00ebsevini n\u00eb Alma Credit, partneri juaj i besuar n\u00eb navigimin n\u00eb bot\u00ebn e bashkimeve dhe blerjeve. Ekspertiza jon\u00eb n\u00eb sektorin financiar, e kombinuar me nj\u00eb kuptim t\u00eb thell\u00eb t\u00eb nevojave t\u00eb nd\u00ebrmarrjeve, na pozicionon idealisht p\u00ebr t\u00eb mb\u00ebshtetur biznesin tuaj, ve\u00e7an\u00ebrisht brenda komunitetit [&hellip;]<\/p>\n","protected":false},"author":1,"featured_media":0,"parent":2825,"menu_order":0,"comment_status":"closed","ping_status":"closed","template":"","meta":{"_coblocks_attr":"","_coblocks_dimensions":"","_coblocks_responsive_height":"","_coblocks_accordion_ie_support":"","om_disable_all_campaigns":false,"_monsterinsights_skip_tracking":false,"_monsterinsights_sitenote_active":false,"_monsterinsights_sitenote_note":"","_monsterinsights_sitenote_category":0,"footnotes":""},"class_list":["post-3758","page","type-page","status-publish","hentry"],"aioseo_notices":[],"_links":{"self":[{"href":"https:\/\/almacredit.ch\/sq\/wp-json\/wp\/v2\/pages\/3758","targetHints":{"allow":["GET"]}}],"collection":[{"href":"https:\/\/almacredit.ch\/sq\/wp-json\/wp\/v2\/pages"}],"about":[{"href":"https:\/\/almacredit.ch\/sq\/wp-json\/wp\/v2\/types\/page"}],"author":[{"embeddable":true,"href":"https:\/\/almacredit.ch\/sq\/wp-json\/wp\/v2\/users\/1"}],"replies":[{"embeddable":true,"href":"https:\/\/almacredit.ch\/sq\/wp-json\/wp\/v2\/comments?post=3758"}],"version-history":[{"count":8,"href":"https:\/\/almacredit.ch\/sq\/wp-json\/wp\/v2\/pages\/3758\/revisions"}],"predecessor-version":[{"id":3785,"href":"https:\/\/almacredit.ch\/sq\/wp-json\/wp\/v2\/pages\/3758\/revisions\/3785"}],"up":[{"embeddable":true,"href":"https:\/\/almacredit.ch\/sq\/wp-json\/wp\/v2\/pages\/2825"}],"wp:attachment":[{"href":"https:\/\/almacredit.ch\/sq\/wp-json\/wp\/v2\/media?parent=3758"}],"curies":[{"name":"wp","href":"https:\/\/api.w.org\/{rel}","templated":true}]}}