{"id":3669,"date":"2023-08-26T09:10:36","date_gmt":"2023-08-26T08:10:36","guid":{"rendered":"https:\/\/almacredit.ch\/?page_id=3669"},"modified":"2023-11-28T14:50:08","modified_gmt":"2023-11-28T13:50:08","slug":"politika-e-privatesise","status":"publish","type":"page","link":"https:\/\/almacredit.ch\/sq\/politika-e-privatesise\/","title":{"rendered":"Politika e Privat\u00ebsis\u00eb"},"content":{"rendered":"\r\n<p>&nbsp;<\/p>\r\n<hr \/>\r\n<p><strong>Kush jemi ne?<\/strong><\/p>\r\n<p>Adresa e faqes son\u00eb t\u00eb internetit \u00ebsht\u00eb: <a href=\"https:\/\/almacredit.ch\/sq\/\" target=\"_new\" rel=\"noopener\">https:\/\/almacredit.ch<\/a>.<\/p>\r\n<p><strong>Komentet<\/strong><\/p>\r\n<p>Kur lini nj\u00eb koment n\u00eb faqen ton\u00eb t\u00eb internetit Alma Credit, informacionet e shkruara n\u00eb formularin e komentit, si dhe adresa juaj IP dhe agjenti i p\u00ebrdoruesit t\u00eb shfletuesit tuaj, mbledhen p\u00ebr t\u00eb na ndihmuar n\u00eb zbulimin e komenteve t\u00eb pad\u00ebshiruara.<\/p>\r\n<p>Nj\u00eb hash anonimizuar i krijuar nga adresa juaj e post\u00ebs elektronike mund t\u00eb d\u00ebrgohet te sh\u00ebrbimi Gravatar p\u00ebr t\u00eb verifikuar n\u00ebse e p\u00ebrdorni at\u00eb. Politika e privat\u00ebsis\u00eb s\u00eb sh\u00ebrbimit Gravatar \u00ebsht\u00eb n\u00eb dispozicion k\u00ebtu: <a href=\"https:\/\/automattic.com\/privacy\/\" target=\"_new\" rel=\"noopener\">https:\/\/automattic.com\/privacy\/<\/a>. Pas miratimit t\u00eb komentit tuaj, imazhi juaj i profilit do t\u00eb jet\u00eb i duksh\u00ebm publikisht pran\u00eb komentit tuaj.<\/p>\r\n<p><strong>Mediat<\/strong><\/p>\r\n<p>N\u00ebse ngarkoni imazhe n\u00eb faqen e Alma Credit, ju rekomandojm\u00eb t\u00eb shmangni ngarkimin e imazheve q\u00eb p\u00ebrmbajn\u00eb t\u00eb dh\u00ebna EXIF t\u00eb koordinatave GPS. Vizitor\u00ebt e faqes son\u00eb mund t\u00eb shkarkojn\u00eb dhe t\u00ebrheqin t\u00eb dh\u00ebna vendndodhjeje nga k\u00ebto imazhe.<\/p>\r\n<p><strong>Cookie-t<\/strong><\/p>\r\n<p>N\u00ebse postoni nj\u00eb koment n\u00eb Alma Credit, do t&#8217;ju ofrohet opsioni p\u00ebr t\u00eb ruajtur emrin tuaj, adres\u00ebn tuaj t\u00eb post\u00ebs elektronike dhe faqen tuaj t\u00eb internetit n\u00eb cookie-t. Kjo \u00ebsht\u00eb p\u00ebr rehatin\u00eb tuaj, p\u00ebr t\u00eb mos pasur nevoj\u00eb t\u00eb plot\u00ebsoni p\u00ebrs\u00ebri k\u00ebto detaje n\u00ebse lini nj\u00eb tjet\u00ebr koment m\u00eb von\u00eb. K\u00ebto cookie-t zgjasin nj\u00eb vit.<\/p>\r\n<p>N\u00ebse hyni n\u00eb faqen e hyrjes, do t\u00eb krijohet nj\u00eb cookie i p\u00ebrkohsh\u00ebm p\u00ebr t\u00eb verifikuar n\u00ebse shfletuesi juaj pranon cookie-t. Ky cookie nuk p\u00ebrmban t\u00eb dh\u00ebna personale dhe fshihet me mbylljen e shfletuesit tuaj.<\/p>\r\n<p>Sapo t\u00eb hyni, do t\u00eb vendosim disa cookie p\u00ebr t\u00eb ruajtur informacionet tuaja t\u00eb hyrjes dhe zgjedhjet tuaja t\u00eb shfaqjes n\u00eb ekran. Cookie-t e hyrjes zgjasin dy dit\u00eb dhe cookie-t e opsioneve t\u00eb ekranit zgjasin nj\u00eb vit. N\u00ebse zgjidhni &#8220;M\u00eb kujto&#8221;, hyrja juaj do t\u00eb ruhet p\u00ebr dy jav\u00eb. N\u00ebse dilni nga llogaria juaj, cookie-t e hyrjes do t\u00eb hiqen.<\/p>\r\n<p><strong>P\u00ebrmbajtje e Integruar nga Faqe t\u00eb Tjera<\/strong><\/p>\r\n<p>Artikujt n\u00eb Alma Credit mund t\u00eb p\u00ebrmbajn\u00eb p\u00ebrmbajtje t\u00eb integruar (p.sh., video, imazhe, artikuj, etj.). P\u00ebrmbajtja e integruar nga faqe t\u00eb tjera sillen n\u00eb t\u00eb nj\u00ebjt\u00ebn m\u00ebnyr\u00eb sikur vizitori t\u00eb kishte vizituar faqen tjet\u00ebr.<\/p>\r\n<p>K\u00ebto faqe mund t\u00eb mbledhin t\u00eb dh\u00ebna p\u00ebr ju, t\u00eb p\u00ebrdorin cookie-t, t\u00eb integrojn\u00eb mjete shtes\u00eb ndjekjeje dhe t\u00eb monitorojn\u00eb nd\u00ebrveprimet tuaja me k\u00ebt\u00eb p\u00ebrmbajtje t\u00eb integruar, duke p\u00ebrfshir\u00eb ndjekjen e nd\u00ebrveprimeve tuaja me p\u00ebrmbajtjen e integruar n\u00ebse keni nj\u00eb llogari dhe jeni t\u00eb lidhur me k\u00ebt\u00eb faqe.<\/p>\r\n<p><strong>P\u00ebrdorimi dhe Transmetimi i t\u00eb Dh\u00ebnave tuaja Personale<\/strong><\/p>\r\n<p>N\u00ebse k\u00ebrkoni nj\u00eb rivendosje t\u00eb fjal\u00ebkalimit n\u00eb Alma Credit, adresa juaj IP do t\u00eb p\u00ebrfshihet n\u00eb emailin e rivendosjes.<\/p>\r\n<p><strong>Koh\u00ebzgjatja e Ruajtjes s\u00eb t\u00eb Dh\u00ebnave tuaja<\/strong><\/p>\r\n<p>P\u00ebr p\u00ebrdoruesit q\u00eb regjistrohen n\u00eb faqen ton\u00eb t\u00eb Alma Credit, ne gjithashtu ruajm\u00eb informacionet personale q\u00eb ata ofrojn\u00eb n\u00eb profilin e tyre t\u00eb p\u00ebrdoruesit. T\u00eb gjith\u00eb p\u00ebrdoruesit mund t\u00eb shikojn\u00eb, redaktojn\u00eb ose fshijn\u00eb informacionet e tyre personale n\u00eb \u00e7do koh\u00eb (p\u00ebrve\u00e7 q\u00eb nuk mund t\u00eb ndryshojn\u00eb emrin e tyre t\u00eb p\u00ebrdoruesit). Administrator\u00ebt e faqes mund t\u00eb shikojn\u00eb dhe t\u00eb redaktojn\u00eb k\u00ebto informacione.<\/p>\r\n<p><strong>T\u00eb Drejtat tuaja mbi t\u00eb Dh\u00ebnat tuaja<\/strong><\/p>\r\n<p>N\u00ebse keni nj\u00eb llogari n\u00eb Alma Credit, ose keni l\u00ebn\u00eb komente, mund t\u00eb k\u00ebrkoni t\u00eb merrni nj\u00eb skedar t\u00eb eksportuar t\u00eb t\u00eb dh\u00ebnave personale q\u00eb ne mbajm\u00eb p\u00ebr ju, duke p\u00ebrfshir\u00eb \u00e7do t\u00eb dh\u00ebn\u00eb q\u00eb na keni dh\u00ebn\u00eb. Gjithashtu mund t\u00eb k\u00ebrkoni fshirjen e t\u00eb gjitha t\u00eb dh\u00ebnave tuaja personale q\u00eb ne mbajm\u00eb p\u00ebr ju. Kjo nuk p\u00ebrfshin t\u00eb dh\u00ebnat q\u00eb ne jemi t\u00eb detyruar t\u00eb mbajm\u00eb p\u00ebr q\u00ebllime administrative, ligjore ose t\u00eb siguris\u00eb.<\/p>\r\n<p><strong>Transmetimi i t\u00eb Dh\u00ebnave tuaja<\/strong><\/p>\r\n<p>Komentet e vizitor\u00ebve mund t\u00eb kontrollohen p\u00ebrmes nj\u00eb sh\u00ebrbimi automatik t\u00eb detektimit t\u00eb spamit.<\/p>\r\n","protected":false},"excerpt":{"rendered":"<p>&nbsp; Kush jemi ne? Adresa e faqes son\u00eb t\u00eb internetit \u00ebsht\u00eb: https:\/\/almacredit.ch. Komentet Kur lini nj\u00eb koment n\u00eb faqen ton\u00eb t\u00eb internetit Alma Credit, informacionet e shkruara n\u00eb formularin e komentit, si dhe adresa juaj IP dhe agjenti i p\u00ebrdoruesit t\u00eb shfletuesit tuaj, mbledhen p\u00ebr t\u00eb na ndihmuar n\u00eb zbulimin e komenteve t\u00eb pad\u00ebshiruara. Nj\u00eb [&hellip;]<\/p>\n","protected":false},"author":1,"featured_media":0,"parent":0,"menu_order":0,"comment_status":"closed","ping_status":"closed","template":"","meta":{"_coblocks_attr":"","_coblocks_dimensions":"","_coblocks_responsive_height":"","_coblocks_accordion_ie_support":"","om_disable_all_campaigns":false,"_monsterinsights_skip_tracking":false,"_monsterinsights_sitenote_active":false,"_monsterinsights_sitenote_note":"","_monsterinsights_sitenote_category":0,"footnotes":""},"class_list":["post-3669","page","type-page","status-publish","hentry"],"aioseo_notices":[],"_links":{"self":[{"href":"https:\/\/almacredit.ch\/sq\/wp-json\/wp\/v2\/pages\/3669","targetHints":{"allow":["GET"]}}],"collection":[{"href":"https:\/\/almacredit.ch\/sq\/wp-json\/wp\/v2\/pages"}],"about":[{"href":"https:\/\/almacredit.ch\/sq\/wp-json\/wp\/v2\/types\/page"}],"author":[{"embeddable":true,"href":"https:\/\/almacredit.ch\/sq\/wp-json\/wp\/v2\/users\/1"}],"replies":[{"embeddable":true,"href":"https:\/\/almacredit.ch\/sq\/wp-json\/wp\/v2\/comments?post=3669"}],"version-history":[{"count":4,"href":"https:\/\/almacredit.ch\/sq\/wp-json\/wp\/v2\/pages\/3669\/revisions"}],"predecessor-version":[{"id":3735,"href":"https:\/\/almacredit.ch\/sq\/wp-json\/wp\/v2\/pages\/3669\/revisions\/3735"}],"wp:attachment":[{"href":"https:\/\/almacredit.ch\/sq\/wp-json\/wp\/v2\/media?parent=3669"}],"curies":[{"name":"wp","href":"https:\/\/api.w.org\/{rel}","templated":true}]}}