{"id":3342,"date":"2023-08-29T09:22:34","date_gmt":"2023-08-29T08:22:34","guid":{"rendered":"https:\/\/almacredit.ch\/impressum\/"},"modified":"2023-12-01T11:33:14","modified_gmt":"2023-12-01T10:33:14","slug":"impressum","status":"publish","type":"page","link":"https:\/\/almacredit.ch\/sq\/impressum\/","title":{"rendered":"IMPRESSUM"},"content":{"rendered":"\r\n<h2 class=\"wp-block-heading\">Kushtet Ligjore dhe Informacionet e R\u00ebnd\u00ebsishme t\u00eb Alma Credit<\/h2>\r\n<h5>Pranimi i Kushteve<\/h5>\r\n<p>Duke hyr\u00eb dhe duke p\u00ebrdorur faqen e internetit t\u00eb Alma Credit, duke p\u00ebrfshir\u00eb t\u00eb gjitha faqet e lidhura dhe t\u00eb lidhura, ju konfirmoni se keni lexuar, kuptuar dhe pranuar k\u00ebto kushte ligjore dhe informacione juridike. N\u00ebse nuk jeni dakord me k\u00ebto kushte, ju lutemi mos p\u00ebrdorni k\u00ebt\u00eb faqe.<\/p>\r\n<h5>Pron\u00ebsia Intelektuale<\/h5>\r\n<p>T\u00eb gjitha elementet n\u00eb k\u00ebt\u00eb faqe, duke p\u00ebrfshir\u00eb tekstet, imazhet, markat, logot dhe \u00e7do material tjet\u00ebr, jan\u00eb pron\u00eb e ekskluzive e Alma Credit dhe jan\u00eb t\u00eb mbrojtura nga ligjet mbi pron\u00ebsin\u00eb intelektuale. \u00c7do p\u00ebrdorim, riprodhim ose shp\u00ebrndarje e k\u00ebtyre elementeve \u00ebsht\u00eb striktisht e ndaluar pa leje t\u00eb shkruar paraprake nga Alma Credit.<\/p>\r\n<h5>P\u00ebrdorimi i Cookies<\/h5>\r\n<p>Kjo faqe p\u00ebrdor cookies p\u00ebr t\u00eb p\u00ebrmir\u00ebsuar p\u00ebrvoj\u00ebn tuaj t\u00eb p\u00ebrdoruesit. Duke vazhduar t\u00eb shfletoni n\u00eb k\u00ebt\u00eb faqe, ju pranoni p\u00ebrdorimin e k\u00ebtyre cookies. Ju mund t\u00eb konfiguroni shfletuesin tuaj p\u00ebr t\u00eb refuzuar cookies, por kjo mund t\u00eb ndikoj\u00eb n\u00eb funksionimin e disa pjes\u00ebve t\u00eb faqes.<\/p>\r\n<h5>Konfidencialiteti dhe P\u00ebrdorimi i Google Analytics<\/h5>\r\n<p>Kjo faqe p\u00ebrdor Google Analytics p\u00ebr t\u00eb mbledhur t\u00eb dh\u00ebna mbi p\u00ebrdorimin e faqes. Informacionet e gjeneruara nga cookies, si\u00e7 \u00ebsht\u00eb adresa juaj IP, transferohen dhe ruhen nga Google. K\u00ebto informacione p\u00ebrdoren p\u00ebr t\u00eb vler\u00ebsuar p\u00ebrdorimin tuaj t\u00eb faqes dhe p\u00ebr t\u00eb ofruar sh\u00ebrbime t\u00eb tjera t\u00eb lidhura me aktivitetin e faqes dhe p\u00ebrdorimin e internetit.<\/p>\r\n<h5>Komunikimi me E-mail<\/h5>\r\n<p>Duke ofruar adres\u00ebn tuaj t\u00eb emailit n\u00eb k\u00ebt\u00eb faqe, ju pranoni q\u00eb Alma Credit t\u00eb mund t\u00eb ju kontaktoj\u00eb me email. Vini re se komunikimi me email mund t\u00eb mos jet\u00eb i sigurt dhe konfidencialiteti i informacionit t\u00eb d\u00ebrguar nuk mund t\u00eb garantohet.<\/p>\r\n<h5>Natyra e Informacionit<\/h5>\r\n<p>Informacionet e paraqitura n\u00eb faqen e internetit t\u00eb Alma Credit nuk p\u00ebrb\u00ebjn\u00eb nj\u00eb ofert\u00eb p\u00ebr sh\u00ebrbime ose produkte dhe nuk duhet t\u00eb interpretohen si t\u00eb tilla. K\u00ebto informacione ofrohen vet\u00ebm p\u00ebr q\u00ebllime informative.<\/p>\r\n<h5>Audienca e Synuar dhe Kufijt\u00eb Gjeografik\u00eb<\/h5>\r\n<p>Kjo faqe \u00ebsht\u00eb kryesisht p\u00ebr banor\u00ebt e Zvicr\u00ebs dhe t\u00eb Lihtenshtajnit. Sh\u00ebrbimet dhe produktet e prezantuara jan\u00eb t\u00eb destinuara p\u00ebr individ\u00ebt dhe entitetet q\u00eb jetojn\u00eb ose jan\u00eb t\u00eb vendosura n\u00eb k\u00ebto vende.<\/p>\r\n<h5>P\u00ebrjashtimi i Garancis\u00eb dhe P\u00ebrgjegj\u00ebsis\u00eb<\/h5>\r\n<p>Alma Credit nuk ofron asnj\u00eb garanci p\u00ebr sakt\u00ebsin\u00eb, besueshm\u00ebrin\u00eb ose plot\u00ebsin\u00eb e informacioneve t\u00eb ofruara n\u00eb k\u00ebt\u00eb faqe. Gjithashtu, Alma Credit mohon \u00e7do p\u00ebrgjegj\u00ebsi p\u00ebr d\u00ebmet q\u00eb rrjedhin nga p\u00ebrdorimi i k\u00ebtyre informacioneve, p\u00ebrve\u00e7 n\u00eb rastet e neglizhenc\u00ebs s\u00eb r\u00ebnd\u00eb ose t\u00eb gabimit t\u00eb q\u00ebllimsh\u00ebm.<\/p>\r\n<h5>Lidhjet e Jashtme<\/h5>\r\n<p>Kjo faqe mund t\u00eb p\u00ebrmbaj\u00eb lidhje me faqe t\u00eb treta. K\u00ebto lidhje ofrohen p\u00ebr rehatin\u00eb tuaj, por Alma Credit nuk \u00ebsht\u00eb p\u00ebrgjegj\u00ebse p\u00ebr p\u00ebrmbajtjen ose besueshm\u00ebrin\u00eb e k\u00ebtyre faqeve t\u00eb jashtme.<\/p>\r\n<h5>Kontaktimi dhe P\u00ebrdorimi i t\u00eb Dh\u00ebnave Personale<\/h5>\r\n<p>Duke kontaktuar Alma Credit, ju pranoni q\u00eb ne t\u00eb p\u00ebrdorim t\u00eb dh\u00ebnat tuaja personale p\u00ebr t&#8217;ju ofruar informacione mbi produktet dhe sh\u00ebrbimet tona. T\u00eb dh\u00ebnat tuaja do t\u00eb trajtohen me konfidencialitet dhe nuk do t\u00eb p\u00ebrdoren p\u00ebr q\u00ebllime marketingu pa p\u00eblqimin tuaj.<\/p>\r\n<h5>Trajtimi i K\u00ebrkesave p\u00ebr Kredi<\/h5>\r\n<p>Duke paraqitur nj\u00eb k\u00ebrkes\u00eb p\u00ebr kredi, ju autorizoni Alma Credit t\u00eb ndaj\u00eb informacionet tuaja me banka dhe partner\u00eb financiar\u00eb p\u00ebr vler\u00ebsimin e k\u00ebrkes\u00ebs tuaj. Kjo autorizim p\u00ebrfshin kontrollin e historikut tuaj t\u00eb kreditit.<\/p>\r\n<h5>Juridiksioni dhe Ligji i Zbatuesh\u00ebm<\/h5>\r\n<p>\u00c7do mosmarr\u00ebveshje q\u00eb lidhet me p\u00ebrdorimin e faqes s\u00eb internetit t\u00eb Alma Credit \u00ebsht\u00eb n\u00ebn juridiksionin ekskluziv t\u00eb gjykatave t\u00eb kantonit t\u00eb Vaud, Zvic\u00ebr. Ligji zviceran \u00ebsht\u00eb i zbatuesh\u00ebm p\u00ebr k\u00ebto kushte dhe p\u00ebr \u00e7do mosmarr\u00ebveshje q\u00eb lidhet me to.<\/p>\r\n<h5>Kontakti<\/h5>\r\n<p>Alma Credit, 97a Rue de Lausanne, 1004 Lausanne, Vaud, Zvic\u00ebr Faqja e internetit: <a href=\"https:\/\/www.almacredit.ch\/\" target=\"_new\" rel=\"noopener\">www.almacredit.ch<\/a><\/p>\r\n<pre><strong>Sh\u00ebnim i R\u00ebnd\u00ebsish\u00ebm:<\/strong> Vet\u00ebm versioni n\u00eb gjuh\u00ebn fr\u00ebnge \u00ebsht\u00eb i vlefsh\u00ebm dhe i besuesh\u00ebm p\u00ebrpara drejt\u00ebsis\u00eb.<\/pre>\r\n","protected":false},"excerpt":{"rendered":"<p>Kushtet Ligjore dhe Informacionet e R\u00ebnd\u00ebsishme t\u00eb Alma Credit Pranimi i Kushteve Duke hyr\u00eb dhe duke p\u00ebrdorur faqen e internetit t\u00eb Alma Credit, duke p\u00ebrfshir\u00eb t\u00eb gjitha faqet e lidhura dhe t\u00eb lidhura, ju konfirmoni se keni lexuar, kuptuar dhe pranuar k\u00ebto kushte ligjore dhe informacione juridike. N\u00ebse nuk jeni dakord me k\u00ebto kushte, ju [&hellip;]<\/p>\n","protected":false},"author":1,"featured_media":0,"parent":0,"menu_order":0,"comment_status":"closed","ping_status":"closed","template":"","meta":{"_coblocks_attr":"","_coblocks_dimensions":"","_coblocks_responsive_height":"","_coblocks_accordion_ie_support":"","om_disable_all_campaigns":false,"_monsterinsights_skip_tracking":false,"_monsterinsights_sitenote_active":false,"_monsterinsights_sitenote_note":"","_monsterinsights_sitenote_category":0,"footnotes":""},"class_list":["post-3342","page","type-page","status-publish","hentry"],"aioseo_notices":[],"_links":{"self":[{"href":"https:\/\/almacredit.ch\/sq\/wp-json\/wp\/v2\/pages\/3342","targetHints":{"allow":["GET"]}}],"collection":[{"href":"https:\/\/almacredit.ch\/sq\/wp-json\/wp\/v2\/pages"}],"about":[{"href":"https:\/\/almacredit.ch\/sq\/wp-json\/wp\/v2\/types\/page"}],"author":[{"embeddable":true,"href":"https:\/\/almacredit.ch\/sq\/wp-json\/wp\/v2\/users\/1"}],"replies":[{"embeddable":true,"href":"https:\/\/almacredit.ch\/sq\/wp-json\/wp\/v2\/comments?post=3342"}],"version-history":[{"count":5,"href":"https:\/\/almacredit.ch\/sq\/wp-json\/wp\/v2\/pages\/3342\/revisions"}],"predecessor-version":[{"id":4115,"href":"https:\/\/almacredit.ch\/sq\/wp-json\/wp\/v2\/pages\/3342\/revisions\/4115"}],"wp:attachment":[{"href":"https:\/\/almacredit.ch\/sq\/wp-json\/wp\/v2\/media?parent=3342"}],"curies":[{"name":"wp","href":"https:\/\/api.w.org\/{rel}","templated":true}]}}