{"id":3062,"date":"2023-08-26T12:48:49","date_gmt":"2023-08-26T11:48:49","guid":{"rendered":"https:\/\/almacredit.ch\/?page_id=3062"},"modified":"2023-11-21T16:10:41","modified_gmt":"2023-11-21T15:10:41","slug":"karte-krediti","status":"publish","type":"page","link":"https:\/\/almacredit.ch\/sq\/karte-krediti\/","title":{"rendered":"Kart\u00eb Krediti"},"content":{"rendered":"\r\n<p><style>\r\n        body {\r\n            font-family: 'Arial', sans-serif;\r\n            padding: 20px;\r\n            background-color: #f5f5f5;\r\n            margin: 0;\r\n        }\r\n\r\n        h1, h5 {\r\n            color: #6bb018;\r\n            text-align: left;  \/* Titres align\u00e9s \u00e0 gauche *\/\r\n        }\r\n\r\n        p {\r\n            color: #555;\r\n            text-align: justify;  \/* Texte justifi\u00e9 *\/\r\n            width: 100%;\r\n        }\r\n\r\n        .contactinfo-item {\r\n            background-color: #ffffff;\r\n            border: 1px solid #e0e0e0;\r\n            padding: 30px;\r\n            margin-bottom: 20px;\r\n            border-radius: 15px;\r\n            box-shadow: 0px 5px 10px rgba(0, 0, 0, 0.1);\r\n        }\r\n\r\n        .contactinfo-head {\r\n            display: flex;\r\n            align-items: center;\r\n        }\r\n\r\n        .contactinfo-icon {\r\n            margin-right: 15px;\r\n            position: relative;\r\n            animation: spin 2s linear infinite;\r\n        }\r\n\r\n        h5 {\r\n            display: inline;  \/* Titre sur la m\u00eame ligne *\/\r\n        }\r\n\r\n        @keyframes spin {\r\n            0% { transform: rotate(0deg); }\r\n            100% { transform: rotate(360deg); }\r\n        }\r\n\r\n        .contactinfo-count {\r\n            position: absolute;\r\n            top: 50%;\r\n            left: 50%;\r\n            transform: translate(-50%, -50%);\r\n            font-size: 1.5rem;\r\n        }\r\n    <\/style><\/p>\r\n<h1><strong>10 Arsye p\u00ebr t\u00eb Zgjedhur nj\u00eb Kart\u00eb Krediti Alma<\/strong><\/h1>\r\n<p>\u00cbsht\u00eb shpeshher\u00eb josh\u00ebse t\u00eb zgjidhni opsione q\u00eb duken &#8220;falas&#8221; n\u00eb pamje t\u00eb par\u00eb. Megjithat\u00eb, \u00ebsht\u00eb e r\u00ebnd\u00ebsishme t\u00eb mbani mend se asgj\u00eb nuk \u00ebsht\u00eb v\u00ebrtet falas. N\u00eb Alma, ne besojm\u00eb n\u00eb transparenc\u00eb dhe n\u00eb ofrimin e sh\u00ebrbimeve cil\u00ebsore me nj\u00eb \u00e7mim t\u00eb drejt\u00eb. Ja pse duhet t\u00eb konsideroni zgjedhjen e nj\u00eb karte krediti Alma.<\/p>\r\n<!-- Raison 1 -->\r\n<div class=\"contactinfo-item\">\r\n<div class=\"contactinfo-head\">\r\n<div class=\"contactinfo-icon\">\r\n<div class=\"contactinfo-count\">1\ufe0f\u20e3<\/div>\r\n<\/div>\r\n<h5>Transparenca e Tarifave<\/h5>\r\n<\/div>\r\n<p>N\u00eb Alma, transparenca \u00ebsht\u00eb jetike. Ne nuk aplikojm\u00eb asnj\u00eb tarif\u00eb p\u00ebr hartimin e dosjes, duke garantuar k\u00ebshtu q\u00eb pagesat tuaja mujore t\u00eb mbeten t\u00eb qarta dhe t\u00eb parashikueshme.<\/p>\r\n<\/div>\r\n<!-- Raison 2 --><!-- ... (et ainsi de suite pour les autres raisons) --><!-- Raison 2 -->\r\n<div class=\"contactinfo-item\">\r\n<div class=\"contactinfo-head\">\r\n<div class=\"contactinfo-icon\">\r\n<div class=\"contactinfo-count\">2\ufe0f\u20e3<\/div>\r\n<\/div>\r\n<h5>Fleksibiliteti i Pages\u00ebs<\/h5>\r\n<\/div>\r\n<p>Karta jon\u00eb e kreditit ofron nj\u00eb fleksibilitet t\u00eb madh n\u00eb pages\u00eb, duke ju lejuar t\u00eb menaxhoni financat tuaja m\u00eb leht\u00eb.<\/p>\r\n<\/div>\r\n<!-- Raison 3 -->\r\n<div class=\"contactinfo-item\">\r\n<div class=\"contactinfo-head\">\r\n<div class=\"contactinfo-icon\">\r\n<div class=\"contactinfo-count\">3\ufe0f\u20e3<\/div>\r\n<\/div>\r\n<h5>Siguri e P\u00ebrmir\u00ebsuar<\/h5>\r\n<\/div>\r\n<p>Me masa sigurie t\u00eb avancuara, parat\u00eb dhe informacionet tuaja jan\u00eb gjithmon\u00eb t\u00eb sigurta.<\/p>\r\n<\/div>\r\n<!-- Raison 4 -->\r\n<div class=\"contactinfo-item\">\r\n<div class=\"contactinfo-head\">\r\n<div class=\"contactinfo-icon\">\r\n<div class=\"contactinfo-count\">4\ufe0f\u20e3<\/div>\r\n<\/div>\r\n<h5>Programi i Shp\u00ebrblimeve<\/h5>\r\n<\/div>\r\n<p>P\u00ebrfitoni nga programi yn\u00eb ekskluziv i shp\u00ebrblimeve dhe fitoni pik\u00eb me \u00e7do blerje.<\/p>\r\n<\/div>\r\n<!-- Raison 5 -->\r\n<div class=\"contactinfo-item\">\r\n<div class=\"contactinfo-head\">\r\n<div class=\"contactinfo-icon\">\r\n<div class=\"contactinfo-count\">5\ufe0f\u20e3<\/div>\r\n<\/div>\r\n<h5>Sh\u00ebrbimi i Jasht\u00ebzakonsh\u00ebm i Klientit<\/h5>\r\n<\/div>\r\n<p>Sh\u00ebrbimi yn\u00eb i klientit \u00ebsht\u00eb gjithmon\u00eb aty p\u00ebr t&#8217;ju ndihmuar, 24\/7.<\/p>\r\n<\/div>\r\n<!-- Raison 6 -->\r\n<div class=\"contactinfo-item\">\r\n<div class=\"contactinfo-head\">\r\n<div class=\"contactinfo-icon\">\r\n<div class=\"contactinfo-count\">6\ufe0f\u20e3<\/div>\r\n<\/div>\r\n<h5>Leht\u00ebsia e P\u00ebrdorimit<\/h5>\r\n<\/div>\r\n<p>Me nj\u00eb nd\u00ebrfaqe intuitive t\u00eb p\u00ebrdoruesit, menaxhimi i financave tuaja kurr\u00eb nuk ka qen\u00eb m\u00eb i leht\u00eb.<\/p>\r\n<\/div>\r\n<!-- Raison 7 -->\r\n<div class=\"contactinfo-item\">\r\n<div class=\"contactinfo-head\">\r\n<div class=\"contactinfo-icon\">\r\n<div class=\"contactinfo-count\">7\ufe0f\u20e3<\/div>\r\n<\/div>\r\n<h5>Qasje Globale<\/h5>\r\n<\/div>\r\n<p>P\u00ebrdorni kart\u00ebn tuaj t\u00eb kreditit Alma n\u00eb mbar\u00eb bot\u00ebn pa asnj\u00eb tarif\u00eb shtes\u00eb.<\/p>\r\n<\/div>\r\n<!-- Raison 8 -->\r\n<div class=\"contactinfo-item\">\r\n<div class=\"contactinfo-head\">\r\n<div class=\"contactinfo-icon\">\r\n<div class=\"contactinfo-count\">8\ufe0f\u20e3<\/div>\r\n<\/div>\r\n<h5>Transferta t\u00eb Lehta<\/h5>\r\n<\/div>\r\n<p>Transferoni leht\u00ebsisht para midis llogarive tuaja t\u00eb ndryshme ose ndaj personave t\u00eb tjer\u00eb.<\/p>\r\n<\/div>\r\n<!-- Raison 9 -->\r\n<div class=\"contactinfo-item\">\r\n<div class=\"contactinfo-head\">\r\n<div class=\"contactinfo-icon\">\r\n<div class=\"contactinfo-count\">9\ufe0f\u20e3<\/div>\r\n<\/div>\r\n<h5>Njoftime n\u00eb Koh\u00eb Reale<\/h5>\r\n<\/div>\r\n<p>Merrni njoftime n\u00eb koh\u00eb reale p\u00ebr t\u00eb ndjekur shpenzimet tuaja dhe p\u00ebr t\u00eb menaxhuar buxhetin tuaj.<\/p>\r\n<\/div>\r\n<!-- Raison 10 -->\r\n<div class=\"contactinfo-item\">\r\n<div class=\"contactinfo-head\">\r\n<div class=\"contactinfo-icon\">\r\n<div class=\"contactinfo-count\">\ud83d\udd1f<\/div>\r\n<\/div>\r\n<h5>Transparenc\u00eb Totale<\/h5>\r\n<\/div>\r\n<p>Merrni nj\u00eb p\u00ebrmbledhje mujore t\u00eb detajuar p\u00ebr transparenc\u00eb t\u00eb plot\u00eb mbi shpenzimet tuaja.<\/p>\r\n<\/div>\r\n\r\n\r\n\r\n<p>&nbsp;<\/p>\r\n\r\n\r\n\r\n<p>&nbsp;<\/p>\r\n<p>&nbsp;<\/p>\r\n<p>&nbsp;<\/p>\r\n<p><style>\r\n        body {\r\n            font-family: 'Arial', sans-serif;\r\n            padding: 20px;\r\n            background-color: #f5f5f5;\r\n        }\r\n\r\n        h2, h5, label, input[type=\"text\"], input[type=\"email\"], input[type=\"tel\"], input[type=\"number\"], textarea, select {\r\n            color: #6bb018;\r\n        }\r\n\r\n        .text-green {\r\n            color: #6bb018;\r\n        }\r\n\r\n        .form-control {\r\n            border: none;\r\n            border-bottom: 2px solid #4dc47d;\r\n            outline: none;\r\n            font-size: 24px;\r\n            margin-right: 20px;\r\n            width: 100%;\r\n            padding: 10px;\r\n        }\r\n\r\n        .feature-box {\r\n            margin-bottom: 20px;\r\n        }\r\n\r\n        .btn-border-primary {\r\n            border: 2px solid #6bb018;\r\n            color: #6bb018;\r\n            padding: 10px 20px;\r\n            font-size: 16px;\r\n            cursor: pointer;\r\n            transition: background-color 0.3s ease;\r\n        }\r\n\r\n        .btn-border-primary:hover {\r\n            background-color: #6bb018;\r\n            color: #ffffff;\r\n        }\r\n    <\/style><\/p>\r\n<div class=\"contactinfo-item\">\r\n<p><strong>K\u00ebrkes\u00eb p\u00ebr Kart\u00eb Krediti Alma Cr\u00e9dit<\/strong><\/p>\r\n<p>Plot\u00ebsoni formularin m\u00eb posht\u00eb p\u00ebr t\u00eb k\u00ebrkuar nj\u00eb kart\u00eb krediti.<\/p>\r\n<form id=\"creditCardApplication\"><!-- Informations personnelles -->\r\n<div class=\"feature-box\">\r\n<h6>Informacion Personal<\/h6>\r\n<label for=\"fullName\">Emri i plot\u00eb:<\/label>\u00a0<input id=\"fullName\" class=\"form-control\" required=\"\" type=\"text\" \/> <label for=\"email\">Email :<\/label> <input id=\"email\" class=\"form-control\" required=\"\" type=\"email\" \/> Telefoni<label for=\"phone\">\u00a0:<\/label> <input id=\"phone\" class=\"form-control\" required=\"\" type=\"tel\" \/><\/div>\r\n<!-- Informations financi\u00e8res -->\r\n<div class=\"feature-box\">\r\n<h6>Informacion Financiar<\/h6>\r\n<label for=\"monthlySalary\">Paga mujore (CHF): <\/label>\u00a0<input id=\"monthlySalary\" class=\"form-control\" required=\"\" type=\"number\" \/> Kredit\u00eb aktuale (shuma totale n\u00eb CHF):\u00a0<input id=\"existingCredits\" class=\"form-control\" required=\"\" type=\"number\" \/><\/div>\r\n<!-- Autres informations -->\r\n<div class=\"feature-box\">\r\n<h6>Informacion Tjet\u00ebr<\/h6>\r\n<label for=\"reason\">Arsyeja e k\u00ebrkes\u00ebs p\u00ebr kart\u00ebn: <\/label>\u00a0<textarea id=\"reason\" class=\"form-control\" required=\"\" rows=\"3\"><\/textarea><\/div>\r\n<button class=\"btn btn-border-primary btn-shape\" type=\"submit\">D\u00ebrgoni k\u00ebrkes\u00ebn <\/button><\/form><\/div>\r\n<p><script>\r\n    document.getElementById(\"creditCardApplication\").addEventListener(\"submit\", function(event) {\r\n        event.preventDefault();\r\n        \/\/ Ici, vous pouvez ajouter une logique pour traiter les donn\u00e9es du formulaire, par exemple, les envoyer \u00e0 un serveur.\r\n        alert(\"Demande soumise ! Nous vous contacterons prochainement.\");\r\n    });\r\n<\/script><\/p>\r\n\r\n\r\n\r\n<div class=\"wp-block-columns alignfull has-text-color has-background is-layout-flex wp-container-core-columns-is-layout-9d6595d7 wp-block-columns-is-layout-flex\" style=\"color: #000000; background-color: #ffffff;\">\r\n<div class=\"wp-block-column is-layout-flow wp-block-column-is-layout-flow\">\r\n<h3 class=\"wp-block-heading\" style=\"font-size: 24px; line-height: 1.3;\">(ART.3 LCD)<\/h3>\r\n\r\n\r\n\r\n<p>Dh\u00ebnia e nj\u00eb krediti \u00ebsht\u00eb e ndaluar, n\u00ebse \u00e7on n\u00eb mbingarkes\u00ebn e konsumatorit.<\/p>\r\n<\/div>\r\n\r\n\r\n\r\n<div class=\"wp-block-column is-layout-flow wp-block-column-is-layout-flow\">\r\n<h3 class=\"wp-block-heading\">Shembull llogaritjeje:<\/h3>\r\n\r\n\r\n\r\n<p>Huazim prej CHF 10\u2019000. Nj\u00eb norm\u00eb vjetore efektive e interesit midis 4.5% dhe 10.95% dhe nj\u00eb afat prej 12 muajsh sjell interesa totale midis CHF 240 dhe CHF 574. Afati: 6-120 muaj; Norma maksimale vjetore e interesit (p\u00ebrfshir\u00eb t\u00eb gjitha tarifat e kreditit) 10.95%<\/p>\r\n<\/div>\r\n<\/div>\r\n","protected":false},"excerpt":{"rendered":"<p>10 Arsye p\u00ebr t\u00eb Zgjedhur nj\u00eb Kart\u00eb Krediti Alma \u00cbsht\u00eb shpeshher\u00eb josh\u00ebse t\u00eb zgjidhni opsione q\u00eb duken &#8220;falas&#8221; n\u00eb pamje t\u00eb par\u00eb. Megjithat\u00eb, \u00ebsht\u00eb e r\u00ebnd\u00ebsishme t\u00eb mbani mend se asgj\u00eb nuk \u00ebsht\u00eb v\u00ebrtet falas. N\u00eb Alma, ne besojm\u00eb n\u00eb transparenc\u00eb dhe n\u00eb ofrimin e sh\u00ebrbimeve cil\u00ebsore me nj\u00eb \u00e7mim t\u00eb drejt\u00eb. Ja pse duhet [&hellip;]<\/p>\n","protected":false},"author":1,"featured_media":0,"parent":0,"menu_order":0,"comment_status":"closed","ping_status":"closed","template":"","meta":{"_coblocks_attr":"","_coblocks_dimensions":"","_coblocks_responsive_height":"","_coblocks_accordion_ie_support":"","om_disable_all_campaigns":false,"_monsterinsights_skip_tracking":false,"_monsterinsights_sitenote_active":false,"_monsterinsights_sitenote_note":"","_monsterinsights_sitenote_category":0,"footnotes":""},"class_list":["post-3062","page","type-page","status-publish","hentry"],"aioseo_notices":[],"_links":{"self":[{"href":"https:\/\/almacredit.ch\/sq\/wp-json\/wp\/v2\/pages\/3062","targetHints":{"allow":["GET"]}}],"collection":[{"href":"https:\/\/almacredit.ch\/sq\/wp-json\/wp\/v2\/pages"}],"about":[{"href":"https:\/\/almacredit.ch\/sq\/wp-json\/wp\/v2\/types\/page"}],"author":[{"embeddable":true,"href":"https:\/\/almacredit.ch\/sq\/wp-json\/wp\/v2\/users\/1"}],"replies":[{"embeddable":true,"href":"https:\/\/almacredit.ch\/sq\/wp-json\/wp\/v2\/comments?post=3062"}],"version-history":[{"count":7,"href":"https:\/\/almacredit.ch\/sq\/wp-json\/wp\/v2\/pages\/3062\/revisions"}],"predecessor-version":[{"id":3338,"href":"https:\/\/almacredit.ch\/sq\/wp-json\/wp\/v2\/pages\/3062\/revisions\/3338"}],"wp:attachment":[{"href":"https:\/\/almacredit.ch\/sq\/wp-json\/wp\/v2\/media?parent=3062"}],"curies":[{"name":"wp","href":"https:\/\/api.w.org\/{rel}","templated":true}]}}