{"id":2904,"date":"2023-08-26T09:16:14","date_gmt":"2023-08-26T08:16:14","guid":{"rendered":"https:\/\/almacredit.ch\/?page_id=2904"},"modified":"2024-01-11T17:56:31","modified_gmt":"2024-01-11T16:56:31","slug":"kredi-private","status":"publish","type":"page","link":"https:\/\/almacredit.ch\/sq\/kredi-private\/","title":{"rendered":"Kredi Private"},"content":{"rendered":"\r\n<h2 style=\"font-size: 50px;\"><strong>Zgjidhja Juaj p\u00ebr Kredi Private<\/strong>, <strong>thjesht<\/strong><\/h2>\r\n<div class=\"wp-block-columns\">\r\n<div class=\"wp-block-column\" style=\"flex-basis: 66.66%;\">\r\n\r\n\r\n<h3>Tek ALMA CREDIT, ne e b\u00ebjm\u00eb kredin\u00eb private t\u00eb thjesht\u00eb dhe t\u00eb shpejt\u00eb.<\/h3>\r\n<\/div>\r\n<!-- \/wp:post-content --><\/div>\r\n<!-- \/wp:columns -->\r\n\r\n<!-- wp:html -->\r\n<p><style>\r\n        body {\r\n            font-family: 'Arial', sans-serif;\r\n            padding: 20px;\r\n            background-color: #f5f5f5;\r\n        }\r\n\r\n        h2, h5, #monthlyPayment, input[type=\"text\"], select {\r\n            color: #6bb018;\r\n        }\r\n\r\n        #monthlyPayment {\r\n            font-size: 40px;\r\n            font-weight: bold;\r\n            margin-top: 20px;\r\n        }\r\n\r\n        input, select {\r\n            border: none;\r\n            border-bottom: 2px solid #4dc47d;\r\n            outline: none;\r\n            font-size: 24px;\r\n            margin-right: 20px;\r\n        }\r\n\r\n        label {\r\n            font-weight: bold;\r\n            margin-right: 10px;\r\n        }\r\n\r\n        .credit-container {\r\n            background-color: #ffffff;\r\n            border: 1px solid #e0e0e0;\r\n            padding: 30px;\r\n            margin-bottom: 20px;\r\n            border-radius: 15px;\r\n            box-shadow: 0px 5px 10px rgba(0, 0, 0, 0.1);\r\n        }\r\n\r\n        .text-yellow {\r\n            color: yellow;\r\n        }\r\n    <\/style><script>\r\n        function formatCHF(amount) {\r\n            return new Intl.NumberFormat('fr-CH').format(amount);\r\n        }\r\n\r\n        function calculateMonthlyPayment(amount, months) {\r\n            const interestRate = 0.045;\r\n            const monthlyRate = interestRate \/ 12;\r\n            return (amount * monthlyRate) \/ (1 - Math.pow(1 + monthlyRate, -months));\r\n        }\r\n\r\n        function updateMonthlyPayment() {\r\n            let amount = parseInt(document.getElementById(\"amount\").value.replace(\/'\/g, \"\").replace(\/CHF \/g, \"\"));\r\n            let period = parseInt(document.getElementById(\"period\").value);\r\n            let monthlyPayment = calculateMonthlyPayment(amount, period).toFixed(2);\r\n            document.getElementById(\"monthlyPayment\").innerText = \"CHF \" + formatCHF(monthlyPayment);\r\n        }\r\n    <\/script><\/p>\r\n<h2 class=\"credit-container\">Sa para ju nevojiten?<label for=\"amount\">Shuma e d\u00ebshiruar (CHF):<\/label> <input id=\"amount\" type=\"text\" value=\"20'000\" \/> <label for=\"period\">Koh\u00ebzgjatja (muaj):<\/label><select id=\"period\" onchange=\"updateMonthlyPayment()\">\r\n<option value=\"12\">12 muaj<\/option>\r\n<option value=\"24\">24 muaj<\/option>\r\n<option value=\"36\">36 muaj<\/option>\r\n<option value=\"48\">48 muaj<\/option>\r\n<option value=\"60\">60 muaj<\/option>\r\n<option value=\"72\">72 muaj<\/option>\r\n<option value=\"84\">84 muaj<\/option>\r\n<option value=\"96\">96 muaj<\/option>\r\n<option value=\"108\">108 muaj<\/option>\r\n<option value=\"120\">120 muaj<\/option>\r\n<\/select><\/h2>\r\n<p id=\"monthlyPayment\">CHF 206.45<\/p>\r\n<h2 class=\"credit-container\"><button style=\"background-color: #6bb018; color: white; padding: 10px 20px; border: none; border-radius: 5px; cursor: pointer;\">K\u00cbRKO KREDI<\/button><\/h2>\r\n<!-- \/wp:html -->\r\n<pre>K\u00ebrkesa juaj \u00ebsht\u00eb falas dhe oferta jon\u00eb \u00ebsht\u00eb pa angazhim.<\/pre>\r\n<h1>Kushtet:<\/h1>\r\n<ul>\r\n<li>Shuma e kredis\u00eb mund t\u00eb varioj\u00eb nga CHF 3,000 n\u00eb CHF 400,000.<\/li>\r\n<li>Koh\u00ebzgjatja e kredis\u00eb mund t\u00eb jet\u00eb nga 6 deri n\u00eb 120 muaj.<\/li>\r\n<li>Duhet t\u00eb keni aktivitete fitimprur\u00ebse n\u00eb Zvic\u00ebr.<\/li>\r\n<li>T\u00eb ardhurat neto &gt; CHF 2,800.<\/li>\r\n<li>T\u00eb keni nj\u00eb banes\u00eb t\u00eb q\u00ebndrueshme n\u00eb Zvic\u00ebr.<\/li>\r\n<li>T\u00eb jeni t\u00eb pakt\u00ebn 18 vje\u00e7.<\/li>\r\n<li>T\u00eb zot\u00ebroni n\u00ebnshtet\u00ebsin\u00eb zvicerane, nj\u00eb leje q\u00ebndrimi C ose nj\u00eb leje q\u00ebndrimi B.<\/li>\r\n<li>N\u00ebse zot\u00ebroni nj\u00eb pron\u00eb, p\u00ebrfitoni nga norma m\u00eb t\u00eb ul\u00ebta interesi. Duhet t\u00eb jeni pronar i vet\u00ebm ose bashk\u00ebpronar i nj\u00eb pron\u00eb n\u00eb Zvic\u00ebr p\u00ebr t\u00eb pakt\u00ebn 6 muaj (t\u00eb regjistruar n\u00eb regjistrin e pronave).<\/li>\r\n<\/ul>\r\n<p><style>\r\n        h1, h2 {\r\n            color: #033d1e;\r\n        }\r\n    <\/style><\/p>\r\n<h2>Kredi Private n\u00eb Alma Cr\u00e9dit<\/h2>\r\n<p><strong>Merrni Financim t\u00eb Personalizuar, t\u00eb Shpejt\u00eb dhe t\u00eb Sigurt<\/strong><\/p>\r\n<p>N\u00eb Alma Cr\u00e9dit, ne kuptojm\u00eb se \u00e7do individ ka nevoja unike. Prandaj ofrojm\u00eb zgjidhje t\u00eb kredis\u00eb private t\u00eb p\u00ebrshtatura p\u00ebr nj\u00eb larmi nevojash, q\u00eb nga financimi i blerjeve t\u00eb r\u00ebnd\u00ebsishme deri n\u00eb p\u00ebrmir\u00ebsimin e likuiditetit tuaj.<\/p>\r\n<h2>Karakteristikat e Ofert\u00ebs Son\u00eb t\u00eb Kredis\u00eb Private:<\/h2>\r\n<ul>\r\n<li><strong>Fleksibilitet:<\/strong> Nuk k\u00ebrkohet t\u00eb justifikohet p\u00ebrdorimi i shum\u00ebs s\u00eb huazuar.<\/li>\r\n<li><strong>Shuma dhe Koh\u00ebzgjatja:<\/strong> Zgjidhni shum\u00ebn e nevojshme dhe afatin e kthimit sipas mund\u00ebsive tuaja.<\/li>\r\n<li><strong>Norma t\u00eb Favorshme t\u00eb Interesit:<\/strong> P\u00ebrfitoni nga normat konkurruese fal\u00eb partneriteteve tona t\u00eb forta.<\/li>\r\n<li><strong>P\u00ebrgjigje e Shpejt\u00eb:<\/strong> Konsulent\u00ebt tan\u00eb p\u00ebrpunojn\u00eb k\u00ebrkes\u00ebn tuaj brenda 24 or\u00ebve.<\/li>\r\n<li><strong>Thjesht\u00ebsi:<\/strong> P\u00ebrfitoni nga nj\u00eb proces i thjesht\u00eb online pa burokraci t\u00eb tep\u00ebrt.<\/li>\r\n<li><strong>K\u00ebshilla e Personalizuar:<\/strong> Ekspert\u00ebt tan\u00eb jan\u00eb n\u00eb dispozicionin tuaj p\u00ebr t&#8217;ju udh\u00ebzuar dhe p\u00ebr t\u00eb p\u00ebrgjigjur t\u00eb gjitha pyetjeve tuaja.<\/li>\r\n<\/ul>\r\n<p><strong>Pse t\u00eb Zgjidhni Alma Cr\u00e9dit p\u00ebr Kredin\u00eb Tuaj Private?<\/strong><\/p>\r\n<p>N\u00eb Alma Cr\u00e9dit, ne vler\u00ebsojm\u00eb marr\u00ebdh\u00ebnien e besimit me klient\u00ebt tan\u00eb. Ekipi yn\u00eb i konsulent\u00ebve, i njohur p\u00ebr ekspertiz\u00ebn e tij, siguron q\u00eb ju t\u00eb p\u00ebrfitoni nga kushte transparente dhe t\u00eb p\u00ebrshtatura p\u00ebr situat\u00ebn tuaj financiare. Ne jemi t\u00eb p\u00ebrkushtuar t\u00eb ju ofrojm\u00eb nj\u00eb p\u00ebrvoj\u00eb t\u00eb qet\u00eb dhe t\u00eb favorshme, duke ju lejuar t\u00eb realizoni projektet tuaja pa shqet\u00ebsime.<\/p>\r\n<p><strong>Filloni K\u00ebrkes\u00ebn Tuaj Sot<\/strong><\/p>\r\n<p>Leht\u00ebsoni nevojat tuaja financiare me Alma Cr\u00e9dit. Filloni k\u00ebrkes\u00ebn tuaj online dhe merrni nj\u00eb p\u00ebrgjigje t\u00eb shpejt\u00eb p\u00ebr t\u00eb ecur p\u00ebrpara n\u00eb projektet tuaja me besim.<\/p>\r\n<p><img decoding=\"async\" class=\"wp-image-2931 size-full\" src=\"https:\/\/almacredit.ch\/wp-content\/uploads\/2023\/11\/4.png\" alt=\"\" width=\"1664\" height=\"1248\" srcset=\"https:\/\/almacredit.ch\/wp-content\/uploads\/2023\/11\/4.png 1664w, https:\/\/almacredit.ch\/wp-content\/uploads\/2023\/11\/4-300x225.png 300w, https:\/\/almacredit.ch\/wp-content\/uploads\/2023\/11\/4-1024x768.png 1024w, https:\/\/almacredit.ch\/wp-content\/uploads\/2023\/11\/4-768x576.png 768w, https:\/\/almacredit.ch\/wp-content\/uploads\/2023\/11\/4-1536x1152.png 1536w\" sizes=\"(max-width: 1664px) 100vw, 1664px\" \/><\/p>\r\n<p>&nbsp;<\/p>","protected":false},"excerpt":{"rendered":"<p>Zgjidhja Juaj p\u00ebr Kredi Private, thjesht Tek ALMA CREDIT, ne e b\u00ebjm\u00eb kredin\u00eb private t\u00eb thjesht\u00eb dhe t\u00eb shpejt\u00eb. Sa para ju nevojiten?Shuma e d\u00ebshiruar (CHF): Koh\u00ebzgjatja (muaj):12 muaj24 muaj36 muaj48 muaj60 muaj72 muaj84 muaj96 muaj108 muaj120 muaj CHF 206.45 K\u00cbRKO KREDI K\u00ebrkesa juaj \u00ebsht\u00eb falas dhe oferta jon\u00eb \u00ebsht\u00eb pa angazhim. Kushtet: Shuma e [&hellip;]<\/p>\n","protected":false},"author":1,"featured_media":0,"parent":0,"menu_order":0,"comment_status":"closed","ping_status":"closed","template":"templates\/template-page-full-width.php","meta":{"_coblocks_attr":"","_coblocks_dimensions":"","_coblocks_responsive_height":"","_coblocks_accordion_ie_support":"","om_disable_all_campaigns":false,"_monsterinsights_skip_tracking":false,"_monsterinsights_sitenote_active":false,"_monsterinsights_sitenote_note":"","_monsterinsights_sitenote_category":0,"footnotes":""},"class_list":["post-2904","page","type-page","status-publish","hentry"],"aioseo_notices":[],"_links":{"self":[{"href":"https:\/\/almacredit.ch\/sq\/wp-json\/wp\/v2\/pages\/2904","targetHints":{"allow":["GET"]}}],"collection":[{"href":"https:\/\/almacredit.ch\/sq\/wp-json\/wp\/v2\/pages"}],"about":[{"href":"https:\/\/almacredit.ch\/sq\/wp-json\/wp\/v2\/types\/page"}],"author":[{"embeddable":true,"href":"https:\/\/almacredit.ch\/sq\/wp-json\/wp\/v2\/users\/1"}],"replies":[{"embeddable":true,"href":"https:\/\/almacredit.ch\/sq\/wp-json\/wp\/v2\/comments?post=2904"}],"version-history":[{"count":35,"href":"https:\/\/almacredit.ch\/sq\/wp-json\/wp\/v2\/pages\/2904\/revisions"}],"predecessor-version":[{"id":4414,"href":"https:\/\/almacredit.ch\/sq\/wp-json\/wp\/v2\/pages\/2904\/revisions\/4414"}],"wp:attachment":[{"href":"https:\/\/almacredit.ch\/sq\/wp-json\/wp\/v2\/media?parent=2904"}],"curies":[{"name":"wp","href":"https:\/\/api.w.org\/{rel}","templated":true}]}}