{"id":2380,"date":"2023-08-27T12:27:00","date_gmt":"2023-08-27T11:27:00","guid":{"rendered":"https:\/\/almacredit.ch\/avantages\/"},"modified":"2023-11-14T17:19:04","modified_gmt":"2023-11-14T16:19:04","slug":"avantages","status":"publish","type":"page","link":"https:\/\/almacredit.ch\/sq\/rreth-nesh\/avantages\/","title":{"rendered":"P\u00ebrfitime"},"content":{"rendered":"\r\n<p>&nbsp;<\/p>\r\n<p>&nbsp;<\/p>\r\n<p>&nbsp;<\/p>\r\n<p><style>\r\n        body {\r\n            font-family: 'Arial', sans-serif;\r\n            padding: 20px;\r\n            background-color: #f5f5f5;\r\n            margin: 0;\r\n        }\r\n\r\n        h5 {\r\n            color: #6bb018;\r\n            white-space: nowrap;\r\n        }\r\n\r\n        p {\r\n            color: #555;\r\n            text-align: justify;\r\n        }\r\n\r\n        .contactinfo-item {\r\n            background-color: #ffffff;\r\n            border: 1px solid #e0e0e0;\r\n            padding: 30px;\r\n            margin-bottom: 20px;\r\n            border-radius: 15px;\r\n            box-shadow: 0px 5px 10px rgba(0, 0, 0, 0.1);\r\n            width: 100%;\r\n        }\r\n\r\n        .contactinfo-head {\r\n            display: flex;\r\n            align-items: center;\r\n        }\r\n\r\n        .contactinfo-icon {\r\n            margin-right: 15px;\r\n            position: relative;\r\n            animation: spin 2s linear infinite;\r\n        }\r\n\r\n        @keyframes spin {\r\n            0% { transform: rotate(0deg); }\r\n            100% { transform: rotate(360deg); }\r\n        }\r\n\r\n        .contactinfo-count {\r\n            position: absolute;\r\n            top: 50%;\r\n            left: 50%;\r\n            transform: translate(-50%, -50%);\r\n            font-size: 1.5rem;\r\n        }\r\n    <\/style><\/p>\r\n<div class=\"contactinfo-item\">\r\n<div class=\"contactinfo-head\">\r\n<div class=\"contactinfo-icon\">\r\n<div class=\"contactinfo-count\">\ud83d\udcbc<\/div>\r\n<\/div>\r\n<h5>Asnj\u00eb Tarif\u00eb e Fshehur<\/h5>\r\n<\/div>\r\n<p>N\u00eb Alma Credit, transparenca \u00ebsht\u00eb thelb\u00ebsore. Ne nuk vendosim asnj\u00eb tarif\u00eb p\u00ebr p\u00ebrpunimin e dosjes, duke garantuar k\u00ebshtu q\u00eb pagesat tuaja t\u00eb jen\u00eb t\u00eb qarta dhe t\u00eb parashikueshme.<\/p>\r\n<\/div>\r\n<div class=\"contactinfo-item\">\r\n<div class=\"contactinfo-head\">\r\n<div class=\"contactinfo-icon\">\r\n<div class=\"contactinfo-count\">\ud83d\udd12<\/div>\r\n<\/div>\r\n<h5>Konfidencialitet i Siguruar<\/h5>\r\n<\/div>\r\n<p>N\u00eb Alma Credit, ju nuk keni nevoj\u00eb t\u00eb zbuloni arsyet e kredis\u00eb suaj. Privat\u00ebsia juaj respektohet n\u00eb \u00e7do hap t\u00eb k\u00ebrkes\u00ebs suaj.<\/p>\r\n<\/div>\r\n<div class=\"contactinfo-item\">\r\n<div class=\"contactinfo-head\">\r\n<div class=\"contactinfo-icon\">\r\n<div class=\"contactinfo-count\">\ud83d\udcb8<\/div>\r\n<\/div>\r\n<h5>Optimizim Fiskal<\/h5>\r\n<\/div>\r\n<p>Interesat e kredis\u00eb suaj n\u00eb Alma Credit mund t\u00eb jen\u00eb t\u00eb zbritshme nga taksat tuaja, duke ju lejuar t\u00eb kurseni.<\/p>\r\n<\/div>\r\n<div class=\"contactinfo-item\">\r\n<div class=\"contactinfo-head\">\r\n<div class=\"contactinfo-icon\">\r\n<div class=\"contactinfo-count\">\ud83e\udd14<\/div>\r\n<\/div>\r\n<h5>B\u00ebni Zgjedhjen Tuaj<\/h5>\r\n<\/div>\r\n<p>N\u00eb Alma Credit, vendimi \u00ebsht\u00eb i juaji. Zgjidhni shum\u00ebn e kredis\u00eb suaj nga nj\u00eb gam\u00eb q\u00eb shkon nga CHF 3&#8217;000.- deri n\u00eb CHF 400&#8217;000.-.<\/p>\r\n<\/div>\r\n<div class=\"contactinfo-item\">\r\n<div class=\"contactinfo-head\">\r\n<div class=\"contactinfo-icon\">\r\n<div class=\"contactinfo-count\">\ud83d\udd04<\/div>\r\n<\/div>\r\n<h5>Flexibilitet n\u00eb Kthimin e Kredis\u00eb<\/h5>\r\n<\/div>\r\n<p>Ju ofrojm\u00eb lirin\u00eb p\u00ebr t\u00eb zgjedhur afatin e kthimit t\u00eb kredis\u00eb q\u00eb i p\u00ebrshtatet buxhetit tuaj, me afate mujore t\u00eb ndryshueshme nga 6 deri n\u00eb 120 muaj.<\/p>\r\n<\/div>\r\n<div class=\"contactinfo-item\">\r\n<div class=\"contactinfo-head\">\r\n<div class=\"contactinfo-icon\">\r\n<div class=\"contactinfo-count\">\ud83d\udd70\ufe0f<\/div>\r\n<\/div>\r\n<h5>Kthim i Parakohsh\u00ebm pa Tarifa<\/h5>\r\n<\/div>\r\n<p>N\u00ebse d\u00ebshironi, keni mund\u00ebsin\u00eb t\u00eb ktheni kreditin tuaj paraprakisht, pa p\u00ebsuar tarifa shtes\u00eb.<\/p>\r\n<\/div>\r\n<div class=\"contactinfo-item\">\r\n<div class=\"contactinfo-head\">\r\n<div class=\"contactinfo-icon\">\r\n<div class=\"contactinfo-count\">\ud83d\udd0d<\/div>\r\n<\/div>\r\n<h5>Transparenc\u00eb Totale<\/h5>\r\n<\/div>\r\n<p>N\u00eb Alma Credit, ne promovojm\u00eb nj\u00eb qasje transparente. Oferta jon\u00eb \u00ebsht\u00eb e qart\u00eb, pa tarifa t\u00eb fshehura, dhe sh\u00ebrbimi yn\u00eb \u00ebsht\u00eb i personalizuar p\u00ebr t\u00eb p\u00ebrmbushur nevojat tuaja.<\/p>\r\n<\/div>\r\n\r\n\r\n\r\n<p>&nbsp;<\/p>\r\n\r\n","protected":false},"excerpt":{"rendered":"<p>&nbsp; &nbsp; &nbsp; \ud83d\udcbc Asnj\u00eb Tarif\u00eb e Fshehur N\u00eb Alma Credit, transparenca \u00ebsht\u00eb thelb\u00ebsore. Ne nuk vendosim asnj\u00eb tarif\u00eb p\u00ebr p\u00ebrpunimin e dosjes, duke garantuar k\u00ebshtu q\u00eb pagesat tuaja t\u00eb jen\u00eb t\u00eb qarta dhe t\u00eb parashikueshme. \ud83d\udd12 Konfidencialitet i Siguruar N\u00eb Alma Credit, ju nuk keni nevoj\u00eb t\u00eb zbuloni arsyet e kredis\u00eb suaj. Privat\u00ebsia juaj [&hellip;]<\/p>\n","protected":false},"author":1,"featured_media":0,"parent":2781,"menu_order":0,"comment_status":"closed","ping_status":"closed","template":"","meta":{"_coblocks_attr":"","_coblocks_dimensions":"","_coblocks_responsive_height":"","_coblocks_accordion_ie_support":"","om_disable_all_campaigns":false,"_monsterinsights_skip_tracking":false,"_monsterinsights_sitenote_active":false,"_monsterinsights_sitenote_note":"","_monsterinsights_sitenote_category":0,"footnotes":""},"class_list":["post-2380","page","type-page","status-publish","hentry"],"aioseo_notices":[],"_links":{"self":[{"href":"https:\/\/almacredit.ch\/sq\/wp-json\/wp\/v2\/pages\/2380","targetHints":{"allow":["GET"]}}],"collection":[{"href":"https:\/\/almacredit.ch\/sq\/wp-json\/wp\/v2\/pages"}],"about":[{"href":"https:\/\/almacredit.ch\/sq\/wp-json\/wp\/v2\/types\/page"}],"author":[{"embeddable":true,"href":"https:\/\/almacredit.ch\/sq\/wp-json\/wp\/v2\/users\/1"}],"replies":[{"embeddable":true,"href":"https:\/\/almacredit.ch\/sq\/wp-json\/wp\/v2\/comments?post=2380"}],"version-history":[{"count":2,"href":"https:\/\/almacredit.ch\/sq\/wp-json\/wp\/v2\/pages\/2380\/revisions"}],"predecessor-version":[{"id":2670,"href":"https:\/\/almacredit.ch\/sq\/wp-json\/wp\/v2\/pages\/2380\/revisions\/2670"}],"up":[{"embeddable":true,"href":"https:\/\/almacredit.ch\/sq\/wp-json\/wp\/v2\/pages\/2781"}],"wp:attachment":[{"href":"https:\/\/almacredit.ch\/sq\/wp-json\/wp\/v2\/media?parent=2380"}],"curies":[{"name":"wp","href":"https:\/\/api.w.org\/{rel}","templated":true}]}}