{"id":3890,"date":"2023-08-26T11:51:47","date_gmt":"2023-08-26T10:51:47","guid":{"rendered":"https:\/\/almacredit.ch\/?page_id=3890"},"modified":"2023-11-30T12:31:49","modified_gmt":"2023-11-30T11:31:49","slug":"credito-empresarial","status":"publish","type":"page","link":"https:\/\/almacredit.ch\/pt-pt\/bem-vindo\/credito-empresarial\/","title":{"rendered":"Cr\u00e9dito Empresarial"},"content":{"rendered":"<p><style>\r\n    body {\r\n        font-family: 'Arial', sans-serif;\r\n        padding: 20px;\r\n        background-color: #f5f5f5;\r\n    }\r\n\r\n    h2, h5, #monthlyPayment, input[type=\"text\"], select {\r\n        color: #6bb018;\r\n    }\r\n\r\n    #monthlyPayment {\r\n        font-size: 40px;\r\n        font-weight: bold;\r\n        margin-top: 20px;\r\n    }\r\n\r\n    input, select {\r\n        border: none;\r\n        border-bottom: 2px solid #4dc47d;\r\n        outline: none;\r\n        font-size: 24px;\r\n        margin-right: 20px;\r\n    }\r\n\r\n    label {\r\n        font-weight: bold;\r\n        margin-right: 10px;\r\n    }\r\n\r\n    .credit-container {\r\n        background-color: #ffffff;\r\n        border: 1px solid #e0e0e0;\r\n        padding: 30px;\r\n        margin-bottom: 20px;\r\n        border-radius: 15px;\r\n        box-shadow: 0px 5px 10px rgba(0, 0, 0, 0.1);\r\n    }\r\n\r\n    .text-yellow {\r\n        color: yellow;\r\n    }\r\n<\/style> <script>\r\n    function formatCHF(amount) {\r\n        return new Intl.NumberFormat('fr-CH').format(amount);\r\n    }\r\n\r\n    function updateMonthlyPayment() {\r\n        let amount = parseInt(document.getElementById(\"amount\").value.replace(\/'\/g, \"\").replace(\/CHF \/g, \"\"));\r\n        let period = parseInt(document.getElementById(\"period\").value);\r\n        let monthlyPayment = (amount \/ period).toFixed(2);\r\n        document.getElementById(\"monthlyPayment\").innerText = \"CHF \" + formatCHF(monthlyPayment);\r\n    }\r\n<\/script><\/p>\r\n<div class=\"credit-container\">\r\n<h2>De que valor precisa?<\/h2>\r\n<label for=\"amount\">Valor desejado (CHF):<\/label> <input id=\"amount\" type=\"text\" value=\"20'000\" \/> <label for=\"period\">Dura\u00e7\u00e3o (meses):<\/label><select id=\"period\" onchange=\"updateMonthlyPayment()\">\r\n<option value=\"12\">12<\/option>\r\n<option value=\"24\">24<\/option>\r\n<option value=\"36\">36<\/option>\r\n<option value=\"48\">48<\/option>\r\n<option value=\"60\">60<\/option>\r\n<\/select>\r\n<p id=\"monthlyPayment\">CHF 1&#8217;667<\/p>\r\n<\/div>\r\n<!-- \/wp:post-content -->\r\n\r\n<!-- wp:html {\"translatedWithWPMLTM\":\"1\"} -->\r\n<p><style>\r\n    body {\r\n        font-family: 'Arial', sans-serif;\r\n        padding: 20px;\r\n        background-color: #f5f5f5;\r\n    }\r\n\r\n    h2, h5 {\r\n        color: #6bb018;\r\n    }\r\n\r\n    .credit-container {\r\n        background-color: #ffffff;\r\n        border: 1px solid #e0e0e0;\r\n        padding: 30px;\r\n        margin-bottom: 20px;\r\n        border-radius: 15px;\r\n        box-shadow: 0px 5px 10px rgba(0, 0, 0, 0.1);\r\n    }\r\n\r\n    ul {\r\n        list-style-type: square;\r\n        margin-left: 20px;\r\n    }\r\n\r\n    li {\r\n        margin-bottom: 10px;\r\n    }\r\n<\/style><\/p>\r\n<div class=\"credit-container\">\r\n<h2>Condi\u00e7\u00f5es<\/h2>\r\n<ul>\r\n<li>Montante concedido: de CHF 20&#8217;000 a CHF 1&#8217;000&#8217;000<\/li>\r\n<li>Dura\u00e7\u00e3o: de 12 a 60 meses<\/li>\r\n<li>Possibilidade de reembolsar o seu cr\u00e9dito comercial a qualquer momento, sem custos adicionais.<\/li>\r\n<li>Empresas individuais, S\u00e0rl e SA registadas no registo comercial<\/li>\r\n<li>M\u00ednimo de 4 anos de atividade<\/li>\r\n<li>Volume de neg\u00f3cios &gt; CHF 150&#8217;000<\/li>\r\n<\/ul>\r\n<\/div>\r\n<p><style>\r\n        .green-button {\r\n            background-color: #4CAF50; \/* Cor de fundo verde *\/\r\n            border: none;\r\n            color: white;\r\n            padding: 15px 32px;\r\n            text-align: center;\r\n            text-decoration: none;\r\n            display: inline-block;\r\n            font-size: 16px;\r\n            margin: 4px 2px;\r\n            cursor: pointer;\r\n            border-radius: 8px; \/* Cantos arredondados *\/\r\n        }\r\n\r\n        .green-button:hover {\r\n            background-color: #45a049; \/* Cor verde mais escura ao passar o mouse *\/\r\n        }\r\n    <\/style><\/p>\r\n<p><a href=\"https:\/\/almacredit.ch\/pt-pt\/pedir-um-credito\/\"><button class=\"green-button\">Fa\u00e7a um pedido de cr\u00e9dito<\/button><\/a><\/p>\r\n<p>&nbsp;<\/p>\r\n<!-- \/wp:html -->\r\n\r\n<!-- wp:separator --><hr class=\"wp-block-separator has-alpha-channel-opacity\" \/><!-- \/wp:separator -->\r\n\r\n<!-- wp:html {\"translatedWithWPMLTM\":\"1\"} -->\r\n<p>\u00a0 \u00a0 <style>\r\n        body {<br \/>\r\n            font-family: Arial, sans-serif;<br \/>\r\n            padding: 20px;<br \/>\r\n            background-color: #f5f5f5;<br \/>\r\n            color: #000000; \/* Atualiza\u00e7\u00e3o da cor do texto principal para preto *\/<br \/>\r\n        }<\/p>\r\n<p>        .alma-section {<br \/>\r\n            background-color: #ffffff;<br \/>\r\n            border: 1px solid #e0e0e0;<br \/>\r\n            padding: 20px;<br \/>\r\n            border-radius: 5px;<br \/>\r\n            margin-bottom: 20px;<br \/>\r\n        }<\/p>\r\n<p>        h1 {<br \/>\r\n            color: #6bb018; \/* Cor dos t\u00edtulos principais em verde *\/<br \/>\r\n            margin-bottom: 15px;<br \/>\r\n        }<\/p>\r\n<p>        h2 {<br \/>\r\n            color: #6bb018; \/* Cor dos subt\u00edtulos em verde *\/<br \/>\r\n            margin-bottom: 15px;<br \/>\r\n        }<\/p>\r\n<p>        ul {<br \/>\r\n            list-style-type: disc;<br \/>\r\n            padding-left: 40px;<br \/>\r\n        }<\/p>\r\n<p>        li {<br \/>\r\n            margin-bottom: 10px;<br \/>\r\n        }<br \/>\r\n    <\/style><\/p>\r\n<div class=\"alma-section\">\r\n<h1>Alma Credit: Seu Aliado em Financiamento Comercial para PME<\/h1>\r\nEmpreender em Lausanne? <strong>Alma Credit<\/strong> est\u00e1 aqui para transformar suas vis\u00f5es em realidades tang\u00edveis.\r\n<h2>Alma, Porqu\u00ea?<\/h2>\r\nSomos mais do que um simples prestador financeiro; somos seu parceiro. No labirinto dos financiamentos, deixe-nos ser sua b\u00fassola.\r\n<h2>O Caminho Alma em Quatro Etapas:<\/h2>\r\n<ul>\r\n<li>Digital &amp; Simplificado: Preencha nosso formul\u00e1rio eletr\u00f3nico.<\/li>\r\n<li>Escuta &amp; Di\u00e1logo: Um conselheiro Alma troca ideias consigo, colocando sua vis\u00e3o no centro da discuss\u00e3o.<\/li>\r\n<li>An\u00e1lise &amp; Relev\u00e2ncia: Examinamos cada detalhe para que nossa oferta esteja em harmonia com suas ambi\u00e7\u00f5es.<\/li>\r\n<li>Proposta &amp; A\u00e7\u00e3o: Receba uma proposta clara, alinhada com suas necessidades.<\/li>\r\n<\/ul>\r\n<h2>O Financiamento Comercial \u00e0 Maneira Alma:<\/h2>\r\nCrescimento, inova\u00e7\u00e3o ou simplesmente navega\u00e7\u00e3o atrav\u00e9s de per\u00edodos turbulentos exigem recursos. <strong>Alma Credit<\/strong> apoia voc\u00ea, seja para uma aquisi\u00e7\u00e3o, expans\u00e3o ou para superar um per\u00edodo delicado.\r\n<h2>A Experi\u00eancia Alma Online:<\/h2>\r\n<ul>\r\n<li>Defina Sua Vis\u00e3o: Qual montante para qual projeto?<\/li>\r\n<li>Flexibilidade &amp; Controle: Modalidades de pagamento que respeitam seu ritmo.<\/li>\r\n<li>Seu Tempo \u00e9 Precioso: Uma interface r\u00e1pida e intuitiva ao seu servi\u00e7o.<\/li>\r\n<\/ul>\r\n<h2>Alma e Voc\u00ea, Uma Sinergia:<\/h2>\r\nSeja para uma renova\u00e7\u00e3o, um investimento estrat\u00e9gico ou uma oportunidade ef\u00eamera, nossa miss\u00e3o \u00e9 fornecer-lhe o trampolim financeiro necess\u00e1rio. Sem complica\u00e7\u00f5es, sem surpresas.\r\n<h2>Cada Pedido, Uma Jornada:<\/h2>\r\n<\/div>","protected":false},"excerpt":{"rendered":"<p>De que valor precisa? Valor desejado (CHF): Dura\u00e7\u00e3o (meses):1224364860 CHF 1&#8217;667 Condi\u00e7\u00f5es Montante concedido: de CHF 20&#8217;000 a CHF 1&#8217;000&#8217;000 Dura\u00e7\u00e3o: de 12 a 60 meses Possibilidade de reembolsar o seu cr\u00e9dito comercial a qualquer momento, sem custos adicionais. Empresas individuais, S\u00e0rl e SA registadas no registo comercial M\u00ednimo de 4 anos de atividade Volume [&hellip;]<\/p>\n","protected":false},"author":1,"featured_media":0,"parent":2799,"menu_order":0,"comment_status":"closed","ping_status":"closed","template":"","meta":{"_coblocks_attr":"","_coblocks_dimensions":"","_coblocks_responsive_height":"","_coblocks_accordion_ie_support":"","om_disable_all_campaigns":false,"_monsterinsights_skip_tracking":false,"_monsterinsights_sitenote_active":false,"_monsterinsights_sitenote_note":"","_monsterinsights_sitenote_category":0,"footnotes":""},"class_list":["post-3890","page","type-page","status-publish","hentry"],"aioseo_notices":[],"_links":{"self":[{"href":"https:\/\/almacredit.ch\/pt-pt\/wp-json\/wp\/v2\/pages\/3890","targetHints":{"allow":["GET"]}}],"collection":[{"href":"https:\/\/almacredit.ch\/pt-pt\/wp-json\/wp\/v2\/pages"}],"about":[{"href":"https:\/\/almacredit.ch\/pt-pt\/wp-json\/wp\/v2\/types\/page"}],"author":[{"embeddable":true,"href":"https:\/\/almacredit.ch\/pt-pt\/wp-json\/wp\/v2\/users\/1"}],"replies":[{"embeddable":true,"href":"https:\/\/almacredit.ch\/pt-pt\/wp-json\/wp\/v2\/comments?post=3890"}],"version-history":[{"count":4,"href":"https:\/\/almacredit.ch\/pt-pt\/wp-json\/wp\/v2\/pages\/3890\/revisions"}],"predecessor-version":[{"id":3893,"href":"https:\/\/almacredit.ch\/pt-pt\/wp-json\/wp\/v2\/pages\/3890\/revisions\/3893"}],"up":[{"embeddable":true,"href":"https:\/\/almacredit.ch\/pt-pt\/wp-json\/wp\/v2\/pages\/2799"}],"wp:attachment":[{"href":"https:\/\/almacredit.ch\/pt-pt\/wp-json\/wp\/v2\/media?parent=3890"}],"curies":[{"name":"wp","href":"https:\/\/api.w.org\/{rel}","templated":true}]}}