{"id":3699,"date":"2023-08-26T09:10:36","date_gmt":"2023-08-26T08:10:36","guid":{"rendered":"https:\/\/almacredit.ch\/privacy-policy-2\/"},"modified":"2023-11-28T14:28:41","modified_gmt":"2023-11-28T13:28:41","slug":"politica-de-privacidade","status":"publish","type":"page","link":"https:\/\/almacredit.ch\/pt-pt\/politica-de-privacidade\/","title":{"rendered":"Pol\u00edtica de Privacidade"},"content":{"rendered":"\r\n<p>&nbsp;<\/p>\r\n<p><strong>Quem somos?<\/strong><\/p>\r\n<p>O endere\u00e7o do nosso site \u00e9: <a href=\"https:\/\/almacredit.ch\/pt-pt\/\" target=\"_new\" rel=\"noopener\">https:\/\/almacredit.ch<\/a>.<\/p>\r\n<p><strong>Coment\u00e1rios<\/strong><\/p>\r\n<p>Quando deixa um coment\u00e1rio no nosso site Alma Credit, as informa\u00e7\u00f5es inseridas no formul\u00e1rio de coment\u00e1rio, assim como o seu endere\u00e7o IP e o agente do seu navegador, s\u00e3o recolhidos para nos ajudar a detetar coment\u00e1rios indesejados.<\/p>\r\n<p>Um hash an\u00f3nimo criado a partir do seu endere\u00e7o de email pode ser enviado ao servi\u00e7o Gravatar para verificar se est\u00e1 a ser utilizado. A pol\u00edtica de privacidade do servi\u00e7o Gravatar est\u00e1 dispon\u00edvel aqui: <a href=\"https:\/\/automattic.com\/privacy\/\" target=\"_new\" rel=\"noopener\">https:\/\/automattic.com\/privacy\/<\/a>. Ap\u00f3s a aprova\u00e7\u00e3o do seu coment\u00e1rio, a sua imagem de perfil ser\u00e1 vis\u00edvel publicamente ao lado do seu coment\u00e1rio.<\/p>\r\n<p><strong>M\u00e9dia<\/strong><\/p>\r\n<p>Se carregar imagens no site da Alma Credit, recomendamos que evite carregar imagens que contenham dados EXIF de coordenadas GPS. Os visitantes do nosso site podem descarregar e extrair dados de localiza\u00e7\u00e3o dessas imagens.<\/p>\r\n<p><strong>Cookies<\/strong><\/p>\r\n<p>Se publicar um coment\u00e1rio na Alma Credit, ser\u00e1 oferecida a op\u00e7\u00e3o de guardar o seu nome, endere\u00e7o de email e site em cookies. Isto \u00e9 para seu conforto, evitando ter de preencher novamente estes detalhes se deixar outro coment\u00e1rio mais tarde. Estes cookies duram um ano.<\/p>\r\n<p>Se aceder \u00e0 p\u00e1gina de login, um cookie tempor\u00e1rio ser\u00e1 criado para verificar se o seu navegador aceita cookies. Este cookie n\u00e3o cont\u00e9m dados pessoais e \u00e9 eliminado quando fecha o seu navegador.<\/p>\r\n<p>Quando fizer login, estabeleceremos v\u00e1rios cookies para guardar as suas informa\u00e7\u00f5es de login e as suas op\u00e7\u00f5es de exibi\u00e7\u00e3o no ecr\u00e3. Os cookies de login duram dois dias e os cookies de op\u00e7\u00f5es de ecr\u00e3 duram um ano. Se selecionar &#8220;Lembrar-me&#8221;, o seu login ser\u00e1 mantido por duas semanas. Ao sair, o cookie de login ser\u00e1 eliminado.<\/p>\r\n<p><strong>Conte\u00fado incorporado de outros sites<\/strong><\/p>\r\n<p>Os artigos na Alma Credit podem conter conte\u00fado incorporado (como v\u00eddeos, imagens, artigos, etc.). Este conte\u00fado incorporado de outros sites comporta-se da mesma forma como se o visitante visitasse esse outro site.<\/p>\r\n<p>Estes sites podem recolher dados sobre si, usar cookies, incorporar ferramentas de rastreamento adicionais e monitorizar as suas intera\u00e7\u00f5es com esse conte\u00fado incorporado se tiver uma conta e estiver conectado a esse site.<\/p>\r\n<p><strong>Uso e transmiss\u00e3o dos seus dados pessoais<\/strong><\/p>\r\n<p>Se solicitar uma redefini\u00e7\u00e3o de senha na Alma Credit, o seu endere\u00e7o IP ser\u00e1 inclu\u00eddo no email de redefini\u00e7\u00e3o.<\/p>\r\n<p><strong>Dura\u00e7\u00e3o do armazenamento dos seus dados<\/strong><\/p>\r\n<p>Para os utilizadores que se registam no nosso site Alma Credit, tamb\u00e9m armazenamos as informa\u00e7\u00f5es pessoais que fornecem no seu perfil de utilizador. Todos os utilizadores podem ver, editar ou eliminar as suas informa\u00e7\u00f5es pessoais a qualquer momento (exceto o seu nome de utilizador). Os administradores do site tamb\u00e9m podem ver e editar essas informa\u00e7\u00f5es.<\/p>\r\n<p><strong>Os seus direitos sobre os seus dados<\/strong><\/p>\r\n<p>Se tem uma conta na Alma Credit ou se deixou coment\u00e1rios, pode solicitar para receber um ficheiro exportado dos dados pessoais que temos sobre si, incluindo todos os dados que nos forneceu. Tamb\u00e9m pode solicitar a elimina\u00e7\u00e3o de todos os dados pessoais que temos sobre si. Isto n\u00e3o inclui os dados que somos obrigados a manter para fins administrativos, legais ou de seguran\u00e7a.<\/p>\r\n<p><strong>Transmiss\u00e3o dos seus dados<\/strong><\/p>\r\n<p>Os coment\u00e1rios dos visitantes podem ser verificados atrav\u00e9s de um servi\u00e7o automatizado de dete\u00e7\u00e3o de spam.<\/p>\r\n","protected":false},"excerpt":{"rendered":"<p>&nbsp; Quem somos? O endere\u00e7o do nosso site \u00e9: https:\/\/almacredit.ch. Coment\u00e1rios Quando deixa um coment\u00e1rio no nosso site Alma Credit, as informa\u00e7\u00f5es inseridas no formul\u00e1rio de coment\u00e1rio, assim como o seu endere\u00e7o IP e o agente do seu navegador, s\u00e3o recolhidos para nos ajudar a detetar coment\u00e1rios indesejados. Um hash an\u00f3nimo criado a partir do [&hellip;]<\/p>\n","protected":false},"author":1,"featured_media":0,"parent":0,"menu_order":0,"comment_status":"closed","ping_status":"closed","template":"","meta":{"_coblocks_attr":"","_coblocks_dimensions":"","_coblocks_responsive_height":"","_coblocks_accordion_ie_support":"","om_disable_all_campaigns":false,"_monsterinsights_skip_tracking":false,"_monsterinsights_sitenote_active":false,"_monsterinsights_sitenote_note":"","_monsterinsights_sitenote_category":0,"footnotes":""},"class_list":["post-3699","page","type-page","status-publish","hentry"],"aioseo_notices":[],"_links":{"self":[{"href":"https:\/\/almacredit.ch\/pt-pt\/wp-json\/wp\/v2\/pages\/3699","targetHints":{"allow":["GET"]}}],"collection":[{"href":"https:\/\/almacredit.ch\/pt-pt\/wp-json\/wp\/v2\/pages"}],"about":[{"href":"https:\/\/almacredit.ch\/pt-pt\/wp-json\/wp\/v2\/types\/page"}],"author":[{"embeddable":true,"href":"https:\/\/almacredit.ch\/pt-pt\/wp-json\/wp\/v2\/users\/1"}],"replies":[{"embeddable":true,"href":"https:\/\/almacredit.ch\/pt-pt\/wp-json\/wp\/v2\/comments?post=3699"}],"version-history":[{"count":4,"href":"https:\/\/almacredit.ch\/pt-pt\/wp-json\/wp\/v2\/pages\/3699\/revisions"}],"predecessor-version":[{"id":3726,"href":"https:\/\/almacredit.ch\/pt-pt\/wp-json\/wp\/v2\/pages\/3699\/revisions\/3726"}],"wp:attachment":[{"href":"https:\/\/almacredit.ch\/pt-pt\/wp-json\/wp\/v2\/media?parent=3699"}],"curies":[{"name":"wp","href":"https:\/\/api.w.org\/{rel}","templated":true}]}}