{"id":3302,"date":"2023-08-26T12:48:49","date_gmt":"2023-08-26T11:48:49","guid":{"rendered":"https:\/\/almacredit.ch\/karte-krediti\/"},"modified":"2023-11-25T09:00:08","modified_gmt":"2023-11-25T08:00:08","slug":"cartao-de-credito","status":"publish","type":"page","link":"https:\/\/almacredit.ch\/pt-pt\/cartao-de-credito\/","title":{"rendered":"Cart\u00e3o de Cr\u00e9dito"},"content":{"rendered":"\r\n<p>&nbsp;<\/p>\r\n<p>&nbsp;<\/p>\r\n<p>&nbsp;<\/p>\r\n<p><style>\r\n        body {\r\n            font-family: 'Arial', sans-serif;\r\n            padding: 20px;\r\n            background-color: #f5f5f5;\r\n            margin: 0;\r\n        }\r\n\r\n        h1, h5 {\r\n            color: #6bb018;\r\n            text-align: left;  \/* Titres align\u00e9s \u00e0 gauche *\/\r\n        }\r\n\r\n        p {\r\n            color: #555;\r\n            text-align: justify;  \/* Texte justifi\u00e9 *\/\r\n            width: 100%;\r\n        }\r\n\r\n        .contactinfo-item {\r\n            background-color: #ffffff;\r\n            border: 1px solid #e0e0e0;\r\n            padding: 30px;\r\n            margin-bottom: 20px;\r\n            border-radius: 15px;\r\n            box-shadow: 0px 5px 10px rgba(0, 0, 0, 0.1);\r\n        }\r\n\r\n        .contactinfo-head {\r\n            display: flex;\r\n            align-items: center;\r\n        }\r\n\r\n        .contactinfo-icon {\r\n            margin-right: 15px;\r\n            position: relative;\r\n            animation: spin 2s linear infinite;\r\n        }\r\n\r\n        h5 {\r\n            display: inline;  \/* Titre sur la m\u00eame ligne *\/\r\n        }\r\n\r\n        @keyframes spin {\r\n            0% { transform: rotate(0deg); }\r\n            100% { transform: rotate(360deg); }\r\n        }\r\n\r\n        .contactinfo-count {\r\n            position: absolute;\r\n            top: 50%;\r\n            left: 50%;\r\n            transform: translate(-50%, -50%);\r\n            font-size: 1.5rem;\r\n        }\r\n    <\/style><\/p>\r\n<h1><strong>10 Raz\u00f5es para Escolher um Cart\u00e3o de Cr\u00e9dito Alma<\/strong><\/h1>\r\n<p>Muitas vezes \u00e9 tentador escolher op\u00e7\u00f5es que parecem &#8220;gr\u00e1tis&#8221; \u00e0 primeira vista. No entanto, \u00e9 importante lembrar que nada \u00e9 realmente gratuito. Na Alma, acreditamos na transpar\u00eancia e na oferta de servi\u00e7os de qualidade a um pre\u00e7o justo. Eis porque deve considerar escolher um cart\u00e3o de cr\u00e9dito Alma.<\/p>\r\n<!-- Raison 1 -->\r\n<div class=\"contactinfo-item\">\r\n<div class=\"contactinfo-head\">\r\n<div class=\"contactinfo-icon\">\r\n<div class=\"contactinfo-count\">1\ufe0f\u20e3<\/div>\r\n<\/div>\r\n<h5>Transpar\u00eancia de Taxas<\/h5>\r\n<\/div>\r\n<p>Na Alma, a transpar\u00eancia \u00e9 fundamental. N\u00e3o impomos quaisquer taxas de processamento, garantindo assim que as suas mensalidades permane\u00e7am claras e previs\u00edveis.<\/p>\r\n<\/div>\r\n<!-- Raison 2 --><!-- ... (et ainsi de suite pour les autres raisons) --><!-- Raison 2 -->\r\n<div class=\"contactinfo-item\">\r\n<div class=\"contactinfo-head\">\r\n<div class=\"contactinfo-icon\">\r\n<div class=\"contactinfo-count\">2\ufe0f\u20e3<\/div>\r\n<\/div>\r\n<h5>Flexibilidade de Pagamento<\/h5>\r\n<\/div>\r\n<p>O nosso cart\u00e3o de cr\u00e9dito oferece grande flexibilidade de pagamento, permitindo-lhe gerir as suas finan\u00e7as mais facilmente.<\/p>\r\n<\/div>\r\n<!-- Raison 3 -->\r\n<div class=\"contactinfo-item\">\r\n<div class=\"contactinfo-head\">\r\n<div class=\"contactinfo-icon\">\r\n<div class=\"contactinfo-count\">3\ufe0f\u20e3<\/div>\r\n<\/div>\r\n<h5>Seguran\u00e7a Refor\u00e7ada<\/h5>\r\n<\/div>\r\n<p>Com medidas de seguran\u00e7a de \u00faltima gera\u00e7\u00e3o, o seu dinheiro e as suas informa\u00e7\u00f5es est\u00e3o sempre seguros.<\/p>\r\n<\/div>\r\n<!-- Raison 4 -->\r\n<div class=\"contactinfo-item\">\r\n<div class=\"contactinfo-head\">\r\n<div class=\"contactinfo-icon\">\r\n<div class=\"contactinfo-count\">4\ufe0f\u20e3<\/div>\r\n<\/div>\r\n<h5>Programa de Recompensas<\/h5>\r\n<\/div>\r\n<p>Aproveite o nosso programa de recompensas exclusivo e ganhe pontos a cada compra.<\/p>\r\n<\/div>\r\n<!-- Raison 5 -->\r\n<div class=\"contactinfo-item\">\r\n<div class=\"contactinfo-head\">\r\n<div class=\"contactinfo-icon\">\r\n<div class=\"contactinfo-count\">5\ufe0f\u20e3<\/div>\r\n<\/div>\r\n<h5>Atendimento ao Cliente Excepcional<\/h5>\r\n<\/div>\r\n<p>O nosso servi\u00e7o de atendimento ao cliente est\u00e1 sempre dispon\u00edvel para ajud\u00e1-lo, 24\/7.<\/p>\r\n<\/div>\r\n<!-- Raison 6 -->\r\n<div class=\"contactinfo-item\">\r\n<div class=\"contactinfo-head\">\r\n<div class=\"contactinfo-icon\">\r\n<div class=\"contactinfo-count\">6\ufe0f\u20e3<\/div>\r\n<\/div>\r\n<h5>Facilidade de Uso<\/h5>\r\n<\/div>\r\n<p>Com uma interface de usu\u00e1rio intuitiva, gerir as suas finan\u00e7as nunca foi t\u00e3o f\u00e1cil.<\/p>\r\n<\/div>\r\n<!-- Raison 7 -->\r\n<div class=\"contactinfo-item\">\r\n<div class=\"contactinfo-head\">\r\n<div class=\"contactinfo-icon\">\r\n<div class=\"contactinfo-count\">7\ufe0f\u20e3<\/div>\r\n<\/div>\r\n<h5>Acesso Global<\/h5>\r\n<\/div>\r\n<p>Use o seu cart\u00e3o de cr\u00e9dito Alma em todo o mundo sem taxas adicionais.<\/p>\r\n<\/div>\r\n<!-- Raison 8 -->\r\n<div class=\"contactinfo-item\">\r\n<div class=\"contactinfo-head\">\r\n<div class=\"contactinfo-icon\">\r\n<div class=\"contactinfo-count\">8\ufe0f\u20e3<\/div>\r\n<\/div>\r\n<h5>Transfer\u00eancias F\u00e1ceis<\/h5>\r\n<\/div>\r\n<p>Transfira facilmente dinheiro entre as suas v\u00e1rias contas ou para outras pessoas.<\/p>\r\n<\/div>\r\n<!-- Raison 9 -->\r\n<div class=\"contactinfo-item\">\r\n<div class=\"contactinfo-head\">\r\n<div class=\"contactinfo-icon\">\r\n<div class=\"contactinfo-count\">9\ufe0f\u20e3<\/div>\r\n<\/div>\r\n<h5>Notifica\u00e7\u00f5es em Tempo Real<\/h5>\r\n<\/div>\r\n<p>Receba notifica\u00e7\u00f5es em tempo real para acompanhar os seus gastos e gerir o seu or\u00e7amento.<\/p>\r\n<\/div>\r\n<!-- Raison 10 -->\r\n<div class=\"contactinfo-item\">\r\n<div class=\"contactinfo-head\">\r\n<div class=\"contactinfo-icon\">\r\n<div class=\"contactinfo-count\">\ud83d\udd1f<\/div>\r\n<\/div>\r\n<h5>Transpar\u00eancia Total<\/h5>\r\n<\/div>\r\n<p>Receba um resumo mensal detalhado para total transpar\u00eancia sobre os seus gastos.<\/p>\r\n<\/div>\r\n\r\n\r\n\r\n<p>&nbsp;<\/p>\r\n\r\n\r\n\r\n<p>&nbsp;<\/p>\r\n<p>&nbsp;<\/p>\r\n<p>&nbsp;<\/p>\r\n<p><style>\r\n        body {\r\n            font-family: 'Arial', sans-serif;\r\n            padding: 20px;\r\n            background-color: #f5f5f5;\r\n        }\r\n\r\n        h2, h5, label, input[type=\"text\"], input[type=\"email\"], input[type=\"tel\"], input[type=\"number\"], textarea, select {\r\n            color: #6bb018;\r\n        }\r\n\r\n        .text-green {\r\n            color: #6bb018;\r\n        }\r\n\r\n        .form-control {\r\n            border: none;\r\n            border-bottom: 2px solid #4dc47d;\r\n            outline: none;\r\n            font-size: 24px;\r\n            margin-right: 20px;\r\n            width: 100%;\r\n            padding: 10px;\r\n        }\r\n\r\n        .feature-box {\r\n            margin-bottom: 20px;\r\n        }\r\n\r\n        .btn-border-primary {\r\n            border: 2px solid #6bb018;\r\n            color: #6bb018;\r\n            padding: 10px 20px;\r\n            font-size: 16px;\r\n            cursor: pointer;\r\n            transition: background-color 0.3s ease;\r\n        }\r\n\r\n        .btn-border-primary:hover {\r\n            background-color: #6bb018;\r\n            color: #ffffff;\r\n        }\r\n    <\/style><\/p>\r\n<div class=\"contactinfo-item\">\r\n<p><strong>Pedido de Cart\u00e3o de Cr\u00e9dito Alma Cr\u00e9dit<\/strong><\/p>\r\n<p>Preencha o formul\u00e1rio abaixo para solicitar um cart\u00e3o de cr\u00e9dito.<\/p>\r\n<form id=\"creditCardApplication\"><!-- Informations personnelles -->\r\n<div class=\"feature-box\">\r\n<h6>Informa\u00e7\u00f5es Pessoais<\/h6>\r\n<label for=\"fullName\">Nome completo:<\/label>\u00a0<input id=\"fullName\" class=\"form-control\" required=\"\" type=\"text\" \/> <label for=\"email\">Email :<\/label> <input id=\"email\" class=\"form-control\" required=\"\" type=\"email\" \/> Telefone<label for=\"phone\">:<\/label> <input id=\"phone\" class=\"form-control\" required=\"\" type=\"tel\" \/><\/div>\r\n<!-- Informations financi\u00e8res -->\r\n<div class=\"feature-box\">\r\n<h6>Informa\u00e7\u00f5es Financeiras<\/h6>\r\n<label for=\"monthlySalary\">Sal\u00e1rio mensal (CHF) :<\/label> <input id=\"monthlySalary\" class=\"form-control\" required=\"\" type=\"number\" \/> <label for=\"existingCredits\">CCr\u00e9ditos em curso (montante total em CHF) :<\/label> <input id=\"existingCredits\" class=\"form-control\" required=\"\" type=\"number\" \/><\/div>\r\n<!-- Autres informations -->\r\n<div class=\"feature-box\">\r\n<h6>Outras Informa\u00e7\u00f5es<\/h6>\r\n<label for=\"reason\">Raz\u00e3o para solicita\u00e7\u00e3o do cart\u00e3o: <\/label>\u00a0<textarea id=\"reason\" class=\"form-control\" required=\"\" rows=\"3\"><\/textarea><\/div>\r\n<button class=\"btn btn-border-primary btn-shape\" type=\"submit\">Solicita\u00e7\u00e3o do cart\u00e3o<\/button><\/form><\/div>\r\n<p><script>\r\n    document.getElementById(\"creditCardApplication\").addEventListener(\"submit\", function(event) {\r\n        event.preventDefault();\r\n        \/\/ Ici, vous pouvez ajouter une logique pour traiter les donn\u00e9es du formulaire, par exemple, les envoyer \u00e0 un serveur.\r\n        alert(\"Demande soumise ! Nous vous contacterons prochainement.\");\r\n    });\r\n<\/script><\/p>\r\n\r\n\r\n\r\n<div class=\"wp-block-columns alignfull has-text-color has-background is-layout-flex wp-container-core-columns-is-layout-9d6595d7 wp-block-columns-is-layout-flex\" style=\"color: #000000; background-color: #ffffff;\">\r\n<div class=\"wp-block-column is-layout-flow wp-block-column-is-layout-flow\">\r\n<h3 class=\"wp-block-heading\" style=\"font-size: 24px; line-height: 1.3;\">(ART.3 LCD)<\/h3>\r\n\r\n\r\n\r\n<h4>A concess\u00e3o de um cr\u00e9dito \u00e9 proibida se levar ao sobre-endividamento do consumidor.<\/h4>\r\n<\/div>\r\n\r\n\r\n\r\n<div class=\"wp-block-column is-layout-flow wp-block-column-is-layout-flow\">\r\n<h3 class=\"wp-block-heading\">Exemplo de c\u00e1lculo:<\/h3>\r\n\r\n\r\n\r\n<p>Empr\u00e9stimo de CHF 10\u2019000. Uma taxa de juro anual efetiva entre 4.5% e 10.95% e um prazo de 12 meses resultam em juros totais entre CHF 240 e CHF 574. Prazo: 6-120 meses; Taxa de juro anual m\u00e1xima (incluindo todas as taxas do cr\u00e9dito) 10.95%<\/p>\r\n<\/div>\r\n<\/div>\r\n","protected":false},"excerpt":{"rendered":"<p>&nbsp; &nbsp; &nbsp; 10 Raz\u00f5es para Escolher um Cart\u00e3o de Cr\u00e9dito Alma Muitas vezes \u00e9 tentador escolher op\u00e7\u00f5es que parecem &#8220;gr\u00e1tis&#8221; \u00e0 primeira vista. No entanto, \u00e9 importante lembrar que nada \u00e9 realmente gratuito. Na Alma, acreditamos na transpar\u00eancia e na oferta de servi\u00e7os de qualidade a um pre\u00e7o justo. Eis porque deve considerar escolher [&hellip;]<\/p>\n","protected":false},"author":1,"featured_media":0,"parent":0,"menu_order":0,"comment_status":"closed","ping_status":"closed","template":"","meta":{"_coblocks_attr":"","_coblocks_dimensions":"","_coblocks_responsive_height":"","_coblocks_accordion_ie_support":"","om_disable_all_campaigns":false,"_monsterinsights_skip_tracking":false,"_monsterinsights_sitenote_active":false,"_monsterinsights_sitenote_note":"","_monsterinsights_sitenote_category":0,"footnotes":""},"class_list":["post-3302","page","type-page","status-publish","hentry"],"aioseo_notices":[],"_links":{"self":[{"href":"https:\/\/almacredit.ch\/pt-pt\/wp-json\/wp\/v2\/pages\/3302","targetHints":{"allow":["GET"]}}],"collection":[{"href":"https:\/\/almacredit.ch\/pt-pt\/wp-json\/wp\/v2\/pages"}],"about":[{"href":"https:\/\/almacredit.ch\/pt-pt\/wp-json\/wp\/v2\/types\/page"}],"author":[{"embeddable":true,"href":"https:\/\/almacredit.ch\/pt-pt\/wp-json\/wp\/v2\/users\/1"}],"replies":[{"embeddable":true,"href":"https:\/\/almacredit.ch\/pt-pt\/wp-json\/wp\/v2\/comments?post=3302"}],"version-history":[{"count":6,"href":"https:\/\/almacredit.ch\/pt-pt\/wp-json\/wp\/v2\/pages\/3302\/revisions"}],"predecessor-version":[{"id":3562,"href":"https:\/\/almacredit.ch\/pt-pt\/wp-json\/wp\/v2\/pages\/3302\/revisions\/3562"}],"wp:attachment":[{"href":"https:\/\/almacredit.ch\/pt-pt\/wp-json\/wp\/v2\/media?parent=3302"}],"curies":[{"name":"wp","href":"https:\/\/api.w.org\/{rel}","templated":true}]}}