{"id":2876,"date":"2023-08-26T09:16:14","date_gmt":"2023-08-26T08:16:14","guid":{"rendered":"https:\/\/almacredit.ch\/?page_id=2876"},"modified":"2023-12-01T15:21:25","modified_gmt":"2023-12-01T14:21:25","slug":"credito-privado","status":"publish","type":"page","link":"https:\/\/almacredit.ch\/pt-pt\/credito-privado\/","title":{"rendered":"Cr\u00e9dito Privado"},"content":{"rendered":"\r\n<div class=\"wp-block-columns is-layout-flex wp-container-core-columns-is-layout-9d6595d7 wp-block-columns-is-layout-flex\">\r\n<div class=\"wp-block-column is-layout-flow wp-block-column-is-layout-flow\" style=\"flex-basis: 66.66%;\">\r\n<h2 style=\"font-size: 50px;\"><strong>A Sua Solu\u00e7\u00e3o de Cr\u00e9dito Privado<\/strong>, <strong>simplesmente<\/strong><\/h2>\r\n<h3 style=\"font-size: 50px;\">Na ALMA CR\u00c9DITO, tornamos o cr\u00e9dito privado simples e r\u00e1pido.<\/h3>\r\n\r\n\r\n<\/div>\r\n<\/div>\r\n\r\n\r\n\r\n<p><style>\r\n        body {\r\n            font-family: 'Arial', sans-serif;\r\n            padding: 20px;\r\n            background-color: #f5f5f5;\r\n        }\r\n\r\n        h2, h5, #monthlyPayment, input[type=\"text\"], select {\r\n            color: #6bb018;\r\n        }\r\n\r\n        #monthlyPayment {\r\n            font-size: 40px;\r\n            font-weight: bold;\r\n            margin-top: 20px;\r\n        }\r\n\r\n        input, select {\r\n            border: none;\r\n            border-bottom: 2px solid #4dc47d;\r\n            outline: none;\r\n            font-size: 24px;\r\n            margin-right: 20px;\r\n        }\r\n\r\n        label {\r\n            font-weight: bold;\r\n            margin-right: 10px;\r\n        }\r\n\r\n        .credit-container {\r\n            background-color: #ffffff;\r\n            border: 1px solid #e0e0e0;\r\n            padding: 30px;\r\n            margin-bottom: 20px;\r\n            border-radius: 15px;\r\n            box-shadow: 0px 5px 10px rgba(0, 0, 0, 0.1);\r\n        }\r\n\r\n        .text-yellow {\r\n            color: yellow;\r\n        }\r\n    <\/style><script>\r\n        function formatCHF(amount) {\r\n            return new Intl.NumberFormat('fr-CH').format(amount);\r\n        }\r\n\r\n        function calculateMonthlyPayment(amount, months) {\r\n            const interestRate = 0.045;\r\n            const monthlyRate = interestRate \/ 12;\r\n            return (amount * monthlyRate) \/ (1 - Math.pow(1 + monthlyRate, -months));\r\n        }\r\n\r\n        function updateMonthlyPayment() {\r\n            let amount = parseInt(document.getElementById(\"amount\").value.replace(\/'\/g, \"\").replace(\/CHF \/g, \"\"));\r\n            let period = parseInt(document.getElementById(\"period\").value);\r\n            let monthlyPayment = calculateMonthlyPayment(amount, period).toFixed(2);\r\n            document.getElementById(\"monthlyPayment\").innerText = \"CHF \" + formatCHF(monthlyPayment);\r\n        }\r\n    <\/script><\/p>\r\n<div class=\"credit-container\">\r\n<h2>De que valor necessita?<\/h2>\r\n<label for=\"amount\">Montante desejado (CHF):<\/label> <input id=\"amount\" type=\"text\" value=\"20'000\" \/> <label for=\"period\">Dura\u00e7\u00e3o (meses):<\/label><select id=\"period\" onchange=\"updateMonthlyPayment()\">\r\n<option value=\"12\">12 meses<\/option>\r\n<option value=\"24\">24 meses<\/option>\r\n<option value=\"36\">36 meses<\/option>\r\n<option value=\"48\">48 meses<\/option>\r\n<option value=\"60\">60 meses<\/option>\r\n<option value=\"72\">72 meses<\/option>\r\n<option value=\"84\">84 meses<\/option>\r\n<option value=\"96\">96 meses<\/option>\r\n<option value=\"108\">108 meses<\/option>\r\n<option value=\"120\">120 meses<\/option>\r\n<\/select>\r\n<h2 id=\"monthlyPayment\">CHF 206.45<\/h2>\r\n<a href=\"https:\/\/almacredit.ch\/demander-un-credit-prive\/\"><button style=\"background-color: #6bb018; color: white; padding: 10px 20px; border: none; border-radius: 5px; cursor: pointer;\">PEDIR UM CR\u00c9DITO<\/button><\/a><\/div>\r\n\r\n<p>&nbsp;<\/p>\r\n\r\n<pre>O seu pedido \u00e9 gratuito e a nossa oferta \u00e9 sem compromisso.<\/pre>\r\n<p><style>\r\n        body {\r\n            font-family: 'Arial', sans-serif;\r\n            padding: 20px;\r\n            background-color: #f5f5f5;\r\n        }\r\n\r\n        h2, h5 {\r\n            color: #6bb018;\r\n        }\r\n\r\n        .credit-container {\r\n            background-color: #ffffff;\r\n            border: 1px solid #e0e0e0;\r\n            padding: 30px;\r\n            margin-bottom: 20px;\r\n            border-radius: 15px;\r\n            box-shadow: 0px 5px 10px rgba(0, 0, 0, 0.1);\r\n        }\r\n\r\n        ul {\r\n            list-style-type: square;\r\n            margin-left: 20px;\r\n        }\r\n\r\n        li {\r\n            margin-bottom: 10px;\r\n        }\r\n    <\/style><\/p>\r\n<div class=\"credit-container\">\r\n<h2><strong>Condi\u00e7\u00f5es<\/strong><\/h2>\r\n<ul>\r\n<li>O montante do cr\u00e9dito pode variar de CHF 3&#8217;000 a CHF 400&#8217;000.<\/li>\r\n<li>A dura\u00e7\u00e3o do cr\u00e9dito pode ser de 6 a 120 meses.<\/li>\r\n<li>Deve ter atividades lucrativas na Su\u00ed\u00e7a.<\/li>\r\n<li>Rendimentos l\u00edquidos &gt; CHF 2&#8217;800.-<\/li>\r\n<li>Ter resid\u00eancia fixa na Su\u00ed\u00e7a.<\/li>\r\n<li>Ter pelo menos 18 anos de idade.<\/li>\r\n<li>Possuir nacionalidade su\u00ed\u00e7a, autoriza\u00e7\u00e3o de estabelecimento C ou autoriza\u00e7\u00e3o de resid\u00eancia B.<\/li>\r\n<li>Se possuir uma habita\u00e7\u00e3o pr\u00f3pria, beneficia de taxas de juro mais baixas. Deve ser o \u00fanico propriet\u00e1rio ou copropriet\u00e1rio de uma habita\u00e7\u00e3o na Su\u00ed\u00e7a h\u00e1 pelo menos 6 meses (inscri\u00e7\u00e3o no registo predial)<\/li>\r\n<\/ul>\r\n<\/div>\r\n\r\n\r\n\r\n\r\n\r\n<p>&nbsp;<\/p>\r\n\r\n\r\n\r\n<div class=\"wp-block-group is-vertical is-layout-flex wp-container-core-group-is-layout-8cf370e7 wp-block-group-is-layout-flex\">\r\n<div class=\"wp-block-group\"><div class=\"wp-block-group__inner-container is-layout-constrained wp-block-group-is-layout-constrained\">\r\n<h2 class=\"wp-block-heading\"><strong>Como Funciona?<\/strong><\/h2>\r\n\r\n\r\n\r\n<div class=\"wp-block-group is-vertical is-layout-flex wp-container-core-group-is-layout-8cf370e7 wp-block-group-is-layout-flex\">\r\n<p>&nbsp;<\/p>\r\n\r\n\r\n\r\n<div class=\"wp-block-group\"><div class=\"wp-block-group__inner-container is-layout-constrained wp-block-group-is-layout-constrained\">\r\n<h2 class=\"wp-block-heading\"><strong>Pedido Online<\/strong><\/h2>\r\n<p>Preencha simplesmente o formul\u00e1rio online no nosso site. Diga-nos do que precisa e forne\u00e7a as informa\u00e7\u00f5es necess\u00e1rias para o seu pedido de cr\u00e9dito.<\/p>\r\n<h2><strong>Aprova\u00e7\u00e3o<\/strong><\/h2>\r\n<p>Assim que enviar o seu pedido, a nossa equipa ir\u00e1 process\u00e1-lo rapidamente. Logo que o seu pedido for aprovado, inform\u00e1-lo-emos.<\/p>\r\n<h2><strong>Rece\u00e7\u00e3o da Oferta<\/strong><\/h2>\r\n<p>Ap\u00f3s a aprova\u00e7\u00e3o, enviaremos uma oferta personalizada. Escolha se prefere receb\u00ea-la por e-mail ou por correio postal.<\/p>\r\n<h2><strong>Transfer\u00eancia de Dinheiro<\/strong><\/h2>\r\n<p>Uma vez que aceite a nossa oferta, transferiremos o montante aprovado diretamente para a sua conta banc\u00e1ria. Cabe a si decidir como utilizar estes fundos para as suas necessidades.<\/p>\r\n<p>&nbsp;<\/p>\r\n<\/div><\/div>\r\n<\/div>\r\n<\/div><\/div>\r\n<\/div>\r\n\r\n<p><img decoding=\"async\" class=\"alignnone wp-image-2915 size-full\" src=\"https:\/\/almacredit.ch\/wp-content\/uploads\/2023\/11\/1.png\" alt=\"\" width=\"1664\" height=\"1248\" srcset=\"https:\/\/almacredit.ch\/wp-content\/uploads\/2023\/11\/1.png 1664w, https:\/\/almacredit.ch\/wp-content\/uploads\/2023\/11\/1-300x225.png 300w, https:\/\/almacredit.ch\/wp-content\/uploads\/2023\/11\/1-1024x768.png 1024w, https:\/\/almacredit.ch\/wp-content\/uploads\/2023\/11\/1-768x576.png 768w, https:\/\/almacredit.ch\/wp-content\/uploads\/2023\/11\/1-1536x1152.png 1536w\" sizes=\"(max-width: 1664px) 100vw, 1664px\" \/><\/p>\r\n\r\n<div class=\"wp-block-columns alignfull has-text-color has-background is-layout-flex wp-container-core-columns-is-layout-9d6595d7 wp-block-columns-is-layout-flex\" style=\"color: #000000; background-color: #ffffff;\">\r\n<div class=\"wp-block-column is-layout-flow wp-block-column-is-layout-flow\">\r\n<h3 class=\"wp-block-heading\" style=\"font-size: 24px; line-height: 1.3;\">(ART.3 LCD)<\/h3>\r\n\r\n\r\n\r\n\r\n\r\n<p>A concess\u00e3o de um cr\u00e9dito \u00e9 proibida se levar ao sobre-endividamento do consumidor.<\/p>\r\n<\/div>\r\n\r\n\r\n\r\n<div class=\"wp-block-column is-layout-flow wp-block-column-is-layout-flow\">\r\n<h3 class=\"wp-block-heading\"><strong>Exemplo de c\u00e1lculo:<\/strong><\/h3>\r\n\r\n\r\n\r\n<p>Empr\u00e9stimo de CHF 10\u2019000. Uma taxa de juro anual efetiva entre 4.5% e 10.95% e uma dura\u00e7\u00e3o de 12 meses resultam em juros totais entre CHF 240 e CHF 574. Dura\u00e7\u00e3o: 6-120 meses; Taxa de juro anual m\u00e1xima (incluindo todas as despesas do cr\u00e9dito) 10.95%.<\/p>\r\n<\/div>\r\n<\/div>\r\n\r\n\r\n\r\n<p>&nbsp;<\/p>\r\n","protected":false},"excerpt":{"rendered":"<p>A Sua Solu\u00e7\u00e3o de Cr\u00e9dito Privado, simplesmente Na ALMA CR\u00c9DITO, tornamos o cr\u00e9dito privado simples e r\u00e1pido. De que valor necessita? Montante desejado (CHF): Dura\u00e7\u00e3o (meses):12 meses24 meses36 meses48 meses60 meses72 meses84 meses96 meses108 meses120 meses CHF 206.45 PEDIR UM CR\u00c9DITO &nbsp; O seu pedido \u00e9 gratuito e a nossa oferta \u00e9 sem compromisso. Condi\u00e7\u00f5es [&hellip;]<\/p>\n","protected":false},"author":1,"featured_media":0,"parent":0,"menu_order":0,"comment_status":"closed","ping_status":"closed","template":"templates\/template-page-full-width.php","meta":{"_coblocks_attr":"","_coblocks_dimensions":"","_coblocks_responsive_height":"","_coblocks_accordion_ie_support":"","om_disable_all_campaigns":false,"_monsterinsights_skip_tracking":false,"_monsterinsights_sitenote_active":false,"_monsterinsights_sitenote_note":"","_monsterinsights_sitenote_category":0,"footnotes":""},"class_list":["post-2876","page","type-page","status-publish","hentry"],"aioseo_notices":[],"_links":{"self":[{"href":"https:\/\/almacredit.ch\/pt-pt\/wp-json\/wp\/v2\/pages\/2876","targetHints":{"allow":["GET"]}}],"collection":[{"href":"https:\/\/almacredit.ch\/pt-pt\/wp-json\/wp\/v2\/pages"}],"about":[{"href":"https:\/\/almacredit.ch\/pt-pt\/wp-json\/wp\/v2\/types\/page"}],"author":[{"embeddable":true,"href":"https:\/\/almacredit.ch\/pt-pt\/wp-json\/wp\/v2\/users\/1"}],"replies":[{"embeddable":true,"href":"https:\/\/almacredit.ch\/pt-pt\/wp-json\/wp\/v2\/comments?post=2876"}],"version-history":[{"count":32,"href":"https:\/\/almacredit.ch\/pt-pt\/wp-json\/wp\/v2\/pages\/2876\/revisions"}],"predecessor-version":[{"id":4153,"href":"https:\/\/almacredit.ch\/pt-pt\/wp-json\/wp\/v2\/pages\/2876\/revisions\/4153"}],"wp:attachment":[{"href":"https:\/\/almacredit.ch\/pt-pt\/wp-json\/wp\/v2\/media?parent=2876"}],"curies":[{"name":"wp","href":"https:\/\/api.w.org\/{rel}","templated":true}]}}