{"id":2799,"date":"2023-08-26T07:14:55","date_gmt":"2023-08-26T06:14:55","guid":{"rendered":"https:\/\/almacredit.ch\/?page_id=2799"},"modified":"2023-11-15T09:21:32","modified_gmt":"2023-11-15T08:21:32","slug":"bem-vindo","status":"publish","type":"page","link":"https:\/\/almacredit.ch\/pt-pt\/","title":{"rendered":"Bem-vindo"},"content":{"rendered":"\r\n\r\n\r\n\r\n\r\n\r\n\r\n\r\n<!-- Melhorias SEO para a p\u00e1gina principal de almacredit.ch -->\r\n\r\n<!-- Palavras-chave relevantes -->\r\n\r\n<!-- T\u00edtulo e Descri\u00e7\u00f5es Meta -->\r\n\r\n<!-- Otimiza\u00e7\u00e3o de imagens -->\r\n<!-- Certifique-se de que todas as imagens tenham o atributo 'alt' para melhor SEO e acessibilidade -->\r\n<!-- <img decoding=\"async\" src=\"caminho\/para\/sua\/imagem.jpg\" alt=\"Descri\u00e7\u00e3o da imagem\"> -->\r\n\r\n<!-- Crie um mapa do site -->\r\n<!-- Adicione um link para o seu sitemap.xml no diret\u00f3rio raiz -->\r\n<!--  \t<link rel=\"sitemap\" type=\"application\/xml\" title=\"Mapa do Site\" href=\"\/sitemap.xml\"> -->\r\n\r\n","protected":false},"excerpt":{"rendered":"","protected":false},"author":1,"featured_media":0,"parent":0,"menu_order":0,"comment_status":"closed","ping_status":"closed","template":"templates\/template-homepage.php","meta":{"_coblocks_attr":"","_coblocks_dimensions":"","_coblocks_responsive_height":"","_coblocks_accordion_ie_support":"","om_disable_all_campaigns":false,"_monsterinsights_skip_tracking":false,"_monsterinsights_sitenote_active":false,"_monsterinsights_sitenote_note":"","_monsterinsights_sitenote_category":0,"footnotes":""},"class_list":["post-2799","page","type-page","status-publish","hentry"],"aioseo_notices":[],"_links":{"self":[{"href":"https:\/\/almacredit.ch\/pt-pt\/wp-json\/wp\/v2\/pages\/2799","targetHints":{"allow":["GET"]}}],"collection":[{"href":"https:\/\/almacredit.ch\/pt-pt\/wp-json\/wp\/v2\/pages"}],"about":[{"href":"https:\/\/almacredit.ch\/pt-pt\/wp-json\/wp\/v2\/types\/page"}],"author":[{"embeddable":true,"href":"https:\/\/almacredit.ch\/pt-pt\/wp-json\/wp\/v2\/users\/1"}],"replies":[{"embeddable":true,"href":"https:\/\/almacredit.ch\/pt-pt\/wp-json\/wp\/v2\/comments?post=2799"}],"version-history":[{"count":1,"href":"https:\/\/almacredit.ch\/pt-pt\/wp-json\/wp\/v2\/pages\/2799\/revisions"}],"predecessor-version":[{"id":2800,"href":"https:\/\/almacredit.ch\/pt-pt\/wp-json\/wp\/v2\/pages\/2799\/revisions\/2800"}],"wp:attachment":[{"href":"https:\/\/almacredit.ch\/pt-pt\/wp-json\/wp\/v2\/media?parent=2799"}],"curies":[{"name":"wp","href":"https:\/\/api.w.org\/{rel}","templated":true}]}}