{"id":2382,"date":"2023-08-27T12:27:00","date_gmt":"2023-08-27T11:27:00","guid":{"rendered":"https:\/\/almacredit.ch\/avantages\/"},"modified":"2023-11-14T17:03:21","modified_gmt":"2023-11-14T16:03:21","slug":"avantages","status":"publish","type":"page","link":"https:\/\/almacredit.ch\/pt-pt\/sobre-nos\/avantages\/","title":{"rendered":"Vantagens"},"content":{"rendered":"\r\n<p>&nbsp;<\/p>\r\n<p>&nbsp;<\/p>\r\n<p>&nbsp;<\/p>\r\n<p><style>\r\n        body {\r\n            font-family: 'Arial', sans-serif;\r\n            padding: 20px;\r\n            background-color: #f5f5f5;\r\n            margin: 0;\r\n        }\r\n\r\n        h5 {\r\n            color: #6bb018;\r\n            white-space: nowrap;\r\n        }\r\n\r\n        p {\r\n            color: #555;\r\n            text-align: justify;\r\n        }\r\n\r\n        .contactinfo-item {\r\n            background-color: #ffffff;\r\n            border: 1px solid #e0e0e0;\r\n            padding: 30px;\r\n            margin-bottom: 20px;\r\n            border-radius: 15px;\r\n            box-shadow: 0px 5px 10px rgba(0, 0, 0, 0.1);\r\n            width: 100%;\r\n        }\r\n\r\n        .contactinfo-head {\r\n            display: flex;\r\n            align-items: center;\r\n        }\r\n\r\n        .contactinfo-icon {\r\n            margin-right: 15px;\r\n            position: relative;\r\n            animation: spin 2s linear infinite;\r\n        }\r\n\r\n        @keyframes spin {\r\n            0% { transform: rotate(0deg); }\r\n            100% { transform: rotate(360deg); }\r\n        }\r\n\r\n        .contactinfo-count {\r\n            position: absolute;\r\n            top: 50%;\r\n            left: 50%;\r\n            transform: translate(-50%, -50%);\r\n            font-size: 1.5rem;\r\n        }\r\n    <\/style><\/p>\r\n<div class=\"contactinfo-item\">\r\n<div class=\"contactinfo-head\">\r\n<div class=\"contactinfo-icon\">\r\n<div class=\"contactinfo-count\">\ud83d\udcbc<\/div>\r\n<\/div>\r\n<h5>Sem Custos Ocultos<\/h5>\r\n<\/div>\r\n<p>Na Alma Credit, a transpar\u00eancia \u00e9 essencial. N\u00e3o impomos quaisquer taxas de processamento, garantindo assim que as suas mensalidades sejam claras e previs\u00edveis.<\/p>\r\n<\/div>\r\n<div class=\"contactinfo-item\">\r\n<div class=\"contactinfo-head\">\r\n<div class=\"contactinfo-icon\">\r\n<div class=\"contactinfo-count\">\ud83d\udd12<\/div>\r\n<\/div>\r\n<h5>Confidencialidade Garantida<\/h5>\r\n<\/div>\r\n<p>Com a Alma Credit, n\u00e3o precisa divulgar os motivos do seu empr\u00e9stimo. A sua privacidade \u00e9 respeitada em cada etapa do seu pedido.<\/p>\r\n<\/div>\r\n<div class=\"contactinfo-item\">\r\n<div class=\"contactinfo-head\">\r\n<div class=\"contactinfo-icon\">\r\n<div class=\"contactinfo-count\">\ud83d\udcb8<\/div>\r\n<\/div>\r\n<h5>Otimiza\u00e7\u00e3o Fiscal<\/h5>\r\n<\/div>\r\n<p>Os juros do seu cr\u00e9dito na Alma Credit podem ser dedut\u00edveis nos seus impostos, permitindo-lhe economizar.<\/p>\r\n<\/div>\r\n<div class=\"contactinfo-item\">\r\n<div class=\"contactinfo-head\">\r\n<div class=\"contactinfo-icon\">\r\n<div class=\"contactinfo-count\">\ud83e\udd14<\/div>\r\n<\/div>\r\n<h5>Fa\u00e7a a Sua Escolha<\/h5>\r\n<\/div>\r\n<p>Na Alma Credit, a decis\u00e3o \u00e9 sua. Escolha o montante do seu cr\u00e9dito de uma gama que vai de CHF 3&#8217;000.- a CHF 400&#8217;000.-.<\/p>\r\n<\/div>\r\n<div class=\"contactinfo-item\">\r\n<div class=\"contactinfo-head\">\r\n<div class=\"contactinfo-icon\">\r\n<div class=\"contactinfo-count\">\ud83d\udd04<\/div>\r\n<\/div>\r\n<h5>Flexibilidade de Pagamento<\/h5>\r\n<\/div>\r\n<p>Oferecemos-lhe a liberdade de escolher o prazo de pagamento que se adequa ao seu or\u00e7amento, com presta\u00e7\u00f5es mensais ajust\u00e1veis de 6 a 120 meses.<\/p>\r\n<\/div>\r\n<div class=\"contactinfo-item\">\r\n<div class=\"contactinfo-head\">\r\n<div class=\"contactinfo-icon\">\r\n<div class=\"contactinfo-count\">\ud83d\udd70\ufe0f<\/div>\r\n<\/div>\r\n<h5>Pagamento Antecipado Gratuito<\/h5>\r\n<\/div>\r\n<p>Se desejar, pode pagar o seu cr\u00e9dito antecipadamente, sem incorrer em custos adicionais.<\/p>\r\n<\/div>\r\n<div class=\"contactinfo-item\">\r\n<div class=\"contactinfo-head\">\r\n<div class=\"contactinfo-icon\">\r\n<div class=\"contactinfo-count\">\ud83d\udd0d<\/div>\r\n<\/div>\r\n<h5>Total Transpar\u00eancia<\/h5>\r\n<\/div>\r\n<p>Na Alma Credit, promovemos uma abordagem transparente. A nossa oferta \u00e9 clara, sem custos ocultos, e o nosso servi\u00e7o \u00e9 personalizado para atender \u00e0s suas necessidades.<\/p>\r\n<\/div>\r\n\r\n\r\n\r\n<p>&nbsp;<\/p>\r\n\r\n<p>&nbsp;<\/p>","protected":false},"excerpt":{"rendered":"<p>&nbsp; &nbsp; &nbsp; \ud83d\udcbc Sem Custos Ocultos Na Alma Credit, a transpar\u00eancia \u00e9 essencial. N\u00e3o impomos quaisquer taxas de processamento, garantindo assim que as suas mensalidades sejam claras e previs\u00edveis. \ud83d\udd12 Confidencialidade Garantida Com a Alma Credit, n\u00e3o precisa divulgar os motivos do seu empr\u00e9stimo. A sua privacidade \u00e9 respeitada em cada etapa do seu [&hellip;]<\/p>\n","protected":false},"author":1,"featured_media":0,"parent":2791,"menu_order":0,"comment_status":"closed","ping_status":"closed","template":"","meta":{"_coblocks_attr":"","_coblocks_dimensions":"","_coblocks_responsive_height":"","_coblocks_accordion_ie_support":"","om_disable_all_campaigns":false,"_monsterinsights_skip_tracking":false,"_monsterinsights_sitenote_active":false,"_monsterinsights_sitenote_note":"","_monsterinsights_sitenote_category":0,"footnotes":""},"class_list":["post-2382","page","type-page","status-publish","hentry"],"aioseo_notices":[],"_links":{"self":[{"href":"https:\/\/almacredit.ch\/pt-pt\/wp-json\/wp\/v2\/pages\/2382","targetHints":{"allow":["GET"]}}],"collection":[{"href":"https:\/\/almacredit.ch\/pt-pt\/wp-json\/wp\/v2\/pages"}],"about":[{"href":"https:\/\/almacredit.ch\/pt-pt\/wp-json\/wp\/v2\/types\/page"}],"author":[{"embeddable":true,"href":"https:\/\/almacredit.ch\/pt-pt\/wp-json\/wp\/v2\/users\/1"}],"replies":[{"embeddable":true,"href":"https:\/\/almacredit.ch\/pt-pt\/wp-json\/wp\/v2\/comments?post=2382"}],"version-history":[{"count":4,"href":"https:\/\/almacredit.ch\/pt-pt\/wp-json\/wp\/v2\/pages\/2382\/revisions"}],"predecessor-version":[{"id":2673,"href":"https:\/\/almacredit.ch\/pt-pt\/wp-json\/wp\/v2\/pages\/2382\/revisions\/2673"}],"up":[{"embeddable":true,"href":"https:\/\/almacredit.ch\/pt-pt\/wp-json\/wp\/v2\/pages\/2791"}],"wp:attachment":[{"href":"https:\/\/almacredit.ch\/pt-pt\/wp-json\/wp\/v2\/media?parent=2382"}],"curies":[{"name":"wp","href":"https:\/\/api.w.org\/{rel}","templated":true}]}}