{"id":3424,"date":"2023-08-26T07:01:28","date_gmt":"2023-08-26T06:01:28","guid":{"rendered":"https:\/\/almacredit.ch\/privacy-policy\/"},"modified":"2023-12-01T13:22:25","modified_gmt":"2023-12-01T12:22:25","slug":"privacy-policy","status":"publish","type":"page","link":"https:\/\/almacredit.ch\/it\/privacy-policy\/","title":{"rendered":"Informazioni Giuridiche"},"content":{"rendered":"\r\n\r\n\r\n<div class=\"block\">\r\n<div class=\"flex-shrink-0 flex flex-col relative items-end\">\r\n<div>\r\n<div class=\"pt-0.5\">\r\n<div class=\"gizmo-shadow-stroke flex h-6 w-6 items-center justify-center overflow-hidden rounded-full\">\r\n<h2 class=\"relative p-1 rounded-sm h-9 w-9 text-white flex items-center justify-center\"><strong>Informazioni legali per l&#8217;uso del sito di Alma Credit (Base)<\/strong><\/h2>\r\n<\/div>\r\n<\/div>\r\n<\/div>\r\n<\/div>\r\n<div class=\"relative flex w-full flex-col lg:w-[calc(100%-115px)] agent-turn\">\r\n<div class=\"flex-col gap-1 md:gap-3\">\r\n<div class=\"flex flex-grow flex-col max-w-full\">\r\n<div class=\"text-message flex flex-col items-start gap-3 whitespace-pre-wrap break-words [.text-message+&amp;]:mt-5 overflow-x-auto\" data-message-author-role=\"assistant\" data-message-id=\"3b239858-c113-48dc-a311-ddf5e6387dc7\">\r\n<div class=\"markdown prose w-full break-words dark:prose-invert dark\">\r\n<p><strong>Oggetto<\/strong>: Le presenti condizioni definiscono le modalit\u00e0 di utilizzo del sito internet di Alma Credit. Chiunque acceda al sito \u00e8 considerato un utente e accetta queste condizioni.<\/p>\r\n<p><strong>Propriet\u00e0 intellettuale:<\/strong> Tutti i contenuti (testi, immagini, grafiche, loghi) presenti sul sito di Alma Credit sono protetti dal diritto d&#8217;autore e altre leggi relative alla propriet\u00e0 intellettuale. Ogni riproduzione, anche parziale, \u00e8 vietata senza il previo consenso di Alma Credit.<\/p>\r\n<p><strong>Protezione dei dati:<\/strong> Alma Credit si impegna a proteggere i dati personali degli utenti in conformit\u00e0 con la normativa vigente in Svizzera e la propria politica di riservatezza.<\/p>\r\n<p><strong>Limitazione di responsabilit\u00e0:<\/strong> Sebbene Alma Credit si impegni ad assicurare l&#8217;affidabilit\u00e0 delle informazioni presenti sul sito, non pu\u00f2 garantirne l&#8217;accuratezza, completezza o pertinenza. L&#8217;utente utilizza il sito a proprio rischio. Alma Credit non sar\u00e0 responsabile per alcun danno derivante dall&#8217;uso del sito.<\/p>\r\n<p><strong>Link esterni:<\/strong> Il sito pu\u00f2 contenere link ad altri siti internet. Alma Credit non \u00e8 responsabile del contenuto e delle pratiche di questi siti esterni.<\/p>\r\n<p><strong>Cookies:<\/strong> Il sito di Alma Credit utilizza cookies per migliorare l&#8217;esperienza utente. Utilizzando il sito, l&#8217;utente accetta l&#8217;uso di questi cookies conformemente alla politica dei cookies di Alma Credit.<\/p>\r\n<p><strong>Modifiche:<\/strong> Alma Credit si riserva il diritto di modificare le presenti informazioni legali in qualsiasi momento. Gli utenti sono invitati a consultare regolarmente questa sezione per prendere nota delle modifiche.<\/p>\r\n<p><strong>Legge applicabile e giurisdizione:<\/strong> Queste informazioni legali sono regolate dalla legge svizzera. Qualsiasi controversia relativa all&#8217;interpretazione o all&#8217;esecuzione di queste condizioni sar\u00e0 sottoposta ai tribunali competenti in Svizzera.<\/p>\r\n<h2>Note legali<\/h2>\r\n<p>Ogni utente del sito internet di Alma Credit \u00e8 invitato a leggere attentamente le presenti condizioni di utilizzo.<\/p>\r\n<p>Accedendo a questo sito Internet, l&#8217;utente dichiara di essere d&#8217;accordo con le condizioni che seguono, le quali sono esclusivamente redatte in francese. Se l&#8217;utente non approva le condizioni definite di seguito o non le comprende completamente, \u00e8 pregato di rinunciare a qualsiasi accesso al sito.<\/p>\r\n<h2>Sicurezza e riservatezza dei dati<\/h2>\r\n<p>Internet \u00e8 una rete aperta accessibile a tutti. Quando l&#8217;utente visita il sito web di Alma Credit, terze parti possono trarre conclusioni sull&#8217;eventuale esistenza di una relazione commerciale tra l&#8217;utente e Alma Credit. La trasmissione di informazioni su Internet pu\u00f2 essere soggetta a disturbi, ritardi o errori di trasmissione dei dati che non dipendono dal potere di Alma Credit o di un fornitore di informazioni. Alma Credit o i fornitori di informazioni non sono responsabili per danni o danni consequenziali derivanti da tali problemi. Allo stesso modo, Alma Credit declina ogni responsabilit\u00e0 in caso di perdite o danni di qualsiasi tipo causati dall&#8217;uso di questo sito web o delle informazioni in esso contenute. Le informazioni presenti su questo sito possono essere modificate in qualsiasi momento senza preavviso specifico. Quando l&#8217;utente attiva link forniti sul sito di Alma Credit, \u00e8 possibile che lasci il sito. Alma Credit non ha verificato gli altri siti collegati al sito web tramite link e declina ogni responsabilit\u00e0 per i loro contenuti e i prodotti, servizi e altre offerte presentati.<\/p>\r\n<h2>Propriet\u00e0 intellettuale e altre note<\/h2>\r\n<p>L&#8217;intero sito \u00e8 di propriet\u00e0 esclusiva di Alma Credit, fatta eccezione per i diritti appartenenti a terzi. La riproduzione (completa o parziale), la trasmissione (elettronica o altri mezzi), la modifica, la creazione di collegamenti o l&#8217;uso del sito web di Alma Credit per scopi pubblici o commerciali sono vietati senza il consenso scritto preventivo di Alma Credit.<\/p>\r\n<p>Ogni controversia relativa al sito o derivante dal suo utilizzo o accesso \u00e8 sottoposta alla giurisdizione esclusiva dei tribunali competenti del cantone di Vaud, salvo ricorso eventuale al Tribunale federale di Losanna. Si applica il diritto svizzero.<\/p>\r\n<h2>Esame della domanda e informazioni sulla solvibilit\u00e0 del richiedente del credito:<\/h2>\r\n<p>Confermo che tutte le informazioni fornite nella mia domanda sono complete, aggiornate ed esatte e autorizzo Alma Credit a ottenere informazioni su di me nell&#8217;ambito dell&#8217;esame della mia domanda e dell&#8217;esecuzione della relazione contrattuale da parte di terzi, in particolare da banche, dalla centrale d&#8217;informazione di credito (ZEK), da autorit\u00e0 (ad es. l&#8217;ufficio delle esecuzioni, l&#8217;ufficio del registro fondiario, le amministrazioni fiscali, il controllo degli abitanti, le autorit\u00e0 di protezione dei minori e degli adulti), da societ\u00e0 di informazioni economiche, da intermediari di credito, da datori di lavoro, da societ\u00e0 del gruppo di Alma Credit e, se del caso, dal centro di informazioni sul credito al consumo (IKO). A questi fini, sollevo tali enti dal segreto bancario, dal segreto postale, dal segreto di ufficio o dal segreto commerciale. Prendo atto del fatto che Alma Credit \u00e8 tenuto, se del caso, a dichiarare un leasing al consumo o un credito al consumo da concedere o concesso presso il centro di informazioni sul credito al consumo (IKO). Autorizzo inoltre Alma Credit a dichiarare la presente domanda alla ZEK e, in caso di obblighi legali corrispondenti, ad altri organismi. Sono in particolare dichiarati il tipo, l&#8217;importo e le modalit\u00e0 di credito o di finanziamento, nonch\u00e9 i dati personali del o dei locatari e gli eventuali ritardi di pagamento qualificati o abusi. Riconosco che la ZEK ha il diritto di comunicare ai suoi membri informazioni sui dati trasmessi. Alma Credit pu\u00f2 rifiutare la domanda senza fornire motivi.<\/p>\r\n<h2>Collaborazione con intermediari:<\/h2>\r\n<p>Prendo atto del fatto che, in caso di domande trasmesse da un intermediario, Alma Credit pu\u00f2 scambiare le informazioni necessarie con questo intermediario nell&#8217;ambito dell&#8217;esame della domanda \/ della solvibilit\u00e0 nonch\u00e9 della conclusione e dell&#8217;esecuzione del contratto (ad es. i parametri e il risultato dell&#8217;esame della domanda, la consegna dei documenti contrattuali, le informazioni sullo stato del contratto e il comportamento di pagamento nonch\u00e9 il saldo) e sollevo Alma Credit dal segreto bancario in questo ambito e nella misura necessaria.<\/p>\r\n<h2>Informazioni sui partner:<\/h2>\r\n<p>Se ho fornito informazioni sul mio coniuge o sul mio partner registrato (di seguito &#8220;il partner&#8221;) nella domanda, confermo che (i) ho informato il mio partner di questa domanda, (ii) Alma Credit pu\u00f2 verificare le informazioni sopra menzionate contattando direttamente il mio partner, e (iii) il mio partner accetta che Alma Credit possa ottenere informazioni su di lui come descritto sopra (compreso l&#8217;invio di richieste di informazioni alla ZEK).<\/p>\r\n<h2>Trattamento dei dati:<\/h2>\r\n<div class=\"flex-1 overflow-hidden\">\r\n<div class=\"react-scroll-to-bottom--css-uajyy-79elbk h-full\">\r\n<div class=\"react-scroll-to-bottom--css-uajyy-1n7m0yu\">\r\n<div class=\"flex flex-col pb-9 text-sm\">\r\n<div class=\"w-full text-token-text-primary\" data-testid=\"conversation-turn-3\">\r\n<div class=\"px-4 py-2 justify-center text-base md:gap-6 m-auto\">\r\n<div class=\"flex flex-1 text-base mx-auto gap-3 md:px-5 lg:px-1 xl:px-5 md:max-w-3xl lg:max-w-[40rem] xl:max-w-[48rem] } group final-completion\">\r\n<div class=\"relative flex w-full flex-col lg:w-[calc(100%-115px)] agent-turn\">\r\n<div class=\"flex-col gap-1 md:gap-3\">\r\n<div class=\"flex flex-grow flex-col max-w-full\">\r\n<div class=\"min-h-[20px] text-message flex flex-col items-start gap-3 whitespace-pre-wrap break-words [.text-message+&amp;]:mt-5 overflow-x-auto\" data-message-author-role=\"assistant\" data-message-id=\"8e415b57-88dd-4012-a4f5-59d6b0bf191b\">\r\n<div class=\"markdown prose w-full break-words dark:prose-invert dark\">\r\n<p>Prendo atto del fatto che Alma Credit pu\u00f2 trattare i miei dati per esaminare la mia richiesta nonch\u00e9 a fini di valutazione dei rischi e di marketing (valutazione dei dati e creazione di un profilo). Inoltre, altri prodotti e servizi, compresi quelli delle societ\u00e0 del gruppo di Alma Credit e di terzi, possono essere offerti a me tramite posta o telefono. Posso revocare in qualsiasi momento questo trattamento dei miei dati a fini di marketing. Indicando il mio indirizzo e-mail, accetto anche che Alma Credit possa inviarmi le offerte sopra menzionate via e-mail. Nell&#8217;ambito della comunicazione aperta via e-mail, accetto espressamente il rischio che i miei dati possano essere intercettati o divulgati da terzi durante la loro trasmissione, o che terzi non autorizzati possano dedurre l&#8217;esistenza di un rapporto contrattuale tra Alma Credit e me stesso e che, di conseguenza, la protezione delle informazioni riservate o il segreto professionale del banchiere non sono garantiti. Posso revocare in qualsiasi momento il mio consenso all&#8217;invio elettronico di messaggi pubblicitari.<\/p>\r\n<\/div>\r\n<\/div>\r\n<\/div>\r\n<\/div>\r\n<\/div>\r\n<\/div>\r\n<\/div>\r\n<\/div>\r\n<\/div>\r\n<\/div>\r\n<\/div>\r\n<\/div>\r\n<\/div>\r\n<\/div>\r\n<\/div>\r\n<\/div>\r\n<\/div>\r\n<\/div>\r\n<div class=\"block\">\r\n<h2><strong>Collaborazione con i fornitori di servizi (outsourcing):<\/strong><\/h2>\r\n<p>Prendo atto del fatto che Alma Credit pu\u00f2 affidare a terzi (\u00abfornitori di servizi\u00bb) alcuni servizi, in particolare nel campo dell&#8217;elaborazione dei processi commerciali, della sicurezza informatica e del controllo dei sistemi, dello studio e della prospezione di mercato, del calcolo dei rischi di credito e di mercato legati all&#8217;attivit\u00e0, nonch\u00e9 dell&#8217;amministrazione delle relazioni contrattuali (ad es. l&#8217;elaborazione di richieste e contratti, l&#8217;incasso, la comunicazione con i clienti). Alma Credit fornisce a questi fornitori di servizi i dati necessari per adempiere ai loro obblighi contrattuali e pu\u00f2 anche trasferire questi dati all&#8217;estero per questo scopo. I fornitori di servizi, i loro collaboratori e i loro subappaltatori sono tenuti contrattualmente a mantenere la riservatezza. I fornitori di servizi sono generalmente situati in Svizzera o nell&#8217;UE\/SEE, ma possono teoricamente essere stabiliti in tutto il mondo. Se i dati personali vengono trasferiti in un paese che, dal punto di vista della Svizzera, non dispone di un adeguato livello di protezione dei dati, Alma Credit adotta misure di sicurezza appropriate per garantire che i dati in questione siano adeguatamente protetti (in particolare applicando clausole standard di protezione dei dati).<\/p>\r\n<h2><strong>Comunicazione elettronica:<\/strong><\/h2>\r\n<p>Prendo atto del fatto che la comunicazione tra Alma Credit e me stesso o l&#8217;intermediario pu\u00f2 avvenire per via elettronica. L&#8217;intermediario e Alma Credit non possono garantire la riservatezza dei dati durante la loro trasmissione su Internet. Pertanto, terzi possono dedurre l&#8217;esistenza o l&#8217;imminente esistenza di una relazione d&#8217;affari (eventualmente di una relazione bancaria) tra me e Alma Credit.<\/p>\r\n<h2><strong>Protezione dei dati:<\/strong><\/h2>\r\n<p>Per ulteriori informazioni sul trattamento dei dati personali da parte di Alma Credit, si prega di consultare la dichiarazione di protezione dei dati sul sito web di Alma Credit o di informarsi presso di esso.<\/p>\r\n<h2><strong>Esclusione di responsabilit\u00e0:<\/strong><\/h2>\r\n<p>Alma Credit non assume alcuna responsabilit\u00e0 per le perdite e i danni diretti o indiretti di qualsiasi natura derivanti dall&#8217;accesso al sito o dall&#8217;uso delle informazioni o consigli disponibili su questo sito o dall&#8217;impossibilit\u00e0 di accedere o utilizzare le informazioni o i consigli disponibili su questo sito. In particolare, la responsabilit\u00e0 di Alma Credit cos\u00ec come dei suoi amministratori, direttori, dipendenti, ausiliari e azionisti, per qualsiasi danno o perdita subiti a seguito di un errore, tecnico o no, un fallimento di trasferimento, una situazione di sovraccarico, una difficolt\u00e0 di utilizzo, un&#8217;interruzione del servizio (incluso in particolare il servizio di manutenzione del sistema), un ritardo nella trasmissione delle informazioni, un&#8217;incompatibilit\u00e0 tra questo sito e i file e\/o software dell&#8217;utente (in particolare con il suo &#8220;browser&#8221;) e\/o il suo computer, un malfunzionamento, un&#8217;interferenza, la trasmissione di un virus o di un verme informatico al suo computer, un accesso illegale (ad esempio a seguito di un attacco informatico), un blocco intenzionale degli strumenti e delle reti di telecomunicazione (ad esempio a seguito di un invio massiccio di e-mail o di attacchi di denial of service) o a qualsiasi altra inadeguatezza dei fornitori di servizi di telecomunicazione o di rete \u00e8 esclusa.<\/p>\r\n<h2><strong>Restrizioni di accesso:<\/strong><\/h2>\r\n<p>Il sito non \u00e8 destinato a persone soggette a giurisdizioni in cui (a causa della nazionalit\u00e0 delle persone, del loro luogo di residenza o per qualsiasi altra ragione) la diffusione, l&#8217;accesso a questo sito o il suo utilizzo sono vietati. Le persone soggette a tali restrizioni non devono accedere al sito n\u00e9 utilizzarlo in alcun modo.<\/p>\r\n<h2><strong>Link:<\/strong><\/h2>\r\n<p>Alma Credit non ha controllato i siti web collegati al sito e non \u00e8 responsabile del contenuto di questi altri siti. La creazione di connessioni ad altri siti web avviene a proprio rischio.<\/p>\r\n<h2><strong>Nullit\u00e0 parziale:<\/strong><\/h2>\r\n<p>Se una o pi\u00f9 disposizioni delle presenti condizioni non fossero valide, conformi o applicabili, ci\u00f2 non comporta in alcun modo l&#8217;invalidit\u00e0, l&#8217;annullamento o la non esecuzione delle altre disposizioni delle presenti condizioni.<\/p>\r\n<h2><strong>Lingua:<\/strong><\/h2>\r\n<p>Solo la versione francese delle presenti condizioni di utilizzo \u00e8 valida.<\/p>\r\n<h2><strong>Foro competente e diritto applicabile:<\/strong><\/h2>\r\n<p>Ogni controversia relativa al sito o derivante dal suo utilizzo o accesso \u00e8 soggetta alla giurisdizione esclusiva dei tribunali competenti del Canton Vaud, salvo ricorso eventuale al Tribunale federale di Losanna. Si applica il diritto svizzero.<\/p>\r\n<h2><strong>Informazioni aggiuntive:<\/strong><\/h2>\r\n<p>La concessione di un credito \u00e8 proibita se causa sovraindebitamento (art. 3 LCD). Conformemente alle disposizioni della Legge federale del 19 giugno 1992 sulla protezione dei dati, ogni interessato pu\u00f2 richiedere, inviando una richiesta scritta e firmata ad Alma Credit, di ricevere per posta i dati che lo riguardano&#8230;<\/p>\r\n<h2><strong>Utilizzo dei cookie:<\/strong><\/h2>\r\n<p>Utilizziamo i cookie per garantirvi la migliore esperienza possibile sul nostro sito web, per offrire funzionalit\u00e0 relative ai social media e per analizzare il nostro traffico. Continuando a utilizzare questo sito, l&#8217;utente accetta l&#8217;utilizzo dei cookie.<\/p>\r\n<h2><strong>Foro competente e diritto applicabile:<\/strong><\/h2>\r\n<p>Ogni controversia relativa al sito o derivante dal suo utilizzo o accesso \u00e8 soggetta alla giurisdizione esclusiva dei tribunali competenti del Canton Vaud, salvo ricorso eventuale al Tribunale federale di Losanna. Si applica il diritto svizzero.<\/p>\r\n<p>&nbsp;<\/p>\r\n<\/div>\r\n","protected":false},"excerpt":{"rendered":"<p>Informazioni legali per l&#8217;uso del sito di Alma Credit (Base) Oggetto: Le presenti condizioni definiscono le modalit\u00e0 di utilizzo del sito internet di Alma Credit. Chiunque acceda al sito \u00e8 considerato un utente e accetta queste condizioni. Propriet\u00e0 intellettuale: Tutti i contenuti (testi, immagini, grafiche, loghi) presenti sul sito di Alma Credit sono protetti dal [&hellip;]<\/p>\n","protected":false},"author":1,"featured_media":0,"parent":0,"menu_order":0,"comment_status":"closed","ping_status":"closed","template":"","meta":{"_coblocks_attr":"","_coblocks_dimensions":"","_coblocks_responsive_height":"","_coblocks_accordion_ie_support":"","om_disable_all_campaigns":false,"_monsterinsights_skip_tracking":false,"_monsterinsights_sitenote_active":false,"_monsterinsights_sitenote_note":"","_monsterinsights_sitenote_category":0,"footnotes":""},"class_list":["post-3424","page","type-page","status-publish","hentry"],"aioseo_notices":[],"_links":{"self":[{"href":"https:\/\/almacredit.ch\/it\/wp-json\/wp\/v2\/pages\/3424","targetHints":{"allow":["GET"]}}],"collection":[{"href":"https:\/\/almacredit.ch\/it\/wp-json\/wp\/v2\/pages"}],"about":[{"href":"https:\/\/almacredit.ch\/it\/wp-json\/wp\/v2\/types\/page"}],"author":[{"embeddable":true,"href":"https:\/\/almacredit.ch\/it\/wp-json\/wp\/v2\/users\/1"}],"replies":[{"embeddable":true,"href":"https:\/\/almacredit.ch\/it\/wp-json\/wp\/v2\/comments?post=3424"}],"version-history":[{"count":7,"href":"https:\/\/almacredit.ch\/it\/wp-json\/wp\/v2\/pages\/3424\/revisions"}],"predecessor-version":[{"id":4127,"href":"https:\/\/almacredit.ch\/it\/wp-json\/wp\/v2\/pages\/3424\/revisions\/4127"}],"wp:attachment":[{"href":"https:\/\/almacredit.ch\/it\/wp-json\/wp\/v2\/media?parent=3424"}],"curies":[{"name":"wp","href":"https:\/\/api.w.org\/{rel}","templated":true}]}}