{"id":2974,"date":"2023-08-26T09:16:14","date_gmt":"2023-08-26T08:16:14","guid":{"rendered":"https:\/\/almacredit.ch\/?page_id=2974"},"modified":"2023-12-01T15:26:47","modified_gmt":"2023-12-01T14:26:47","slug":"credito-privato","status":"publish","type":"page","link":"https:\/\/almacredit.ch\/it\/credito-privato\/","title":{"rendered":"Credito Privato"},"content":{"rendered":"\r\n<div class=\"wp-block-columns is-layout-flex wp-container-core-columns-is-layout-9d6595d7 wp-block-columns-is-layout-flex\">\r\n<div class=\"wp-block-column is-layout-flow wp-block-column-is-layout-flow\" style=\"flex-basis: 66.66%;\">\r\n<h2 style=\"font-size: 50px;\"><strong>La Tua Soluzione di Credito Privato<\/strong>, <strong>semplicemente<\/strong><\/h2>\r\n<h3 style=\"font-size: 50px;\">In ALMA CREDIT, rendiamo il credito privato semplice e veloce.<\/h3>\r\n\r\n\r\n<\/div>\r\n<\/div>\r\n\r\n\r\n\r\n<p><style>\r\n        body {\r\n            font-family: 'Arial', sans-serif;\r\n            padding: 20px;\r\n            background-color: #f5f5f5;\r\n        }\r\n\r\n        h2, h5, #monthlyPayment, input[type=\"text\"], select {\r\n            color: #6bb018;\r\n        }\r\n\r\n        #monthlyPayment {\r\n            font-size: 40px;\r\n            font-weight: bold;\r\n            margin-top: 20px;\r\n        }\r\n\r\n        input, select {\r\n            border: none;\r\n            border-bottom: 2px solid #4dc47d;\r\n            outline: none;\r\n            font-size: 24px;\r\n            margin-right: 20px;\r\n        }\r\n\r\n        label {\r\n            font-weight: bold;\r\n            margin-right: 10px;\r\n        }\r\n\r\n        .credit-container {\r\n            background-color: #ffffff;\r\n            border: 1px solid #e0e0e0;\r\n            padding: 30px;\r\n            margin-bottom: 20px;\r\n            border-radius: 15px;\r\n            box-shadow: 0px 5px 10px rgba(0, 0, 0, 0.1);\r\n        }\r\n\r\n        .text-yellow {\r\n            color: yellow;\r\n        }\r\n    <\/style><script>\r\n        function formatCHF(amount) {\r\n            return new Intl.NumberFormat('fr-CH').format(amount);\r\n        }\r\n\r\n        function calculateMonthlyPayment(amount, months) {\r\n            const interestRate = 0.045;\r\n            const monthlyRate = interestRate \/ 12;\r\n            return (amount * monthlyRate) \/ (1 - Math.pow(1 + monthlyRate, -months));\r\n        }\r\n\r\n        function updateMonthlyPayment() {\r\n            let amount = parseInt(document.getElementById(\"amount\").value.replace(\/'\/g, \"\").replace(\/CHF \/g, \"\"));\r\n            let period = parseInt(document.getElementById(\"period\").value);\r\n            let monthlyPayment = calculateMonthlyPayment(amount, period).toFixed(2);\r\n            document.getElementById(\"monthlyPayment\").innerText = \"CHF \" + formatCHF(monthlyPayment);\r\n        }\r\n    <\/script><\/p>\r\n<div class=\"credit-container\">\r\n<h2>Di quale importo ha bisogno?<\/h2>\r\n<label for=\"amount\">Importo desiderato (CHF):<\/label> <input id=\"amount\" type=\"text\" value=\"20'000\" \/> <label for=\"period\">Durata (mesi):<\/label><select id=\"period\" onchange=\"updateMonthlyPayment()\">\r\n<option value=\"12\">12 mesi<\/option>\r\n<option value=\"24\">24 mesi<\/option>\r\n<option value=\"36\">36 mesi<\/option>\r\n<option value=\"48\">48 mesi<\/option>\r\n<option value=\"60\">60 mesi<\/option>\r\n<option value=\"72\">72 mesi<\/option>\r\n<option value=\"84\">84 mesi<\/option>\r\n<option value=\"96\">96 mesi<\/option>\r\n<option value=\"108\">108 mesi<\/option>\r\n<option value=\"120\">120 mesi<\/option>\r\n<\/select>\r\n<h2 id=\"monthlyPayment\">CHF 206.45<\/h2>\r\n<a href=\"https:\/\/almacredit.ch\/it\/richiesta-di-credito\/\"><button style=\"background-color: #6bb018; color: white; padding: 10px 20px; border: none; border-radius: 5px; cursor: pointer;\">RICHIEDI UN CREDITO<\/button><\/a><\/div>\r\n\r\n<p>&nbsp;<\/p>\r\n<pre>La vostra richiesta \u00e8 gratuita e la nostra offerta \u00e8 senza impegno.<\/pre>\r\n\r\n<p>&nbsp;<\/p>\r\n<p><style>\r\n        body {\r\n            font-family: 'Arial', sans-serif;\r\n            padding: 20px;\r\n            background-color: #f5f5f5;\r\n        }\r\n\r\n        h2, h5 {\r\n            color: #6bb018;\r\n        }\r\n\r\n        .credit-container {\r\n            background-color: #ffffff;\r\n            border: 1px solid #e0e0e0;\r\n            padding: 30px;\r\n            margin-bottom: 20px;\r\n            border-radius: 15px;\r\n            box-shadow: 0px 5px 10px rgba(0, 0, 0, 0.1);\r\n        }\r\n\r\n        ul {\r\n            list-style-type: square;\r\n            margin-left: 20px;\r\n        }\r\n\r\n        li {\r\n            margin-bottom: 10px;\r\n        }\r\n    <\/style><\/p>\r\n<div class=\"credit-container\">\r\n<h2><strong>Condizioni<\/strong><\/h2>\r\n<ul>\r\n<li>L&#8217;importo del credito pu\u00f2 variare da CHF 3&#8217;000 a CHF 400&#8217;000.<\/li>\r\n<li>La durata del credito pu\u00f2 essere da 6 a 120 mesi.<\/li>\r\n<li>\u00c8 necessario avere attivit\u00e0 redditizie in Svizzera.<\/li>\r\n<li>Reddito netto &gt; CHF 2&#8217;800.-<\/li>\r\n<li>Avere una residenza fissa in Svizzera.<\/li>\r\n<li>Avere almeno 18 anni.<\/li>\r\n<li>Possedere la nazionalit\u00e0 svizzera, un permesso di stabilimento C o un permesso di soggiorno B.<\/li>\r\n<li>Se si possiede una propriet\u00e0 immobiliare, si beneficia di tassi di interesse pi\u00f9 bassi. \u00c8 necessario essere l&#8217;unico proprietario o co-proprietario di un immobile in Svizzera da almeno 6 mesi (iscrizione al registro immobiliare).<\/li>\r\n<\/ul>\r\n<\/div>\r\n\r\n\r\n\r\n\r\n\r\n<div class=\"wp-block-coblocks-gallery-carousel alignwide\" aria-label=\"Carousel Gallery\">\r\n<div class=\"coblocks-gallery-carousel-swiper-container is-cropped coblocks-gallery has-caption-style-dark has-horizontal-gutter has-no-thumbnails\">\r\n<div data-swiper=\"{&quot;alignCells&quot;:false,&quot;autoPlay&quot;:false,&quot;autoPlaySpeed&quot;:3000,&quot;draggable&quot;:true,&quot;freeMode&quot;:false,&quot;loop&quot;:false,&quot;navigation&quot;:true,&quot;pageDots&quot;:false,&quot;pauseHover&quot;:false,&quot;responsiveHeight&quot;:false,&quot;slidesPerView&quot;:2,&quot;thumbnails&quot;:false,&quot;uuid&quot;:&quot;12345&quot;}\">\u00a0<\/div>\r\n<div class=\"swiper-wrapper\">\r\n<div class=\"swiper-slide\">\r\n<div class=\"coblocks-gallery--item\" tabindex=\"0\" role=\"button\">\u00a0<\/div>\r\n<\/div>\r\n<div class=\"swiper-slide\">\r\n<div class=\"coblocks-gallery--item\" tabindex=\"1\" role=\"button\">\u00a0<\/div>\r\n<\/div>\r\n<\/div>\r\n<\/div>\r\n<\/div>\r\n\r\n\r\n\r\n<div class=\"wp-block-columns alignwide is-layout-flex wp-container-core-columns-is-layout-829b1d53 wp-block-columns-is-layout-flex\" style=\"margin-bottom: 0;\">\r\n<div class=\"wp-block-column has-text-color has-background has-link-color wp-elements-29349ace1173fe3d4ca06023f9a38b5b is-layout-flow wp-block-column-is-layout-flow\" style=\"color: #000000; background-color: #ffe97d; padding: 2em;\">\r\n<h2 class=\"wp-block-heading\"><strong>Il Tuo Credito Facile<\/strong><\/h2>\r\n\r\n\r\n<hr class=\"wp-block-separator has-text-color has-css-opacity has-background is-style-wide\" style=\"background-color: #000000; color: #000000;\" \/>\r\n\r\n\r\n<p>&nbsp;<\/p>\r\n\r\n\r\n\r\n<ul class=\"has-normal-font-size wp-block-list\">\r\n<li>Richiesta online in 1 minuto.<\/li>\r\n<li>Risposta di principio in 5 minuti.<\/li>\r\n<li>Offerta in 24 ore, senza costi.<\/li>\r\n<\/ul>\r\n\r\n\r\n\r\n<p>&nbsp;<\/p>\r\n\r\n\r\n\r\n<div class=\"wp-block-buttons alignfull is-horizontal is-content-justification-center is-layout-flex wp-container-core-buttons-is-layout-499968f5 wp-block-buttons-is-layout-flex\">\r\n<div class=\"wp-block-button has-custom-width wp-block-button__width-100\"><a class=\"wp-block-button__link has-white-color has-text-color has-background no-border-radius wp-element-button\" style=\"background-color: #000000;\" href=\"https:\/\/almacredit.ch\/it\/simulatore-di-credito\/\" target=\"_blank\" rel=\"noreferrer noopener\">\u00a0 <strong>SIMULA ORA<\/strong><\/a><\/div>\r\n<\/div>\r\n<\/div>\r\n\r\n\r\n\r\n<div class=\"wp-block-column has-text-color has-background has-link-color wp-elements-36728713a35c65dc858ecf29b3140244 is-layout-flow wp-block-column-is-layout-flow\" style=\"color: #000000; background-color: #d1d1e1; padding: 2em;\">\r\n<h2 class=\"wp-block-heading\"><strong>Credito Rapido Svizzero<\/strong><\/h2>\r\n\r\n\r\n<hr class=\"wp-block-separator has-css-opacity is-style-wide\" \/>\r\n\r\n\r\n<ul class=\"has-normal-font-size wp-block-list\">\r\n<li>Offerta di prestito in 24 ore.<\/li>\r\n<li>Scelta del contratto: e-mail o posta.<\/li>\r\n<\/ul>\r\n\r\n\r\n\r\n\r\n\r\n\r\n\r\n<p>&nbsp;<\/p>\r\n\r\n\r\n\r\n<div class=\"wp-block-buttons alignwide is-horizontal is-content-justification-center is-layout-flex wp-container-core-buttons-is-layout-b1807681 wp-block-buttons-is-layout-flex\">\r\n<div class=\"wp-block-button has-custom-width wp-block-button__width-100 is-style-fill\"><a class=\"wp-block-button__link has-white-color has-text-color has-background no-border-radius wp-element-button\" style=\"background-color: #000000;\" href=\"https:\/\/almacredit.ch\/it\/simulatore-di-credito\/\" target=\"_blank\" rel=\"noreferrer noopener\">\u00a0 <strong>SIMULA ORA<\/strong><\/a><\/div>\r\n<\/div>\r\n<\/div>\r\n\r\n\r\n\r\n<div class=\"wp-block-column has-text-color has-background has-link-color wp-elements-046c769d87e2c3a632ae2f481aa1b7d6 is-layout-flow wp-block-column-is-layout-flow\" style=\"color: #000000; background-color: #c0ebf1; padding: 2em;\">\r\n<h2 class=\"wp-block-heading\"><strong>Credito Personale Trasparente<\/strong><\/h2>\r\n\r\n\r\n<hr class=\"wp-block-separator has-css-opacity is-style-wide\" \/>\r\n\r\n\r\n<ul class=\"has-normal-font-size wp-block-list\">\r\n<li>Tasso dal 4.5% al 10.95% da 12 a 120 mesi.<\/li>\r\n<li>Importo e durata in base al tuo budget<\/li>\r\n<\/ul>\r\n\r\n\r\n\r\n<div class=\"wp-block-buttons alignfull is-horizontal is-content-justification-center is-layout-flex wp-container-core-buttons-is-layout-499968f5 wp-block-buttons-is-layout-flex\"><a class=\"wp-block-button__link has-white-color has-text-color has-background no-border-radius wp-element-button\" style=\"background-color: #000000;\" href=\"https:\/\/almacredit.ch\/it\/simulatore-di-credito\/\" target=\"_blank\" rel=\"noreferrer noopener\">\u00a0 <strong>SIMULA ORA<\/strong><\/a><br \/><\/div>\r\n<\/div>\r\n<\/div>\r\n\r\n\r\n\r\n<p>&nbsp;<\/p>\r\n\r\n\r\n\r\n<div class=\"wp-block-group is-vertical is-layout-flex wp-container-core-group-is-layout-8cf370e7 wp-block-group-is-layout-flex\">\r\n<div class=\"wp-block-group\"><div class=\"wp-block-group__inner-container is-layout-constrained wp-block-group-is-layout-constrained\">\r\n<h1 class=\"wp-block-heading\"><strong>Come Funziona?<\/strong><\/h1>\r\n\r\n\r\n\r\n<div class=\"wp-block-group is-vertical is-layout-flex wp-container-core-group-is-layout-8cf370e7 wp-block-group-is-layout-flex\">\r\n<p>&nbsp;<\/p>\r\n\r\n\r\n\r\n<div class=\"wp-block-group\"><div class=\"wp-block-group__inner-container is-layout-constrained wp-block-group-is-layout-constrained\">\r\n<h2 class=\"wp-block-heading\"><strong>Richiesta Online<\/strong><\/h2>\r\n<p>Compila semplicemente il modulo online sul nostro sito web. Dicci di cosa hai bisogno e fornisci le informazioni necessarie per la tua richiesta di credito.<\/p>\r\n<h2><strong>Approvazione<\/strong><\/h2>\r\n<p>Una volta inviata la tua richiesta, il nostro team la elaborer\u00e0 rapidamente. Non appena la tua richiesta sar\u00e0 approvata, te lo faremo sapere.<\/p>\r\n<h2><strong>Ricezione dell&#8217;Offerta<\/strong><\/h2>\r\n<p>Dopo l&#8217;approvazione, ti invieremo un&#8217;offerta personalizzata. Scegli se preferisci riceverla via e-mail o per posta.<\/p>\r\n<h2><strong>Trasferimento di Denaro<\/strong><\/h2>\r\n<p>Una volta che avrai accettato la nostra offerta, trasferiremo l&#8217;importo approvato direttamente sul tuo conto bancario. Sta a te decidere come utilizzare questi fondi per le tue esigenze.<\/p>\r\n\r\n\r\n\r\n<div style=\"display: flex; justify-content: center;\">\u00a0<\/div>\r\n<\/div><\/div>\r\n<\/div>\r\n<\/div><\/div>\r\n<\/div>\r\n\r\n<p><img decoding=\"async\" class=\"alignnone wp-image-2949 size-full\" src=\"https:\/\/almacredit.ch\/wp-content\/uploads\/2023\/11\/6.png\" alt=\"\" width=\"1664\" height=\"1248\" srcset=\"https:\/\/almacredit.ch\/wp-content\/uploads\/2023\/11\/6.png 1664w, https:\/\/almacredit.ch\/wp-content\/uploads\/2023\/11\/6-300x225.png 300w, https:\/\/almacredit.ch\/wp-content\/uploads\/2023\/11\/6-1024x768.png 1024w, https:\/\/almacredit.ch\/wp-content\/uploads\/2023\/11\/6-768x576.png 768w, https:\/\/almacredit.ch\/wp-content\/uploads\/2023\/11\/6-1536x1152.png 1536w\" sizes=\"(max-width: 1664px) 100vw, 1664px\" \/><\/p>\r\n\r\n<div class=\"wp-block-columns alignfull has-text-color has-background is-layout-flex wp-container-core-columns-is-layout-9d6595d7 wp-block-columns-is-layout-flex\" style=\"color: #000000; background-color: #ffffff;\">\r\n<div class=\"wp-block-column is-layout-flow wp-block-column-is-layout-flow\">\r\n<h3 class=\"wp-block-heading\" style=\"font-size: 24px; line-height: 1.3;\">(ART.3 LCD)<\/h3>\r\n\r\n\r\n\r\n<p>&nbsp;<\/p>\r\n\r\n\r\n\r\n<p>\u00c8 vietata la concessione di un credito se porta al sovraindebitamento del consumatore.<\/p>\r\n<\/div>\r\n\r\n\r\n\r\n<div class=\"wp-block-column is-layout-flow wp-block-column-is-layout-flow\">\r\n<h3 class=\"wp-block-heading\"><strong>Esempio di calcolo:<\/strong><\/h3>\r\n\r\n\r\n\r\n<p>Prestito di CHF 10\u2019000. Un tasso di interesse annuo effettivo tra il 4.5% e il 10.95% e una durata di 12 mesi generano un interesse totale tra CHF 240 e CHF 574. Durata: 6-120 mesi; Tasso di interesse annuo massimo (compresi tutti i costi del credito) 10.95%.<\/p>\r\n<\/div>\r\n<\/div>\r\n\r\n\r\n\r\n<p>&nbsp;<\/p>\r\n","protected":false},"excerpt":{"rendered":"<p>La Tua Soluzione di Credito Privato, semplicemente In ALMA CREDIT, rendiamo il credito privato semplice e veloce. Di quale importo ha bisogno? Importo desiderato (CHF): Durata (mesi):12 mesi24 mesi36 mesi48 mesi60 mesi72 mesi84 mesi96 mesi108 mesi120 mesi CHF 206.45 RICHIEDI UN CREDITO &nbsp; La vostra richiesta \u00e8 gratuita e la nostra offerta \u00e8 senza impegno. [&hellip;]<\/p>\n","protected":false},"author":1,"featured_media":0,"parent":0,"menu_order":0,"comment_status":"closed","ping_status":"closed","template":"templates\/template-page-full-width.php","meta":{"_coblocks_attr":"","_coblocks_dimensions":"","_coblocks_responsive_height":"","_coblocks_accordion_ie_support":"","om_disable_all_campaigns":false,"_monsterinsights_skip_tracking":false,"_monsterinsights_sitenote_active":false,"_monsterinsights_sitenote_note":"","_monsterinsights_sitenote_category":0,"footnotes":""},"class_list":["post-2974","page","type-page","status-publish","hentry"],"aioseo_notices":[],"_links":{"self":[{"href":"https:\/\/almacredit.ch\/it\/wp-json\/wp\/v2\/pages\/2974","targetHints":{"allow":["GET"]}}],"collection":[{"href":"https:\/\/almacredit.ch\/it\/wp-json\/wp\/v2\/pages"}],"about":[{"href":"https:\/\/almacredit.ch\/it\/wp-json\/wp\/v2\/types\/page"}],"author":[{"embeddable":true,"href":"https:\/\/almacredit.ch\/it\/wp-json\/wp\/v2\/users\/1"}],"replies":[{"embeddable":true,"href":"https:\/\/almacredit.ch\/it\/wp-json\/wp\/v2\/comments?post=2974"}],"version-history":[{"count":18,"href":"https:\/\/almacredit.ch\/it\/wp-json\/wp\/v2\/pages\/2974\/revisions"}],"predecessor-version":[{"id":4157,"href":"https:\/\/almacredit.ch\/it\/wp-json\/wp\/v2\/pages\/2974\/revisions\/4157"}],"wp:attachment":[{"href":"https:\/\/almacredit.ch\/it\/wp-json\/wp\/v2\/media?parent=2974"}],"curies":[{"name":"wp","href":"https:\/\/api.w.org\/{rel}","templated":true}]}}