{"id":2756,"date":"2023-08-27T12:27:00","date_gmt":"2023-08-27T11:27:00","guid":{"rendered":"https:\/\/almacredit.ch\/?page_id=2756"},"modified":"2023-11-25T09:10:36","modified_gmt":"2023-11-25T08:10:36","slug":"vantaggi","status":"publish","type":"page","link":"https:\/\/almacredit.ch\/it\/riguardo-a-noi-2\/vantaggi\/","title":{"rendered":"Vantaggi"},"content":{"rendered":"\r\n<p><style>\r\n        body {\r\n            font-family: 'Arial', sans-serif;\r\n            padding: 20px;\r\n            background-color: #f5f5f5;\r\n            margin: 0;\r\n        }\r\n\r\n        h5 {\r\n            color: #6bb018;\r\n            white-space: nowrap;\r\n        }\r\n\r\n        p {\r\n            color: #555;\r\n            text-align: justify;\r\n        }\r\n\r\n        .contactinfo-item {\r\n            background-color: #ffffff;\r\n            border: 1px solid #e0e0e0;\r\n            padding: 30px;\r\n            margin-bottom: 20px;\r\n            border-radius: 15px;\r\n            box-shadow: 0px 5px 10px rgba(0, 0, 0, 0.1);\r\n            width: 100%;\r\n        }\r\n\r\n        .contactinfo-head {\r\n            display: flex;\r\n            align-items: center;\r\n        }\r\n\r\n        .contactinfo-icon {\r\n            margin-right: 15px;\r\n            position: relative;\r\n            animation: spin 2s linear infinite;\r\n        }\r\n\r\n        @keyframes spin {\r\n            0% { transform: rotate(0deg); }\r\n            100% { transform: rotate(360deg); }\r\n        }\r\n\r\n        .contactinfo-count {\r\n            position: absolute;\r\n            top: 50%;\r\n            left: 50%;\r\n            transform: translate(-50%, -50%);\r\n            font-size: 1.5rem;\r\n        }\r\n    <\/style><\/p>\r\n<div class=\"contactinfo-item\">\r\n<div class=\"contactinfo-head\">\r\n<div class=\"contactinfo-icon\">\r\n<div class=\"contactinfo-count\">\ud83d\udcbc<\/div>\r\n<\/div>\r\n<h5>Nessun Costo Nascosto<\/h5>\r\n<\/div>\r\n<p>Presso Alma Credit, la trasparenza \u00e8 prioritaria. Non applichiamo commissioni di gestione, quindi le vostre rate sono chiare e prevedibili.<\/p>\r\n<\/div>\r\n<div class=\"contactinfo-item\">\r\n<div class=\"contactinfo-head\">\r\n<div class=\"contactinfo-icon\">\r\n<div class=\"contactinfo-count\">\ud83d\udd12<\/div>\r\n<\/div>\r\n<h5>Confidenzialit\u00e0 Garantita<\/h5>\r\n<\/div>\r\n<p>Con Alma Credit non \u00e8 necessario rivelare il motivo del vostro prestito. La vostra privacy \u00e8 rispettata ad ogni passo della vostra richiesta.<\/p>\r\n<\/div>\r\n<div class=\"contactinfo-item\">\r\n<div class=\"contactinfo-head\">\r\n<div class=\"contactinfo-icon\">\r\n<div class=\"contactinfo-count\">\ud83d\udcb8<\/div>\r\n<\/div>\r\n<h5>Ottimizzazione Fiscale<\/h5>\r\n<\/div>\r\n<p>Gli interessi sul vostro prestito con Alma Credit possono essere detratti dalle tasse, permettendovi di risparmiare denaro.<\/p>\r\n<\/div>\r\n<div class=\"contactinfo-item\">\r\n<div class=\"contactinfo-head\">\r\n<div class=\"contactinfo-icon\">\r\n<div class=\"contactinfo-count\">\ud83e\udd14<\/div>\r\n<\/div>\r\n<h5>Fate la Vostra Scelta<\/h5>\r\n<\/div>\r\n<p>Con Alma Credit, la decisione spetta a voi. Scegliete l&#8217;importo del vostro prestito da un range di CHF 3&#8217;000.- a CHF 400&#8217;000.-.<\/p>\r\n<\/div>\r\n<div class=\"contactinfo-item\">\r\n<div class=\"contactinfo-head\">\r\n<div class=\"contactinfo-icon\">\r\n<div class=\"contactinfo-count\">\ud83d\udd04<\/div>\r\n<\/div>\r\n<h5>Flexibilit\u00e0 di Pagamento<\/h5>\r\n<\/div>\r\n<p>Vi offriamo la libert\u00e0 di scegliere la durata del vostro pagamento in base al vostro budget, con rate mensili personalizzabili da 6 a 120 mesi.<\/p>\r\n<\/div>\r\n<div class=\"contactinfo-item\">\r\n<div class=\"contactinfo-head\">\r\n<div class=\"contactinfo-icon\">\r\n<div class=\"contactinfo-count\">\ud83d\udd70\ufe0f<\/div>\r\n<\/div>\r\n<h5>Rimborso Anticipato Gratuito<\/h5>\r\n<\/div>\r\n<p>Se lo desiderate, avete la possibilit\u00e0 di estinguere il vostro prestito in anticipo senza pagare costi aggiuntivi.<\/p>\r\n<\/div>\r\n<div class=\"contactinfo-item\">\r\n<div class=\"contactinfo-head\">\r\n<div class=\"contactinfo-icon\">\r\n<div class=\"contactinfo-count\">\ud83d\udd0d<\/div>\r\n<\/div>\r\n<h5>Massima Trasparenza<\/h5>\r\n<\/div>\r\n<p>Presso Alma Credit promuoviamo un approccio trasparente. La nostra offerta \u00e8 chiara, senza costi nascosti, e il nostro servizio \u00e8 personalizzato in base alle vostre esigenze.<\/p>\r\n<\/div>\r\n\r\n\r\n\r\n<p>&nbsp;<\/p>\r\n\r\n<p>&nbsp;<\/p>","protected":false},"excerpt":{"rendered":"<p>\ud83d\udcbc Nessun Costo Nascosto Presso Alma Credit, la trasparenza \u00e8 prioritaria. Non applichiamo commissioni di gestione, quindi le vostre rate sono chiare e prevedibili. \ud83d\udd12 Confidenzialit\u00e0 Garantita Con Alma Credit non \u00e8 necessario rivelare il motivo del vostro prestito. La vostra privacy \u00e8 rispettata ad ogni passo della vostra richiesta. \ud83d\udcb8 Ottimizzazione Fiscale Gli interessi [&hellip;]<\/p>\n","protected":false},"author":1,"featured_media":0,"parent":2787,"menu_order":0,"comment_status":"closed","ping_status":"closed","template":"","meta":{"_coblocks_attr":"","_coblocks_dimensions":"","_coblocks_responsive_height":"","_coblocks_accordion_ie_support":"","om_disable_all_campaigns":false,"_monsterinsights_skip_tracking":false,"_monsterinsights_sitenote_active":false,"_monsterinsights_sitenote_note":"","_monsterinsights_sitenote_category":0,"footnotes":""},"class_list":["post-2756","page","type-page","status-publish","hentry"],"aioseo_notices":[],"_links":{"self":[{"href":"https:\/\/almacredit.ch\/it\/wp-json\/wp\/v2\/pages\/2756","targetHints":{"allow":["GET"]}}],"collection":[{"href":"https:\/\/almacredit.ch\/it\/wp-json\/wp\/v2\/pages"}],"about":[{"href":"https:\/\/almacredit.ch\/it\/wp-json\/wp\/v2\/types\/page"}],"author":[{"embeddable":true,"href":"https:\/\/almacredit.ch\/it\/wp-json\/wp\/v2\/users\/1"}],"replies":[{"embeddable":true,"href":"https:\/\/almacredit.ch\/it\/wp-json\/wp\/v2\/comments?post=2756"}],"version-history":[{"count":2,"href":"https:\/\/almacredit.ch\/it\/wp-json\/wp\/v2\/pages\/2756\/revisions"}],"predecessor-version":[{"id":3570,"href":"https:\/\/almacredit.ch\/it\/wp-json\/wp\/v2\/pages\/2756\/revisions\/3570"}],"up":[{"embeddable":true,"href":"https:\/\/almacredit.ch\/it\/wp-json\/wp\/v2\/pages\/2787"}],"wp:attachment":[{"href":"https:\/\/almacredit.ch\/it\/wp-json\/wp\/v2\/media?parent=2756"}],"curies":[{"name":"wp","href":"https:\/\/api.w.org\/{rel}","templated":true}]}}