{"id":3763,"date":"2023-11-24T15:23:10","date_gmt":"2023-11-24T14:23:10","guid":{"rendered":"https:\/\/almacredit.ch\/bienvenida\/credito-comercial\/fusions-et-acquisitions\/"},"modified":"2023-11-29T13:22:09","modified_gmt":"2023-11-29T12:22:09","slug":"fusiones-y-adquisiciones","status":"publish","type":"page","link":"https:\/\/almacredit.ch\/es\/bienvenida\/empresa\/fusiones-y-adquisiciones\/","title":{"rendered":"Fusiones y Adquisiciones"},"content":{"rendered":"\r\n<p><style>\r\n        body {<br \/>\r\n            font-family: 'Arial', sans-serif;<br \/>\r\n            padding: 20px;<br \/>\r\n            background-color: #f5f5f5;<br \/>\r\n        }<\/p>\r\n<p>        h2, h5 {<br \/>\r\n            color: #6bb018;<br \/>\r\n        }<\/p>\r\n<p>        .credit-container {<br \/>\r\n            background-color: #ffffff;<br \/>\r\n            border: 1px solid #e0e0e0;<br \/>\r\n            padding: 30px;<br \/>\r\n            margin-bottom: 20px;<br \/>\r\n            border-radius: 15px;<br \/>\r\n            box-shadow: 0px 5px 10px rgba(0, 0, 0, 0.1);<br \/>\r\n        }<\/p>\r\n<p>        ul {<br \/>\r\n            list-style-type: square;<br \/>\r\n            margin-left: 20px;<br \/>\r\n        }<\/p>\r\n<p>        li {<br \/>\r\n            margin-bottom: 10px;<br \/>\r\n        }<br \/>\r\n    <\/style><\/p>\r\n<div class=\"flex-1 overflow-hidden\">\r\n<div class=\"react-scroll-to-bottom--css-fheqr-79elbk h-full\">\r\n<div class=\"react-scroll-to-bottom--css-fheqr-1n7m0yu\">\r\n<div class=\"flex flex-col pb-9 text-sm\">\r\n<div class=\"w-full text-token-text-primary\" data-testid=\"conversation-turn-15\">\r\n<div class=\"px-4 py-2 justify-center text-base md:gap-6 m-auto\">\r\n<div class=\"flex flex-1 text-base mx-auto gap-3 md:px-5 lg:px-1 xl:px-5 md:max-w-3xl lg:max-w-[40rem] xl:max-w-[48rem] } group final-completion\">\r\n<div class=\"relative flex w-full flex-col lg:w-[calc(100%-115px)] agent-turn\">\r\n<div class=\"flex-col gap-1 md:gap-3\">\r\n<div class=\"flex flex-grow flex-col max-w-full\">\r\n<div class=\"min-h-[20px] text-message flex flex-col items-start gap-3 whitespace-pre-wrap break-words [.text-message+&amp;]:mt-5 overflow-x-auto\" data-message-author-role=\"assistant\" data-message-id=\"200aaf8b-6820-4eb5-a31b-e701b8413a2d\">\r\n<div class=\"markdown prose w-full break-words dark:prose-invert dark\">\r\n<h1><strong>Alma Credit &#8211; Experticia en Fusiones y Adquisiciones para Empresas Din\u00e1micas<\/strong><\/h1>\r\n<h2><strong>Introducci\u00f3n<\/strong><\/h2>\r\n<p>Bienvenido a Alma Credit, su socio de confianza para navegar en el mundo de las fusiones y adquisiciones. Nuestra experiencia en el sector financiero, combinada con un profundo entendimiento de las necesidades empresariales, nos posiciona idealmente para apoyar a su empresa, especialmente dentro de la comunidad portuguesa en Suiza, a trav\u00e9s de operaciones de fusi\u00f3n y adquisici\u00f3n estrat\u00e9gicas y exitosas.<\/p>\r\n<h2><strong>\u00bfPor Qu\u00e9 Fusiones y Adquisiciones?<\/strong><\/h2>\r\n<p>Las fusiones y adquisiciones ofrecen oportunidades \u00fanicas para las empresas en busca de crecimiento, eficiencia y expansi\u00f3n. En Alma Credit, le ayudamos a navegar este proceso, proporcionando asesoramiento estrat\u00e9gico y apoyo a medida para:<\/p>\r\n<ul>\r\n<li>Acceder a nuevos mercados.<\/li>\r\n<li>Combinar habilidades y recursos complementarios.<\/li>\r\n<li>Fortalecer su posici\u00f3n competitiva en el mercado.<\/li>\r\n<\/ul>\r\n<h2><strong>Nuestros Servicios<\/strong><\/h2>\r\n<p>Nos enorgullecemos de ofrecer una gama completa de servicios para satisfacer sus necesidades en fusiones y adquisiciones, incluyendo:<\/p>\r\n<ul>\r\n<li>Evaluaci\u00f3n de Empresas: Determinaci\u00f3n precisa del valor de las empresas objetivo o de su propia empresa.<\/li>\r\n<li>Asesoramiento Estrat\u00e9gico: Estrategias a medida para maximizar el \u00e9xito de su operaci\u00f3n.<\/li>\r\n<li>Asistencia en Negociaciones: Protecci\u00f3n de sus intereses y aseguramiento de los mejores t\u00e9rminos posibles.<\/li>\r\n<\/ul>\r\n<h2><strong>Testimonios y Estudios de Caso<\/strong><\/h2>\r\n<p>Nuestros clientes, desde PYMES hasta grandes corporaciones, atestiguan nuestro compromiso y experiencia. Estamos orgullosos de nuestros \u00e9xitos en el \u00e1mbito de las fusiones y adquisiciones y nos comprometemos a mantener la confidencialidad y los objetivos \u00fanicos de cada cliente.<\/p>\r\n<h2><strong>Cumplimiento y \u00c9tica<\/strong><\/h2>\r\n<p>En Alma Credit, el cumplimiento legal y la \u00e9tica son el coraz\u00f3n de nuestras operaciones. Nos aseguramos de que todas las transacciones cumplan con los est\u00e1ndares legales y reglamentarios, ofreci\u00e9ndole as\u00ed total tranquilidad.<\/p>\r\n<h2><strong>Cont\u00e1ctenos<\/strong><\/h2>\r\n<p>\u00bfListo para explorar oportunidades de fusi\u00f3n o adquisici\u00f3n para su empresa? Contacte a Alma Credit para una consulta personalizada. Nuestros expertos est\u00e1n a su disposici\u00f3n para discutir sus necesidades espec\u00edficas y guiarlo hacia el \u00e9xito.<\/p>\r\n<\/div>\r\n<\/div>\r\n<\/div>\r\n<div class=\"mt-1 flex justify-start gap-3 empty:hidden\">\r\n<div class=\"text-gray-400 flex self-end lg:self-center justify-center lg:justify-start mt-0 gap-1 visible\">\u00a0<\/div>\r\n<\/div>\r\n<\/div>\r\n<\/div>\r\n<\/div>\r\n<\/div>\r\n<\/div>\r\n<button class=\"cursor-pointer absolute z-10 rounded-full bg-clip-padding border text-gray-600 dark:border-white\/10 dark:bg-white\/10 dark:text-gray-200 right-1\/2 border-black\/10 bg-token-surface-primary bottom-5\"><\/button><\/div>\r\n<\/div>\r\n<\/div>\r\n<\/div>","protected":false},"excerpt":{"rendered":"<p>Alma Credit &#8211; Experticia en Fusiones y Adquisiciones para Empresas Din\u00e1micas Introducci\u00f3n Bienvenido a Alma Credit, su socio de confianza para navegar en el mundo de las fusiones y adquisiciones. Nuestra experiencia en el sector financiero, combinada con un profundo entendimiento de las necesidades empresariales, nos posiciona idealmente para apoyar a su empresa, especialmente dentro [&hellip;]<\/p>\n","protected":false},"author":1,"featured_media":0,"parent":3924,"menu_order":0,"comment_status":"closed","ping_status":"closed","template":"","meta":{"_coblocks_attr":"","_coblocks_dimensions":"","_coblocks_responsive_height":"","_coblocks_accordion_ie_support":"","om_disable_all_campaigns":false,"_monsterinsights_skip_tracking":false,"_monsterinsights_sitenote_active":false,"_monsterinsights_sitenote_note":"","_monsterinsights_sitenote_category":0,"footnotes":""},"class_list":["post-3763","page","type-page","status-publish","hentry"],"aioseo_notices":[],"_links":{"self":[{"href":"https:\/\/almacredit.ch\/es\/wp-json\/wp\/v2\/pages\/3763","targetHints":{"allow":["GET"]}}],"collection":[{"href":"https:\/\/almacredit.ch\/es\/wp-json\/wp\/v2\/pages"}],"about":[{"href":"https:\/\/almacredit.ch\/es\/wp-json\/wp\/v2\/types\/page"}],"author":[{"embeddable":true,"href":"https:\/\/almacredit.ch\/es\/wp-json\/wp\/v2\/users\/1"}],"replies":[{"embeddable":true,"href":"https:\/\/almacredit.ch\/es\/wp-json\/wp\/v2\/comments?post=3763"}],"version-history":[{"count":4,"href":"https:\/\/almacredit.ch\/es\/wp-json\/wp\/v2\/pages\/3763\/revisions"}],"predecessor-version":[{"id":3782,"href":"https:\/\/almacredit.ch\/es\/wp-json\/wp\/v2\/pages\/3763\/revisions\/3782"}],"up":[{"embeddable":true,"href":"https:\/\/almacredit.ch\/es\/wp-json\/wp\/v2\/pages\/3924"}],"wp:attachment":[{"href":"https:\/\/almacredit.ch\/es\/wp-json\/wp\/v2\/media?parent=3763"}],"curies":[{"name":"wp","href":"https:\/\/api.w.org\/{rel}","templated":true}]}}