{"id":3706,"date":"2023-08-26T09:10:36","date_gmt":"2023-08-26T08:10:36","guid":{"rendered":"https:\/\/almacredit.ch\/privacy-policy-2\/"},"modified":"2023-11-28T14:21:31","modified_gmt":"2023-11-28T13:21:31","slug":"politica-de-privacidad","status":"publish","type":"page","link":"https:\/\/almacredit.ch\/es\/politica-de-privacidad\/","title":{"rendered":"Pol\u00edtica de Privacidad"},"content":{"rendered":"\r\n<p><strong>Qui\u00e9nes somos?<\/strong><\/p>\r\n<p>La direcci\u00f3n de nuestro sitio web es: <a href=\"https:\/\/almacredit.ch\/es\/\" target=\"_new\" rel=\"noopener\">https:\/\/almacredit.ch<\/a>.<\/p>\r\n<p><strong>Comentarios<\/strong><\/p>\r\n<p>Cuando dejas un comentario en nuestro sitio web Alma Credit, la informaci\u00f3n ingresada en el formulario de comentario, as\u00ed como su direcci\u00f3n IP y el agente de usuario de su navegador, se recopilan para ayudarnos en la detecci\u00f3n de comentarios no deseados.<\/p>\r\n<p>Un hash an\u00f3nimo creado a partir de su direcci\u00f3n de correo electr\u00f3nico puede ser enviado al servicio Gravatar para verificar si lo est\u00e1 utilizando. La pol\u00edtica de privacidad del servicio Gravatar est\u00e1 disponible aqu\u00ed: <a href=\"https:\/\/automattic.com\/privacy\/\" target=\"_new\" rel=\"noopener\">https:\/\/automattic.com\/privacy\/<\/a>. Tras la aprobaci\u00f3n de su comentario, su imagen de perfil ser\u00e1 visible p\u00fablicamente junto a su comentario.<\/p>\r\n<p><strong>Medios<\/strong><\/p>\r\n<p>Si subes im\u00e1genes al sitio de Alma Credit, te recomendamos evitar subir im\u00e1genes que contengan datos EXIF de coordenadas GPS. Los visitantes de nuestro sitio pueden descargar y extraer datos de localizaci\u00f3n de estas im\u00e1genes.<\/p>\r\n<p><strong>Cookies<\/strong><\/p>\r\n<p>Si publicas un comentario en Alma Credit, se te ofrecer\u00e1 la opci\u00f3n de guardar tu nombre, direcci\u00f3n de correo electr\u00f3nico y sitio web en cookies. Esto es para tu comodidad, para no tener que rellenar tus detalles nuevamente si dejas otro comentario m\u00e1s tarde. Estas cookies durar\u00e1n un a\u00f1o.<\/p>\r\n<p>Si accedes a la p\u00e1gina de inicio de sesi\u00f3n, se crear\u00e1 una cookie temporal para determinar si tu navegador acepta cookies. Esta cookie no contiene datos personales y se elimina al cerrar tu navegador.<\/p>\r\n<p>Una vez que inicies sesi\u00f3n, estableceremos varias cookies para guardar tu informaci\u00f3n de inicio de sesi\u00f3n y tus opciones de visualizaci\u00f3n de pantalla. Las cookies de inicio de sesi\u00f3n duran dos d\u00edas y las cookies de opciones de pantalla un a\u00f1o. Si seleccionas \u00abRecu\u00e9rdame\u00bb, tu inicio de sesi\u00f3n se mantendr\u00e1 durante dos semanas. Al cerrar sesi\u00f3n, se eliminar\u00e1 la cookie de inicio de sesi\u00f3n.<\/p>\r\n<p><strong>Contenido integrado de otros sitios<\/strong><\/p>\r\n<p>Los art\u00edculos en Alma Credit pueden incluir contenido integrado (como videos, im\u00e1genes, art\u00edculos, etc.). Este contenido integrado de otros sitios se comporta de la misma manera que si el visitante visitara ese otro sitio.<\/p>\r\n<p>Estos sitios podr\u00edan recopilar datos sobre ti, utilizar cookies, integrar herramientas de seguimiento adicionales y monitorear tus interacciones con ese contenido integrado si tienes una cuenta y est\u00e1s conectado a ese sitio.<\/p>\r\n<p><strong>Uso y transmisi\u00f3n de tus datos personales<\/strong><\/p>\r\n<p>Si solicitas un restablecimiento de contrase\u00f1a en Alma Credit, tu direcci\u00f3n IP se incluir\u00e1 en el correo electr\u00f3nico de restablecimiento.<\/p>\r\n<p><strong>Duraci\u00f3n del almacenamiento de tus datos<\/strong><\/p>\r\n<p>Para los usuarios que se registran en nuestro sitio Alma Credit, tambi\u00e9n almacenamos la informaci\u00f3n personal que proporcionan en su perfil de usuario. Todos los usuarios pueden ver, editar o eliminar su informaci\u00f3n personal en cualquier momento (excepto su nombre de usuario). Los administradores del sitio tambi\u00e9n pueden ver y editar esa informaci\u00f3n.<\/p>\r\n<p><strong>Tus derechos sobre tus datos<\/strong><\/p>\r\n<p>Si tienes una cuenta en Alma Credit o has dejado comentarios, puedes solicitar recibir un archivo exportado de los datos personales que tenemos sobre ti, incluyendo todos los datos que nos has proporcionado. Tambi\u00e9n puedes solicitar la eliminaci\u00f3n de todos los datos personales que tenemos sobre ti. Esto no incluye los datos que estamos obligados a conservar para fines administrativos, legales o de seguridad.<\/p>\r\n<p><strong>Transmisi\u00f3n de tus datos<\/strong><\/p>\r\n<p>Los comentarios de los visitantes pueden ser verificados mediante un servicio automatizado de detecci\u00f3n de spam.<\/p>\r\n","protected":false},"excerpt":{"rendered":"<p>Qui\u00e9nes somos? La direcci\u00f3n de nuestro sitio web es: https:\/\/almacredit.ch. Comentarios Cuando dejas un comentario en nuestro sitio web Alma Credit, la informaci\u00f3n ingresada en el formulario de comentario, as\u00ed como su direcci\u00f3n IP y el agente de usuario de su navegador, se recopilan para ayudarnos en la detecci\u00f3n de comentarios no deseados. Un hash [&hellip;]<\/p>\n","protected":false},"author":1,"featured_media":0,"parent":0,"menu_order":0,"comment_status":"closed","ping_status":"closed","template":"","meta":{"_coblocks_attr":"","_coblocks_dimensions":"","_coblocks_responsive_height":"","_coblocks_accordion_ie_support":"","om_disable_all_campaigns":false,"_monsterinsights_skip_tracking":false,"_monsterinsights_sitenote_active":false,"_monsterinsights_sitenote_note":"","_monsterinsights_sitenote_category":0,"footnotes":""},"class_list":["post-3706","page","type-page","status-publish","hentry"],"aioseo_notices":[],"_links":{"self":[{"href":"https:\/\/almacredit.ch\/es\/wp-json\/wp\/v2\/pages\/3706","targetHints":{"allow":["GET"]}}],"collection":[{"href":"https:\/\/almacredit.ch\/es\/wp-json\/wp\/v2\/pages"}],"about":[{"href":"https:\/\/almacredit.ch\/es\/wp-json\/wp\/v2\/types\/page"}],"author":[{"embeddable":true,"href":"https:\/\/almacredit.ch\/es\/wp-json\/wp\/v2\/users\/1"}],"replies":[{"embeddable":true,"href":"https:\/\/almacredit.ch\/es\/wp-json\/wp\/v2\/comments?post=3706"}],"version-history":[{"count":3,"href":"https:\/\/almacredit.ch\/es\/wp-json\/wp\/v2\/pages\/3706\/revisions"}],"predecessor-version":[{"id":3725,"href":"https:\/\/almacredit.ch\/es\/wp-json\/wp\/v2\/pages\/3706\/revisions\/3725"}],"wp:attachment":[{"href":"https:\/\/almacredit.ch\/es\/wp-json\/wp\/v2\/media?parent=3706"}],"curies":[{"name":"wp","href":"https:\/\/api.w.org\/{rel}","templated":true}]}}