{"id":3309,"date":"2023-08-26T12:48:49","date_gmt":"2023-08-26T11:48:49","guid":{"rendered":"https:\/\/almacredit.ch\/karte-krediti\/"},"modified":"2023-11-30T15:17:40","modified_gmt":"2023-11-30T14:17:40","slug":"tarjeta-de-credito","status":"publish","type":"page","link":"https:\/\/almacredit.ch\/es\/tarjeta-de-credito\/","title":{"rendered":"Tarjeta De Cr\u00e9dito"},"content":{"rendered":"\r\n<p><style>\r\n        body {\r\n            font-family: 'Arial', sans-serif;\r\n            padding: 20px;\r\n            background-color: #f5f5f5;\r\n            margin: 0;\r\n        }\r\n\r\n        h1, h5 {\r\n            color: #6bb018;\r\n            text-align: left;  \/* Titres align\u00e9s \u00e0 gauche *\/\r\n        }\r\n\r\n        p {\r\n            color: #555;\r\n            text-align: justify;  \/* Texte justifi\u00e9 *\/\r\n            width: 100%;\r\n        }\r\n\r\n        .contactinfo-item {\r\n            background-color: #ffffff;\r\n            border: 1px solid #e0e0e0;\r\n            padding: 30px;\r\n            margin-bottom: 20px;\r\n            border-radius: 15px;\r\n            box-shadow: 0px 5px 10px rgba(0, 0, 0, 0.1);\r\n        }\r\n\r\n        .contactinfo-head {\r\n            display: flex;\r\n            align-items: center;\r\n        }\r\n\r\n        .contactinfo-icon {\r\n            margin-right: 15px;\r\n            position: relative;\r\n            animation: spin 2s linear infinite;\r\n        }\r\n\r\n        h5 {\r\n            display: inline;  \/* Titre sur la m\u00eame ligne *\/\r\n        }\r\n\r\n        @keyframes spin {\r\n            0% { transform: rotate(0deg); }\r\n            100% { transform: rotate(360deg); }\r\n        }\r\n\r\n        .contactinfo-count {\r\n            position: absolute;\r\n            top: 50%;\r\n            left: 50%;\r\n            transform: translate(-50%, -50%);\r\n            font-size: 1.5rem;\r\n        }\r\n    <\/style><\/p>\r\n<h1><strong>10 Razones para Elegir una Tarjeta de Cr\u00e9dito Alma<\/strong><\/h1>\r\n<h6 style=\"text-align: left;\"><strong>A menudo es tentador elegir opciones que parecen \u00abgratuitas\u00bb a primera vista. Sin embargo, es importante recordar que nada es realmente gratuito. En Alma, creemos en la transparencia y en ofrecer servicios de calidad a un precio justo. Aqu\u00ed le explicamos por qu\u00e9 deber\u00eda considerar elegir una tarjeta de cr\u00e9dito Alma.<\/strong><\/h6>\r\n<!-- Raison 1 -->\r\n<div class=\"contactinfo-item\">\r\n<div class=\"contactinfo-head\">\r\n<div class=\"contactinfo-icon\">\r\n<div class=\"contactinfo-count\">1\ufe0f\u20e3<\/div>\r\n<\/div>\r\n<h5>Transparencia de Tarifas<\/h5>\r\n<\/div>\r\n<p>En Alma, la transparencia es primordial. No imponemos ning\u00fan cargo por gesti\u00f3n, asegurando as\u00ed que sus cuotas mensuales sean claras y predecibles.<\/p>\r\n<\/div>\r\n<!-- Raison 2 --><!-- ... (et ainsi de suite pour les autres raisons) --><!-- Raison 2 -->\r\n<div class=\"contactinfo-item\">\r\n<div class=\"contactinfo-head\">\r\n<div class=\"contactinfo-icon\">\r\n<div class=\"contactinfo-count\">2\ufe0f\u20e3<\/div>\r\n<\/div>\r\n<h5>Flexibilidad de Pago<\/h5>\r\n<\/div>\r\n<p>Nuestra tarjeta de cr\u00e9dito ofrece una gran flexibilidad de pago, lo que le permite gestionar sus finanzas m\u00e1s f\u00e1cilmente.<\/p>\r\n<\/div>\r\n<!-- Raison 3 -->\r\n<div class=\"contactinfo-item\">\r\n<div class=\"contactinfo-head\">\r\n<div class=\"contactinfo-icon\">\r\n<div class=\"contactinfo-count\">3\ufe0f\u20e3<\/div>\r\n<\/div>\r\n<h5><strong>Seguridad Mejorada<\/strong><\/h5>\r\n<\/div>\r\n<p>Con medidas de seguridad de vanguardia, su dinero y su informaci\u00f3n siempre est\u00e1n seguros.<\/p>\r\n<\/div>\r\n<!-- Raison 4 -->\r\n<div class=\"contactinfo-item\">\r\n<div class=\"contactinfo-head\">\r\n<div class=\"contactinfo-icon\">\r\n<div class=\"contactinfo-count\">4\ufe0f\u20e3<\/div>\r\n<\/div>\r\n<h5>Programa de Recompensas<\/h5>\r\n<\/div>\r\n<p>Disfrute de nuestro exclusivo programa de recompensas y gane puntos con cada compra.<\/p>\r\n<\/div>\r\n<!-- Raison 5 -->\r\n<div class=\"contactinfo-item\">\r\n<div class=\"contactinfo-head\">\r\n<div class=\"contactinfo-icon\">\r\n<div class=\"contactinfo-count\">5\ufe0f\u20e3<\/div>\r\n<\/div>\r\n<h5>Servicio al Cliente Excepcional<\/h5>\r\n<\/div>\r\n<p>Nuestro servicio al cliente est\u00e1 siempre disponible para ayudarle, 24\/7.<\/p>\r\n<\/div>\r\n<!-- Raison 6 -->\r\n<div class=\"contactinfo-item\">\r\n<div class=\"contactinfo-head\">\r\n<div class=\"contactinfo-icon\">\r\n<div class=\"contactinfo-count\">6\ufe0f\u20e3<\/div>\r\n<\/div>\r\n<h5>Facilidad de Uso<\/h5>\r\n<\/div>\r\n<p>Con una interfaz de usuario intuitiva, gestionar sus finanzas nunca ha sido tan f\u00e1cil.<\/p>\r\n<\/div>\r\n<!-- Raison 7 -->\r\n<div class=\"contactinfo-item\">\r\n<div class=\"contactinfo-head\">\r\n<div class=\"contactinfo-icon\">\r\n<div class=\"contactinfo-count\">7\ufe0f\u20e3<\/div>\r\n<\/div>\r\n<h5>Acceso Global<\/h5>\r\n<\/div>\r\n<p>Utilice su tarjeta de cr\u00e9dito Alma en todo el mundo sin cargos adicionales.<\/p>\r\n<\/div>\r\n<!-- Raison 8 -->\r\n<div class=\"contactinfo-item\">\r\n<div class=\"contactinfo-head\">\r\n<div class=\"contactinfo-icon\">\r\n<div class=\"contactinfo-count\">8\ufe0f\u20e3<\/div>\r\n<\/div>\r\n<h5>Transferencias F\u00e1ciles<\/h5>\r\n<\/div>\r\n<p>Transfiera dinero f\u00e1cilmente entre sus distintas cuentas o a otras personas.<\/p>\r\n<\/div>\r\n<!-- Raison 9 -->\r\n<div class=\"contactinfo-item\">\r\n<div class=\"contactinfo-head\">\r\n<div class=\"contactinfo-icon\">\r\n<div class=\"contactinfo-count\">9\ufe0f\u20e3<\/div>\r\n<\/div>\r\n<h5>Notificaciones en Tiempo Real<\/h5>\r\n<\/div>\r\n<p>Reciba notificaciones en tiempo real para seguir sus gastos y gestionar su presupuesto.<\/p>\r\n<\/div>\r\n<!-- Raison 10 -->\r\n<div class=\"contactinfo-item\">\r\n<div class=\"contactinfo-head\">\r\n<div class=\"contactinfo-icon\">\r\n<div class=\"contactinfo-count\">\ud83d\udd1f<\/div>\r\n<\/div>\r\n<h5>Transparencia Total<\/h5>\r\n<\/div>\r\n<p>Reciba un resumen mensual detallado para una transparencia total sobre sus gastos.<\/p>\r\n<\/div>\r\n\r\n\r\n\r\n<p>&nbsp;<\/p>\r\n\r\n\r\n\r\n<p>&nbsp;<\/p>\r\n<p>&nbsp;<\/p>\r\n<p>&nbsp;<\/p>\r\n<p><style>\r\n        body {\r\n            font-family: 'Arial', sans-serif;\r\n            padding: 20px;\r\n            background-color: #f5f5f5;\r\n        }\r\n\r\n        h2, h5, label, input[type=\"text\"], input[type=\"email\"], input[type=\"tel\"], input[type=\"number\"], textarea, select {\r\n            color: #6bb018;\r\n        }\r\n\r\n        .text-green {\r\n            color: #6bb018;\r\n        }\r\n\r\n        .form-control {\r\n            border: none;\r\n            border-bottom: 2px solid #4dc47d;\r\n            outline: none;\r\n            font-size: 24px;\r\n            margin-right: 20px;\r\n            width: 100%;\r\n            padding: 10px;\r\n        }\r\n\r\n        .feature-box {\r\n            margin-bottom: 20px;\r\n        }\r\n\r\n        .btn-border-primary {\r\n            border: 2px solid #6bb018;\r\n            color: #6bb018;\r\n            padding: 10px 20px;\r\n            font-size: 16px;\r\n            cursor: pointer;\r\n            transition: background-color 0.3s ease;\r\n        }\r\n\r\n        .btn-border-primary:hover {\r\n            background-color: #6bb018;\r\n            color: #ffffff;\r\n        }\r\n    <\/style><\/p>\r\n<div class=\"contactinfo-item\">\r\n<p><strong>Solicitud de Tarjeta de Cr\u00e9dito Alma Cr\u00e9dit<\/strong><\/p>\r\n<p>Complete el formulario a continuaci\u00f3n para solicitar una tarjeta de cr\u00e9dito.<\/p>\r\n<form id=\"creditCardApplication\"><!-- Informations personnelles -->\r\n<div class=\"feature-box\">\r\n<h6>Informaci\u00f3n Personal<\/h6>\r\nNombre completo: <input id=\"fullName\" class=\"form-control\" required=\"\" type=\"text\" \/> Correo electr\u00f3nico:\u00a0<input id=\"email\" class=\"form-control\" required=\"\" type=\"email\" \/> Tel\u00e9fono:\u00a0<input id=\"phone\" class=\"form-control\" required=\"\" type=\"tel\" \/><\/div>\r\n<!-- Informations financi\u00e8res -->\r\n<div class=\"feature-box\">\r\n<h6>Informaci\u00f3n Financiera<\/h6>\r\nSalario mensual (CHF): <input id=\"monthlySalary\" class=\"form-control\" required=\"\" type=\"number\" \/> Cr\u00e9ditos actuales (monto total en CHF):\u00a0<input id=\"existingCredits\" class=\"form-control\" required=\"\" type=\"number\" \/><\/div>\r\n<!-- Autres informations -->\r\n<div class=\"feature-box\">\r\n<h6>Otra Informaci\u00f3n<\/h6>\r\nRaz\u00f3n para solicitar la tarjeta: <textarea id=\"reason\" class=\"form-control\" required=\"\" rows=\"3\"><\/textarea><\/div>\r\n<button class=\"btn btn-border-primary btn-shape\" type=\"submit\">Enviar Solicitud <\/button><\/form><\/div>\r\n<p><script>\r\n    document.getElementById(\"creditCardApplication\").addEventListener(\"submit\", function(event) {\r\n        event.preventDefault();\r\n        \/\/ Ici, vous pouvez ajouter une logique pour traiter les donn\u00e9es du formulaire, par exemple, les envoyer \u00e0 un serveur.\r\n        alert(\"Demande soumise ! Nous vous contacterons prochainement.\");\r\n    });\r\n<\/script><\/p>\r\n\r\n\r\n\r\n<div class=\"wp-block-columns alignfull has-text-color has-background is-layout-flex wp-container-core-columns-is-layout-9d6595d7 wp-block-columns-is-layout-flex\" style=\"color: #000000; background-color: #ffffff;\">\r\n<div class=\"wp-block-column is-layout-flow wp-block-column-is-layout-flow\">\r\n<h3 class=\"wp-block-heading\" style=\"font-size: 24px; line-height: 1.3;\">(ART.3 LCD)<\/h3>\r\n\r\n\r\n\r\n<p>La concesi\u00f3n de un cr\u00e9dito est\u00e1 prohibida si conduce al sobreendeudamiento del consumidor.<\/p>\r\n<\/div>\r\n\r\n\r\n\r\n<div class=\"wp-block-column is-layout-flow wp-block-column-is-layout-flow\">\r\n<h3 class=\"wp-block-heading\">Ejemplo de c\u00e1lculo:<\/h3>\r\n\r\n\r\n\r\n<p>Pr\u00e9stamo de CHF 10\u2019000. Una tasa de inter\u00e9s anual efectiva entre el 4.5% y el 10.95% y un plazo de 12 meses resultan en intereses totales entre CHF 240 y CHF 574. Duraci\u00f3n: 6-120 meses; Tasa de inter\u00e9s anual m\u00e1xima (incluyendo todos los costos del cr\u00e9dito) 10.95%<\/p>\r\n<\/div>\r\n<\/div>\r\n","protected":false},"excerpt":{"rendered":"<p>10 Razones para Elegir una Tarjeta de Cr\u00e9dito Alma A menudo es tentador elegir opciones que parecen \u00abgratuitas\u00bb a primera vista. Sin embargo, es importante recordar que nada es realmente gratuito. En Alma, creemos en la transparencia y en ofrecer servicios de calidad a un precio justo. Aqu\u00ed le explicamos por qu\u00e9 deber\u00eda considerar elegir [&hellip;]<\/p>\n","protected":false},"author":1,"featured_media":0,"parent":0,"menu_order":0,"comment_status":"closed","ping_status":"closed","template":"","meta":{"_coblocks_attr":"","_coblocks_dimensions":"","_coblocks_responsive_height":"","_coblocks_accordion_ie_support":"","om_disable_all_campaigns":false,"_monsterinsights_skip_tracking":false,"_monsterinsights_sitenote_active":false,"_monsterinsights_sitenote_note":"","_monsterinsights_sitenote_category":0,"footnotes":""},"class_list":["post-3309","page","type-page","status-publish","hentry"],"aioseo_notices":[],"_links":{"self":[{"href":"https:\/\/almacredit.ch\/es\/wp-json\/wp\/v2\/pages\/3309","targetHints":{"allow":["GET"]}}],"collection":[{"href":"https:\/\/almacredit.ch\/es\/wp-json\/wp\/v2\/pages"}],"about":[{"href":"https:\/\/almacredit.ch\/es\/wp-json\/wp\/v2\/types\/page"}],"author":[{"embeddable":true,"href":"https:\/\/almacredit.ch\/es\/wp-json\/wp\/v2\/users\/1"}],"replies":[{"embeddable":true,"href":"https:\/\/almacredit.ch\/es\/wp-json\/wp\/v2\/comments?post=3309"}],"version-history":[{"count":12,"href":"https:\/\/almacredit.ch\/es\/wp-json\/wp\/v2\/pages\/3309\/revisions"}],"predecessor-version":[{"id":3948,"href":"https:\/\/almacredit.ch\/es\/wp-json\/wp\/v2\/pages\/3309\/revisions\/3948"}],"wp:attachment":[{"href":"https:\/\/almacredit.ch\/es\/wp-json\/wp\/v2\/media?parent=3309"}],"curies":[{"name":"wp","href":"https:\/\/api.w.org\/{rel}","templated":true}]}}