{"id":2818,"date":"2023-08-27T17:07:48","date_gmt":"2023-08-27T16:07:48","guid":{"rendered":"https:\/\/almacredit.ch\/?page_id=2818"},"modified":"2023-11-15T09:44:17","modified_gmt":"2023-11-15T08:44:17","slug":"su-credito-comercial-en-linea","status":"publish","type":"page","link":"https:\/\/almacredit.ch\/es\/su-credito-comercial-en-linea\/","title":{"rendered":"Su cr\u00e9dito comercial en l\u00ednea"},"content":{"rendered":"\r\n\r\n&nbsp;\r\n\r\n<style>\r\n        \/* ... estilos anteriores ... *\/<\/p>\r\n<p>        body {\r\n            font-family: Arial, sans-serif;\r\n        }<\/p>\r\n<p>        #amount, #period {\r\n            font-size: 24px;\r\n            padding: 10px;\r\n            width: 200px;\r\n            margin-right: 20px;\r\n            border: 2px solid #6caf17;\r\n            border-radius: 5px;\r\n        }<\/p>\r\n<p>        #monthlyPayment {\r\n            font-size: 28px;\r\n            font-weight: bold;\r\n            color: #6caf17;\r\n        }<\/p>\r\n<p>        .credit-conditions ul {\r\n            list-style-type: none;\r\n            padding-left: 0;\r\n        }<\/p>\r\n<p>        .credit-conditions li {\r\n            background-color: #f5f5f5;\r\n            padding: 8px 12px;\r\n            margin-bottom: 8px;\r\n            border-radius: 5px;\r\n            border-left: 5px solid #6caf17;\r\n        }<\/p>\r\n<p>        .credit-info {\r\n            padding: 20px;\r\n            border: 1px solid #ccc;\r\n            border-radius: 5px;\r\n            margin-bottom: 20px;\r\n        }<\/p>\r\n<p>        .credit-info h2, .credit-conditions h2 {\r\n            color: #6caf17;\r\n        }<\/p>\r\n<p>        .credit-calculator {\r\n            text-align: center;\r\n        }<\/p>\r\n<\/style>\r\n\r\n<script>\r\n        function updateMonthlyPayment() {\r\n            let amount = parseInt(document.getElementById(\"amount\").value.replace(\/'\/g, \"\"));\r\n            let period = parseInt(document.getElementById(\"period\").value);\r\n            let rate = 4.9 \/ 100 \/ 12;  \/\/ Tasa de inter\u00e9s mensual\r\n            let monthlyPayment = (amount * rate * (Math.pow(1 + rate, period)) \/ (Math.pow(1 + rate, period) - 1)).toFixed(2);\r\n            document.getElementById(\"monthlyPayment\").innerText = \"CHF \" + monthlyPayment;\r\n        }\r\n    <\/script>\r\n\r\n&nbsp;\r\n\r\n<!-- Informaci\u00f3n del Cr\u00e9dito -->\r\n<div class=\"credit-info\">\r\n<h2>\u00bfCu\u00e1nto dinero necesitas?<\/h2>\r\n<label for=\"amount\">CHF<\/label>\r\n<input id=\"amount\" type=\"text\" value=\"20'000\" \/>\r\n<label for=\"period\">Duraci\u00f3n (meses):<\/label>\r\n<select id=\"period\" onchange=\"updateMonthlyPayment()\">\r\n<option value=\"12\">12<\/option>\r\n<option value=\"24\">24<\/option>\r\n<option value=\"36\">36<\/option>\r\n<option value=\"48\">48<\/option>\r\n<option value=\"60\">60<\/option>\r\n<\/select>\r\n<h3>Cuotas mensuales desde<\/h3>\r\n<p id=\"monthlyPayment\">CHF 372.05<\/p>\r\n\r\n<\/div>\r\n<!-- Condiciones del Cr\u00e9dito -->\r\n<div class=\"credit-conditions\">\r\n<h2>Condiciones<\/h2>\r\n<ul>\r\n \t<li>Monto otorgado: de CHF 10&#8217;000 a CHF 400&#8217;000<\/li>\r\n \t<li>Duraci\u00f3n: de 12 a 60 meses<\/li>\r\n \t<li>Posibilidad de pagar tu cr\u00e9dito privado en cualquier momento, sin costos adicionales.<\/li>\r\n \t<li>Particulares de nacionalidad suiza o residentes en Suiza<\/li>\r\n \t<li>M\u00ednimo 20 a\u00f1os<\/li>\r\n \t<li>Ingresos netos > CHF 3&#8217;000<\/li>\r\n<\/ul>\r\n<\/div>\r\n&nbsp;\r\n\r\n&nbsp;\r\n\r\n\r\n\r\n\r\n\r\n<hr class=\"wp-block-coblocks-dynamic-separator\" style=\"height: 50px;\" \/>\r\n\r\n\r\n\r\n\r\n\r\n&nbsp;\r\n\r\n<style>\r\n        body {\r\n            font-family: Arial, sans-serif;\r\n            padding: 20px;\r\n            background-color: #f5f5f5;\r\n        }<\/p>\r\n<p>        form {\r\n            background-color: #ffffff;\r\n            border: 1px solid #e0e0e0;\r\n            padding: 20px;\r\n            border-radius: 5px;\r\n        }<\/p>\r\n<p>        label, input, select {\r\n            margin-bottom: 10px;\r\n        }\r\n    <\/style>\r\n\r\n&nbsp;\r\n\r\n&nbsp;\r\n\r\n<form action=\"mailto:credit@almacredit.ch?subject=Solicitud de cr\u00e9dito empresarial\" method=\"GET\">\r\n<h2>Informaci\u00f3n de la empresa<\/h2>\r\n<label for=\"company-name\">Nombre de la empresa:<\/label>\r\n<input id=\"company-name\" name=\"company-name\" required=\"\" type=\"text\" \/>\r\n\r\n<label for=\"ide\">IDE (Zefix):<\/label>\r\n<input id=\"ide\" name=\"ide\" required=\"\" type=\"text\" \/>\r\n\r\n<label for=\"annual-turnover\">Facturaci\u00f3n anual:<\/label>\r\n<input id=\"annual-turnover\" name=\"annual-turnover\" required=\"\" type=\"number\" \/>\r\n<h3>Datos de contacto de la empresa<\/h3>\r\n<input name=\"company-street\" required=\"\" type=\"text\" placeholder=\"Calle\" \/>\r\n<input name=\"company-number\" required=\"\" type=\"number\" placeholder=\"N\u00b0\" \/>\r\n<input name=\"company-npa\" required=\"\" type=\"number\" placeholder=\"C\u00f3digo Postal\" \/>\r\n<input name=\"company-locality\" required=\"\" type=\"text\" placeholder=\"- Localidad -\" \/>\r\n<h3>Persona de contacto<\/h3>\r\n<select name=\"contact-title\">\r\n<option value=\"monsieur\">Se\u00f1or<\/option>\r\n<option value=\"madame\">Se\u00f1ora<\/option>\r\n<\/select>\r\n\r\n<input name=\"contact-lastname\" required=\"\" type=\"text\" placeholder=\"Apellido\" \/>\r\n<input name=\"contact-firstname\" required=\"\" type=\"text\" placeholder=\"Nombre\" \/>\r\n<input name=\"contact-email\" required=\"\" type=\"email\" placeholder=\"Correo electr\u00f3nico\" \/>\r\n<input name=\"contact-mobile\" required=\"\" type=\"tel\" placeholder=\"M\u00f3vil\" \/>\r\n\r\n<input name=\"contact-street\" required=\"\" type=\"text\" placeholder=\"Calle\" \/>\r\n<input name=\"contact-number\" required=\"\" type=\"number\" placeholder=\"N\u00b0\" \/>\r\n<input name=\"contact-npa\" required=\"\" type=\"number\" placeholder=\"C\u00f3digo Postal\" \/>\r\n<input name=\"contact-locality\" required=\"\" type=\"text\" placeholder=\"- Localidad -\" \/>\r\n<h3>Fecha de nacimiento<\/h3>\r\n<input max=\"31\" name=\"birth-day\" required=\"\" type=\"number\" placeholder=\"DD\" \/>\r\n<input max=\"12\" name=\"birth-month\" required=\"\" type=\"number\" placeholder=\"MM\" \/>\r\n<input name=\"birth-year\" required=\"\" type=\"number\" placeholder=\"AAAA\" \/>\r\n<div><input id=\"accept-terms\" name=\"accept-terms\" required=\"\" type=\"checkbox\" \/>\r\n<label for=\"accept-terms\">Confirmo que he le\u00eddo las menciones legales en su totalidad y las acepto en todos sus puntos.<\/label><\/div>\r\n<button type=\"submit\">Enviar solicitud<\/button>\r\n\r\n<\/form>\r\n\r\n\r\n","protected":false},"excerpt":{"rendered":"<p>&nbsp; &nbsp; \u00bfCu\u00e1nto dinero necesitas? CHF Duraci\u00f3n (meses): 1224364860 Cuotas mensuales desde CHF 372.05 Condiciones Monto otorgado: de CHF 10&#8217;000 a CHF 400&#8217;000 Duraci\u00f3n: de 12 a 60 meses Posibilidad de pagar tu cr\u00e9dito privado en cualquier momento, sin costos adicionales. Particulares de nacionalidad suiza o residentes en Suiza M\u00ednimo 20 a\u00f1os Ingresos netos > [&hellip;]<\/p>\n","protected":false},"author":1,"featured_media":0,"parent":0,"menu_order":0,"comment_status":"closed","ping_status":"closed","template":"","meta":{"_coblocks_attr":"","_coblocks_dimensions":"","_coblocks_responsive_height":"","_coblocks_accordion_ie_support":"","om_disable_all_campaigns":false,"_monsterinsights_skip_tracking":false,"_monsterinsights_sitenote_active":false,"_monsterinsights_sitenote_note":"","_monsterinsights_sitenote_category":0,"footnotes":""},"class_list":["post-2818","page","type-page","status-publish","hentry"],"aioseo_notices":[],"_links":{"self":[{"href":"https:\/\/almacredit.ch\/es\/wp-json\/wp\/v2\/pages\/2818","targetHints":{"allow":["GET"]}}],"collection":[{"href":"https:\/\/almacredit.ch\/es\/wp-json\/wp\/v2\/pages"}],"about":[{"href":"https:\/\/almacredit.ch\/es\/wp-json\/wp\/v2\/types\/page"}],"author":[{"embeddable":true,"href":"https:\/\/almacredit.ch\/es\/wp-json\/wp\/v2\/users\/1"}],"replies":[{"embeddable":true,"href":"https:\/\/almacredit.ch\/es\/wp-json\/wp\/v2\/comments?post=2818"}],"version-history":[{"count":1,"href":"https:\/\/almacredit.ch\/es\/wp-json\/wp\/v2\/pages\/2818\/revisions"}],"predecessor-version":[{"id":2819,"href":"https:\/\/almacredit.ch\/es\/wp-json\/wp\/v2\/pages\/2818\/revisions\/2819"}],"wp:attachment":[{"href":"https:\/\/almacredit.ch\/es\/wp-json\/wp\/v2\/media?parent=2818"}],"curies":[{"name":"wp","href":"https:\/\/api.w.org\/{rel}","templated":true}]}}