{"id":3685,"date":"2023-08-26T09:10:36","date_gmt":"2023-08-26T08:10:36","guid":{"rendered":"https:\/\/almacredit.ch\/privacy-policy-2\/"},"modified":"2023-11-28T14:41:49","modified_gmt":"2023-11-28T13:41:49","slug":"datenschutzrichtlinie","status":"publish","type":"page","link":"https:\/\/almacredit.ch\/de\/datenschutzrichtlinie\/","title":{"rendered":"Datenschutzrichtlinie"},"content":{"rendered":"\r\n<p><strong>Wer sind wir?<\/strong><\/p>\r\n<p>Die Adresse unserer Website ist: <a href=\"https:\/\/almacredit.ch\/de\/\" target=\"_new\" rel=\"noopener\">https:\/\/almacredit.ch<\/a>.<\/p>\r\n<p><strong>Kommentare<\/strong><\/p>\r\n<p>Wenn Sie einen Kommentar auf unserer Website Alma Credit hinterlassen, werden die im Kommentarformular eingegebenen Informationen sowie Ihre IP-Adresse und der User-Agent Ihres Browsers gesammelt, um uns bei der Erkennung unerw\u00fcnschter Kommentare zu helfen.<\/p>\r\n<p>Ein anonymisierter Hash, der aus Ihrer E-Mail-Adresse erstellt wird, kann an den Gravatar-Dienst gesendet werden, um zu \u00fcberpr\u00fcfen, ob Sie diesen nutzen. Die Datenschutzrichtlinie des Gravatar-Dienstes finden Sie hier: <a href=\"https:\/\/automattic.com\/privacy\/\" target=\"_new\" rel=\"noopener\">https:\/\/automattic.com\/privacy\/<\/a>. Nach Genehmigung Ihres Kommentars wird Ihr Profilbild neben Ihrem Kommentar \u00f6ffentlich sichtbar sein.<\/p>\r\n<p><strong>Medien<\/strong><\/p>\r\n<p>Wenn Sie Bilder auf die Alma Credit-Website hochladen, empfehlen wir, das Hochladen von Bildern mit EXIF-GPS-Standortdaten zu vermeiden. Besucher unserer Website k\u00f6nnen Standortdaten aus diesen Bildern herunterladen und extrahieren.<\/p>\r\n<p><strong>Cookies<\/strong><\/p>\r\n<p>Wenn Sie einen Kommentar auf Alma Credit hinterlassen, wird Ihnen die M\u00f6glichkeit angeboten, Ihren Namen, Ihre E-Mail-Adresse und Ihre Website in Cookies zu speichern. Dies dient Ihrem Komfort, sodass Sie diese Angaben bei einem weiteren Kommentar nicht erneut eingeben m\u00fcssen. Diese Cookies haben eine G\u00fcltigkeit von einem Jahr.<\/p>\r\n<p>Wenn Sie auf die Anmeldeseite zugreifen, wird ein tempor\u00e4res Cookie erstellt, um zu \u00fcberpr\u00fcfen, ob Ihr Browser Cookies akzeptiert. Dieses Cookie enth\u00e4lt keine pers\u00f6nlichen Daten und wird beim Schlie\u00dfen Ihres Browsers gel\u00f6scht.<\/p>\r\n<p>Sobald Sie sich anmelden, werden wir verschiedene Cookies einrichten, um Ihre Anmeldeinformationen und Ihre Bildschirmanzeigeoptionen zu speichern. Anmelde-Cookies haben eine G\u00fcltigkeit von zwei Tagen und Bildschirmoptionen-Cookies von einem Jahr. Wenn Sie &#8222;Angemeldet bleiben&#8220; w\u00e4hlen, wird Ihre Anmeldung zwei Wochen lang aufrechterhalten. Wenn Sie sich abmelden, wird das Anmelde-Cookie gel\u00f6scht.<\/p>\r\n<p><strong>Eingebettete Inhalte von anderen Websites<\/strong><\/p>\r\n<p>Artikel auf Alma Credit k\u00f6nnen eingebettete Inhalte enthalten (z. B. Videos, Bilder, Artikel usw.). Eingebettete Inhalte von anderen Websites verhalten sich genau so, als ob der Besucher die andere Website besucht h\u00e4tte.<\/p>\r\n<p>Diese Websites k\u00f6nnen Daten \u00fcber Sie sammeln, Cookies verwenden, zus\u00e4tzliche Tracking-Tools einbetten und Ihre Interaktionen mit diesen eingebetteten Inhalten verfolgen, wenn Sie ein Konto haben und auf dieser Website angemeldet sind.<\/p>\r\n<p><strong>Verwendung und \u00dcbermittlung Ihrer pers\u00f6nlichen Daten<\/strong><\/p>\r\n<p>Wenn Sie auf Alma Credit eine Passwortzur\u00fccksetzung anfordern, wird Ihre IP-Adresse in die Zur\u00fccksetzungs-E-Mail eingef\u00fcgt.<\/p>\r\n<p><strong>Dauer der Speicherung Ihrer Daten<\/strong><\/p>\r\n<p>F\u00fcr Nutzer, die sich auf unserer Website Alma Credit registrieren, speichern wir auch die pers\u00f6nlichen Informationen, die sie in ihrem Benutzerprofil angeben. Alle Benutzer k\u00f6nnen ihre pers\u00f6nlichen Informationen jederzeit einsehen, bearbeiten oder l\u00f6schen (au\u00dfer ihren Benutzernamen). Website-Administratoren k\u00f6nnen diese Informationen ebenfalls einsehen und bearbeiten.<\/p>\r\n<p><strong>Ihre Rechte an Ihren Daten<\/strong><\/p>\r\n<p>Wenn Sie ein Konto auf Alma Credit haben oder Kommentare hinterlassen haben, k\u00f6nnen Sie eine exportierte Datei der pers\u00f6nlichen Daten anfordern, die wir \u00fcber Sie gespeichert haben, einschlie\u00dflich aller Daten, die Sie uns zur Verf\u00fcgung gestellt haben. Sie k\u00f6nnen auch die L\u00f6schung aller Ihrer pers\u00f6nlichen Daten verlangen. Dies schlie\u00dft keine Daten ein, die wir aus administrativen, rechtlichen oder sicherheitstechnischen Gr\u00fcnden aufbewahren m\u00fcssen.<\/p>\r\n<p><strong>\u00dcbermittlung Ihrer Daten<\/strong><\/p>\r\n<p>Kommentare von Besuchern k\u00f6nnten durch einen automatisierten Spam-Erkennungsdienst \u00fcberpr\u00fcft werden.<\/p>\r\n","protected":false},"excerpt":{"rendered":"<p>Wer sind wir? Die Adresse unserer Website ist: https:\/\/almacredit.ch. Kommentare Wenn Sie einen Kommentar auf unserer Website Alma Credit hinterlassen, werden die im Kommentarformular eingegebenen Informationen sowie Ihre IP-Adresse und der User-Agent Ihres Browsers gesammelt, um uns bei der Erkennung unerw\u00fcnschter Kommentare zu helfen. Ein anonymisierter Hash, der aus Ihrer E-Mail-Adresse erstellt wird, kann an [&hellip;]<\/p>\n","protected":false},"author":1,"featured_media":0,"parent":0,"menu_order":0,"comment_status":"closed","ping_status":"closed","template":"","meta":{"_coblocks_attr":"","_coblocks_dimensions":"","_coblocks_responsive_height":"","_coblocks_accordion_ie_support":"","om_disable_all_campaigns":false,"_monsterinsights_skip_tracking":false,"_monsterinsights_sitenote_active":false,"_monsterinsights_sitenote_note":"","_monsterinsights_sitenote_category":0,"footnotes":""},"class_list":["post-3685","page","type-page","status-publish","hentry"],"aioseo_notices":[],"_links":{"self":[{"href":"https:\/\/almacredit.ch\/de\/wp-json\/wp\/v2\/pages\/3685","targetHints":{"allow":["GET"]}}],"collection":[{"href":"https:\/\/almacredit.ch\/de\/wp-json\/wp\/v2\/pages"}],"about":[{"href":"https:\/\/almacredit.ch\/de\/wp-json\/wp\/v2\/types\/page"}],"author":[{"embeddable":true,"href":"https:\/\/almacredit.ch\/de\/wp-json\/wp\/v2\/users\/1"}],"replies":[{"embeddable":true,"href":"https:\/\/almacredit.ch\/de\/wp-json\/wp\/v2\/comments?post=3685"}],"version-history":[{"count":4,"href":"https:\/\/almacredit.ch\/de\/wp-json\/wp\/v2\/pages\/3685\/revisions"}],"predecessor-version":[{"id":3727,"href":"https:\/\/almacredit.ch\/de\/wp-json\/wp\/v2\/pages\/3685\/revisions\/3727"}],"wp:attachment":[{"href":"https:\/\/almacredit.ch\/de\/wp-json\/wp\/v2\/media?parent=3685"}],"curies":[{"name":"wp","href":"https:\/\/api.w.org\/{rel}","templated":true}]}}