{"id":3417,"date":"2023-08-26T07:01:28","date_gmt":"2023-08-26T06:01:28","guid":{"rendered":"https:\/\/almacredit.ch\/privacy-policy\/"},"modified":"2023-12-01T13:08:01","modified_gmt":"2023-12-01T12:08:01","slug":"privacy-policy","status":"publish","type":"page","link":"https:\/\/almacredit.ch\/de\/privacy-policy\/","title":{"rendered":"Rechtliche Informationen"},"content":{"rendered":"\r\n\r\n\r\n<h1>Rechtliche Informationen zur Nutzung der Alma Credit Website (Grundlage)<\/h1>\r\n<p><strong>Gegenstand<\/strong>: Diese Bedingungen regeln die Nutzung der Alma Credit Website. Jede Person, die auf die Website zugreift, gilt als Nutzer und akzeptiert diese Bedingungen.<\/p>\r\n<p><strong>Urheberrecht<\/strong>: Alle Inhalte (Texte, Bilder, Grafiken, Logos) auf der Alma Credit Website sind urheberrechtlich gesch\u00fctzt und anderen Gesetzen zum geistigen Eigentum unterworfen. Jegliche Reproduktion, auch teilweise, ist ohne vorherige Zustimmung von Alma Credit verboten.<\/p>\r\n<p><strong>Datenschutz<\/strong>: Alma Credit verpflichtet sich, die pers\u00f6nlichen Daten der Nutzer gem\u00e4\u00df den geltenden Schweizer Vorschriften und ihrer eigenen Datenschutzrichtlinie zu sch\u00fctzen.<\/p>\r\n<p><strong>Haftungsbeschr\u00e4nkung<\/strong>: Obwohl Alma Credit sich bem\u00fcht, die Zuverl\u00e4ssigkeit der Informationen auf der Website sicherzustellen, kann sie deren Genauigkeit, Vollst\u00e4ndigkeit oder Relevanz nicht garantieren. Der Nutzer verwendet die Website auf eigenes Risiko. Alma Credit haftet nicht f\u00fcr Sch\u00e4den, die aus der Nutzung der Website entstehen.<\/p>\r\n<p><strong>Externe Links<\/strong>: Die Website kann Links zu anderen Websites enthalten. Alma Credit ist nicht verantwortlich f\u00fcr den Inhalt und die Praktiken dieser externen Websites.<\/p>\r\n<p><strong>Cookies<\/strong>: Die Alma Credit Website verwendet Cookies, um das Benutzererlebnis zu verbessern. Durch die Nutzung der Website akzeptiert der Nutzer die Verwendung dieser Cookies gem\u00e4\u00df der Cookie-Richtlinie von Alma Credit.<\/p>\r\n<p><strong>\u00c4nderungen<\/strong>: Alma Credit beh\u00e4lt sich das Recht vor, diese rechtlichen Informationen jederzeit zu \u00e4ndern. Nutzer werden aufgefordert, diesen Abschnitt regelm\u00e4\u00dfig zu \u00fcberpr\u00fcfen, um sich \u00fcber \u00c4nderungen zu informieren.<\/p>\r\n<p><strong>Anwendbares Recht und Gerichtsstand:<\/strong> Diese rechtlichen Informationen unterliegen schweizerischem Recht. Jeder Streitfall im Zusammenhang mit der Auslegung oder Ausf\u00fchrung dieser Bedingungen unterliegt der Zust\u00e4ndigkeit der Gerichte in der Schweiz.<\/p>\r\n<h2>Rechtliche Hinweise<\/h2>\r\n<p>Jeder Nutzer der Alma Credit Website wird gebeten, diese Nutzungsbedingungen sorgf\u00e4ltig zu lesen.<\/p>\r\n<p>Durch den Zugriff auf diese Website erkl\u00e4rt sich der Nutzer mit den folgenden Bedingungen einverstanden, die ausschlie\u00dflich auf Franz\u00f6sisch verfasst sind. Wenn der Nutzer die unten definierten Bedingungen nicht akzeptiert oder nicht vollst\u00e4ndig versteht, wird er gebeten, auf jeglichen Zugriff auf die Website zu verzichten.<\/p>\r\n<h2>Sicherheit und Datenschutz<\/h2>\r\n<p>Das Internet ist ein offenes Netzwerk, das f\u00fcr alle zug\u00e4nglich ist. Wenn der Nutzer die Alma Credit Website besucht, k\u00f6nnen Dritte daraus Schl\u00fcsse \u00fcber das m\u00f6gliche Bestehen einer Gesch\u00e4ftsbeziehung zwischen dem Nutzer und Alma Credit ziehen. Die \u00dcbermittlung von Informationen \u00fcber das Internet kann St\u00f6rungen, Verz\u00f6gerungen oder \u00dcbertragungsfehler unterliegen, die au\u00dferhalb der Kontrolle von Alma Credit oder einem Informationsanbieter liegen. Alma Credit oder die Informationsanbieter sind nicht verantwortlich f\u00fcr Sch\u00e4den oder Folgesch\u00e4den, die aus solchen Problemen entstehen. Ebenso lehnt Alma Credit jegliche Verantwortung f\u00fcr Verluste oder Sch\u00e4den jeglicher Art ab, die durch die Nutzung dieser Website oder der darauf enthaltenen Informationen entstehen. Die auf dieser Website enthaltenen Informationen k\u00f6nnen jederzeit ohne besondere Vorank\u00fcndigung ge\u00e4ndert werden. Wenn der Nutzer Links auf der Alma Credit Website aktiviert, kann es sein, dass er die Website verl\u00e4sst. Alma Credit hat die anderen Websites, die mit der Website durch Links verbunden sind, nicht \u00fcberpr\u00fcft und lehnt jegliche Verantwortung f\u00fcr deren Inhalte sowie die dort angebotenen Produkte, Dienstleistungen und sonstigen Angebote ab.<\/p>\r\n<h2>Urheberrecht und weitere Hinweise<\/h2>\r\n<p>Die gesamte Website ist das ausschlie\u00dfliche Eigentum von Alma Credit, vorbehaltlich der Rechte Dritter. Die Reproduktion (vollst\u00e4ndig oder teilweise), \u00dcbertragung (elektronisch oder auf andere Weise), Modifikation, Verlinkung oder Nutzung der Alma Credit Website zu \u00f6ffentlichen oder kommerziellen Zwecken ist ohne vorherige schriftliche Zustimmung von Alma Credit verboten.<\/p>\r\n<p>Jeder Rechtsstreit im Zusammenhang mit der Website oder der daraus resultierenden Nutzung oder Zugriff unterliegt der ausschlie\u00dflichen Zust\u00e4ndigkeit der zust\u00e4ndigen Gerichte des Kantons Waadt, vorbehaltlich m\u00f6glicher Rechtsmittel beim Bundesgericht in Lausanne. Schweizer Recht findet Anwendung.<\/p>\r\n<h2>\u00dcberpr\u00fcfung des Antrags und Ausk\u00fcnfte zur Kreditw\u00fcrdigkeit des Kreditnehmers:<\/h2>\r\n<p>Ich best\u00e4tige, dass alle in meinem Antrag gemachten Angaben vollst\u00e4ndig, aktuell und richtig sind und erm\u00e4chtige Alma Credit, im Rahmen der \u00dcberpr\u00fcfung meines Antrags und der Ausf\u00fchrung der vertraglichen Beziehung Ausk\u00fcnfte \u00fcber mich bei Dritten einzuholen, insbesondere bei Banken, der Kreditzentrale (ZEK), Beh\u00f6rden (z. B. Betreibungsamt, Grundbuchamt, Steuerbeh\u00f6rden, Einwohnerkontrolle, Kindes- und Erwachsenenschutzbeh\u00f6rde), Wirtschaftsauskunfteien, Kreditvermittlern, Arbeitgebern, Unternehmen der Alma Credit Gruppe und gegebenenfalls beim Konsumkreditinformationszentrum (IKO). Zu den genannten Zwecken entbinde ich diese Stellen von der Bankgeheimnis-, Postgeheimnis-, Amtsgeheimnis- oder Gesch\u00e4ftsgeheimnispflicht. Ich nehme zur Kenntnis, dass Alma Credit gegebenenfalls verpflichtet ist, einen zu gew\u00e4hrenden oder gew\u00e4hrten Konsumkredit oder Leasing bei der Konsumkreditinformationszentrale (IKO) zu melden. Ich erm\u00e4chtige Alma Credit au\u00dferdem, den vorliegenden Antrag bei der ZEK zu melden und im Falle entsprechender gesetzlicher Verpflichtungen an andere Stellen weiterzuleiten. Gemeldet werden insbesondere Art, Betrag und Bedingungen des Kredits oder der Finanzierung sowie die pers\u00f6nlichen Daten des oder der Leasingnehmer und etwaige qualifizierte Zahlungsr\u00fcckst\u00e4nde oder Missbr\u00e4uche. Ich erkenne an, dass die ZEK das Recht hat, ihren Mitgliedern Ausk\u00fcnfte \u00fcber die \u00fcbermittelten Daten zu erteilen. Alma Credit kann den Antrag ohne Angabe von Gr\u00fcnden ablehnen.<\/p>\r\n<h2>Zusammenarbeit mit Vermittlern:<\/h2>\r\n<p>Ich nehme zur Kenntnis, dass Alma Credit im Falle von Antr\u00e4gen, die durch einen Vermittler eingereicht werden, die erforderlichen Informationen mit diesem Vermittler im Rahmen der \u00dcberpr\u00fcfung des Antrags \/ der Kreditw\u00fcrdigkeit sowie des Abschlusses und der Ausf\u00fchrung des Vertrags austauschen kann (z. B. Parameter und Ergebnis der Antragspr\u00fcfung, Aush\u00e4ndigung der Vertragsdokumente, Informationen \u00fcber den Vertragsstatus und das Zahlungsverhalten sowie den Kontostand) und entbinde Alma Credit in diesem Rahmen und in dem erforderlichen Umfang vom Bankgeheimnis.<\/p>\r\n<h2>Informationen \u00fcber Partner:<\/h2>\r\n<p>Wenn ich in meinem Antrag Angaben \u00fcber meinen Ehepartner oder eingetragenen Partner (nachfolgend \u201eder Partner\u201c) gemacht habe, best\u00e4tige ich, dass (i) ich meinen Partner \u00fcber diesen Antrag informiert habe, (ii) Alma Credit die oben genannten Informationen direkt bei meinem Partner \u00fcberpr\u00fcfen kann und (iii) mein Partner einverstanden ist, dass Alma Credit Informationen \u00fcber ihn einholen kann, wie oben beschrieben (einschlie\u00dflich der Anforderung von Ausk\u00fcnften bei der ZEK).<\/p>\r\n<h2 class=\"block\"><strong>Datenverarbeitung:<\/strong><\/h2>\r\n<div class=\"block\">\r\n<div class=\"flex-1 overflow-hidden\">\r\n<div class=\"react-scroll-to-bottom--css-uajyy-79elbk h-full\">\r\n<div class=\"react-scroll-to-bottom--css-uajyy-1n7m0yu\">\r\n<div class=\"flex flex-col pb-9 text-sm\">\r\n<div class=\"w-full text-token-text-primary\" data-testid=\"conversation-turn-3\">\r\n<div class=\"px-4 py-2 justify-center text-base md:gap-6 m-auto\">\r\n<div class=\"flex flex-1 text-base mx-auto gap-3 md:px-5 lg:px-1 xl:px-5 md:max-w-3xl lg:max-w-[40rem] xl:max-w-[48rem] } group final-completion\">\r\n<div class=\"relative flex w-full flex-col lg:w-[calc(100%-115px)] agent-turn\">\r\n<div class=\"flex-col gap-1 md:gap-3\">\r\n<div class=\"flex flex-grow flex-col max-w-full\">\r\n<div class=\"text-message flex flex-col items-start gap-3 whitespace-pre-wrap break-words [.text-message+&amp;]:mt-5 overflow-x-auto\" data-message-author-role=\"assistant\" data-message-id=\"e4c82735-566b-42f6-9799-4bb8009eb5ef\">\r\n<div class=\"markdown prose w-full break-words dark:prose-invert dark\">\r\n<p>Hiermit nehme ich zur Kenntnis, dass Alma Credit meine Daten zur Pr\u00fcfung meines Antrags sowie zu Risikobewertungs- und Marketingzwecken (Datenauswertung und Erstellung eines Profils) verarbeiten kann. Dar\u00fcber hinaus k\u00f6nnen mir per Post oder Telefon auch weitere Produkte und Dienstleistungen, einschlie\u00dflich jener von Unternehmen der Alma Credit Gruppe und anderen Dritten, angeboten werden. Ich kann diese Verarbeitung meiner Daten zu Marketingzwecken jederzeit widerrufen. Mit der Angabe meiner E-Mail-Adresse akzeptiere ich auch, dass Alma Credit mir die oben genannten Angebote per E-Mail zusenden kann. Im Rahmen der offenen E-Mail-Kommunikation akzeptiere ich ausdr\u00fccklich das Risiko, dass meine Daten w\u00e4hrend der \u00dcbertragung von Dritten abgefangen oder offenbart werden k\u00f6nnen, oder dass unbefugte Dritte daraus auf eine Vertragsbeziehung zwischen Alma Credit und mir schlie\u00dfen k\u00f6nnen, wodurch der Schutz vertraulicher Informationen oder das Bankgeheimnis nicht garantiert sind. Ich kann meine Zustimmung zur elektronischen Zusendung von Werbenachrichten jederzeit widerrufen.<\/p>\r\n<h2><strong>Zusammenarbeit mit Dienstleistern (Outsourcing):<\/strong><\/h2>\r\n<p>Hiermit nehme ich zur Kenntnis, dass Alma Credit Dienstleistungen an Dritte (\u201eDienstleister\u201c) auslagern kann, insbesondere im Bereich der Verarbeitung von Gesch\u00e4ftsprozessen, der IT-Sicherheit und der Systemkontrolle, der Marktanalyse und -erkundung, der Berechnung von Kredit- und Marktrisiken sowie der Verwaltung von Vertragsbeziehungen (z. B. Bearbeitung von Antr\u00e4gen und Vertr\u00e4gen, Inkasso, Kommunikation mit Kunden). Alma Credit stellt diesen Dienstleistern die zur Erf\u00fcllung ihrer vertraglichen Verpflichtungen erforderlichen Daten zur Verf\u00fcgung und kann diese Daten auch zu diesem Zweck ins Ausland \u00fcbermitteln. Die Dienstleister, ihre Mitarbeiter und Subunternehmer sind vertraglich zur Vertraulichkeit verpflichtet. Die Dienstleister befinden sich in der Regel in der Schweiz oder im EU\/EWR-Raum, k\u00f6nnen aber grunds\u00e4tzlich weltweit ans\u00e4ssig sein. Werden personenbezogene Daten in ein Land \u00fcbermittelt, das aus Sicht der Schweiz kein angemessenes Datenschutzniveau bietet, ergreift Alma Credit angemessene Sicherheitsma\u00dfnahmen, um sicherzustellen, dass die betreffenden Daten angemessen gesch\u00fctzt sind (insbesondere durch Anwendung standardisierter Datenschutzklauseln).<\/p>\r\n<h2><strong>Elektronische Kommunikation:<\/strong><\/h2>\r\n<p>Hiermit nehme ich zur Kenntnis, dass die Kommunikation zwischen Alma Credit und mir oder dem Vermittler elektronisch erfolgen kann. Der Vermittler und Alma Credit k\u00f6nnen die Vertraulichkeit der Daten bei deren \u00dcbertragung \u00fcber das Internet nicht garantieren. Dritte k\u00f6nnen daher auf das Bestehen oder die unmittelbar bevorstehende Existenz einer Gesch\u00e4ftsbeziehung (m\u00f6glicherweise einer Bankbeziehung) zwischen mir und Alma Credit schlie\u00dfen.<\/p>\r\n<h2><strong>Datenschutz:<\/strong><\/h2>\r\n<p>Weitere Informationen zur Verarbeitung personenbezogener Daten durch Alma Credit finden Sie in der Datenschutzerkl\u00e4rung auf der Website von Alma Credit oder k\u00f6nnen dort erfragt werden.<\/p>\r\n<h2><strong>Haftungsausschluss:<\/strong><\/h2>\r\n<p>Alma Credit \u00fcbernimmt keine Verantwortung f\u00fcr direkte oder indirekte Verluste und Sch\u00e4den jeglicher Art, die sich aus dem Zugang zur Website oder der Nutzung der dort verf\u00fcgbaren Informationen oder Ratschl\u00e4ge oder aus der Unm\u00f6glichkeit ergeben, auf die Informationen oder Ratschl\u00e4ge auf dieser Website zuzugreifen oder sie zu nutzen. Insbesondere ist die Haftung von Alma Credit sowie ihrer Verwalter, Direktoren, Angestellten, Hilfspersonen und Aktion\u00e4re f\u00fcr jegliche Sch\u00e4den oder Verluste, die infolge eines Fehlers, technischer oder anderer Art, eines \u00dcbertragungsfehlers, einer \u00dcberlastungssituation, einer Nutzungserschwernis, eines Dienstausfalls (einschlie\u00dflich insbesondere des Systemwartungsdienstes), einer Verz\u00f6gerung bei der \u00dcbermittlung von Informationen, einer Unvertr\u00e4glichkeit zwischen dieser Website und den Dateien oder Software des Benutzers (insbesondere mit seinem &#8222;Browser&#8220;) und oder seinem Computer, einer Funktionsst\u00f6rung, einer St\u00f6rung, der \u00dcbertragung eines Virus oder eines Computerwurms auf seinen Computer, eines illegalen Eindringens (zum Beispiel infolge eines Computereinbruchs), einer absichtlichen Blockierung von Telekommunikationsmitteln und -netzwerken (zum Beispiel infolge des Massenversands von E-Mails oder von Denial-of-Service-Angriffen) oder einer anderen Unzul\u00e4nglichkeit der Telekommunikations- oder Netzwerkdienstleister ausgeschlossen.<\/p>\r\n<h2><strong>Zugangsbeschr\u00e4nkungen:<\/strong><\/h2>\r\n<p>Die Website ist nicht f\u00fcr Personen bestimmt, die sich in Jurisdiktionen befinden, in denen (aufgrund der Nationalit\u00e4t der Personen, ihres Wohnsitzes oder aus anderen Gr\u00fcnden) die Verbreitung, der Zugang zu dieser Website oder deren Nutzung verboten sind. Personen, die solchen Beschr\u00e4nkungen unterliegen, d\u00fcrfen weder auf die Website zugreifen noch sie in irgendeiner Form nutzen.<\/p>\r\n<h2><strong>Links:<\/strong><\/h2>\r\n<p>Alma Credit hat die mit der Website verlinkten Websites nicht \u00fcberpr\u00fcft und ist nicht verantwortlich f\u00fcr den Inhalt dieser anderen Websites. Das Herstellen von Verbindungen zu anderen Websites erfolgt auf eigene Gefahr.<\/p>\r\n<h2><strong>Teilnichtigkeit:<\/strong><\/h2>\r\n<p>Sollte eine oder mehrere Bestimmungen dieser Nutzungsbedingungen nicht g\u00fcltig, nicht konform oder nicht anwendbar sein, so hat dies in keinem Fall die Ung\u00fcltigkeit, die Annullierung oder die Nichtausf\u00fchrung der anderen Bestimmungen dieser Nutzungsbedingungen zur Folge.<\/p>\r\n<h2><strong>Sprache:<\/strong><\/h2>\r\n<p>Nur die franz\u00f6sische Version dieser Nutzungsbedingungen ist ma\u00dfgeblich.<\/p>\r\n<h2><strong>Gerichtsstand und anwendbares Recht:<\/strong><\/h2>\r\n<p>Jeder Streitfall im Zusammenhang mit der Website oder der Nutzung oder dem Zugang zu ihr unterliegt der ausschlie\u00dflichen Gerichtsbarkeit der zust\u00e4ndigen Gerichte des Kantons Waadt, vorbehaltlich eines m\u00f6glichen Rekurses an das Bundesgericht in Lausanne. Es gilt Schweizer Recht.<\/p>\r\n<h2><strong>Zus\u00e4tzliche Informationen:<\/strong><\/h2>\r\n<p>Die Vergabe eines Kredits ist verboten, wenn sie zur \u00dcberschuldung f\u00fchrt (Art. 3 LCD). Gem\u00e4\u00df den Bestimmungen des Bundesgesetzes vom 19. Juni 1992 \u00fcber den Datenschutz kann jeder Interessent durch eine schriftliche und unterschriebene Anfrage an Alma Credit verlangen, per Post \u00fcber die ihn betreffenden Daten informiert zu werden.<\/p>\r\n<h2><strong>Verwendung von Cookies:<\/strong><\/h2>\r\n<p>Wir verwenden Cookies, um Ihnen die bestm\u00f6gliche Erfahrung auf unserer Website zu bieten, um Funktionen im Zusammenhang mit sozialen Medien bereitzustellen und unseren Verkehr zu analysieren. Indem Sie diese Website weiterhin nutzen, stimmt der Benutzer der Verwendung von Cookies zu.<\/p>\r\n<h2><strong>Gerichtsstand und anwendbares Recht:<\/strong><\/h2>\r\n<p>Jeder Streitfall im Zusammenhang mit der Website oder der Nutzung oder dem Zugang zu ihr unterliegt der ausschlie\u00dflichen Gerichtsbarkeit der zust\u00e4ndigen Gerichte des Kantons Waadt, vorbehaltlich eines m\u00f6glichen Rekurses an das Bundesgericht in Lausanne. Es gilt Schweizer Recht.<\/p>\r\n<h2><strong>Wichtige Anmerkung:<\/strong><\/h2>\r\n<p>Die Vergabe eines Kredits ist verboten, wenn sie zur \u00dcberschuldung f\u00fchrt (Art. 3 LCD).<\/p>\r\n<\/div>\r\n<\/div>\r\n<\/div>\r\n<\/div>\r\n<div class=\"absolute\">\r\n<div class=\"flex w-full gap-2 items-center justify-center\">\u00a0<\/div>\r\n<\/div>\r\n<\/div>\r\n<\/div>\r\n<\/div>\r\n<\/div>\r\n<\/div>\r\n<\/div>\r\n<\/div>\r\n<\/div>\r\n<div class=\"w-full pt-2 md:pt-0 dark:border-white\/20 md:border-transparent md:dark:border-transparent md:w-[calc(100%-.5rem)]\"><form class=\"stretch mx-2 flex flex-row gap-3 last:mb-2 md:mx-4 md:last:mb-6 lg:mx-auto lg:max-w-2xl xl:max-w-3xl\">\r\n<div class=\"relative flex h-full flex-1 items-stretch md:flex-col\">\r\n<div class=\"flex w-full items-center\">\u00a0<\/div>\r\n<\/div>\r\n<\/form><\/div>\r\n<\/div>\r\n","protected":false},"excerpt":{"rendered":"<p>Rechtliche Informationen zur Nutzung der Alma Credit Website (Grundlage) Gegenstand: Diese Bedingungen regeln die Nutzung der Alma Credit Website. Jede Person, die auf die Website zugreift, gilt als Nutzer und akzeptiert diese Bedingungen. Urheberrecht: Alle Inhalte (Texte, Bilder, Grafiken, Logos) auf der Alma Credit Website sind urheberrechtlich gesch\u00fctzt und anderen Gesetzen zum geistigen Eigentum unterworfen. [&hellip;]<\/p>\n","protected":false},"author":1,"featured_media":0,"parent":0,"menu_order":0,"comment_status":"closed","ping_status":"closed","template":"","meta":{"_coblocks_attr":"","_coblocks_dimensions":"","_coblocks_responsive_height":"","_coblocks_accordion_ie_support":"","om_disable_all_campaigns":false,"_monsterinsights_skip_tracking":false,"_monsterinsights_sitenote_active":false,"_monsterinsights_sitenote_note":"","_monsterinsights_sitenote_category":0,"footnotes":""},"class_list":["post-3417","page","type-page","status-publish","hentry"],"aioseo_notices":[],"_links":{"self":[{"href":"https:\/\/almacredit.ch\/de\/wp-json\/wp\/v2\/pages\/3417","targetHints":{"allow":["GET"]}}],"collection":[{"href":"https:\/\/almacredit.ch\/de\/wp-json\/wp\/v2\/pages"}],"about":[{"href":"https:\/\/almacredit.ch\/de\/wp-json\/wp\/v2\/types\/page"}],"author":[{"embeddable":true,"href":"https:\/\/almacredit.ch\/de\/wp-json\/wp\/v2\/users\/1"}],"replies":[{"embeddable":true,"href":"https:\/\/almacredit.ch\/de\/wp-json\/wp\/v2\/comments?post=3417"}],"version-history":[{"count":6,"href":"https:\/\/almacredit.ch\/de\/wp-json\/wp\/v2\/pages\/3417\/revisions"}],"predecessor-version":[{"id":4123,"href":"https:\/\/almacredit.ch\/de\/wp-json\/wp\/v2\/pages\/3417\/revisions\/4123"}],"wp:attachment":[{"href":"https:\/\/almacredit.ch\/de\/wp-json\/wp\/v2\/media?parent=3417"}],"curies":[{"name":"wp","href":"https:\/\/api.w.org\/{rel}","templated":true}]}}