{"id":3356,"date":"2023-08-29T09:22:34","date_gmt":"2023-08-29T08:22:34","guid":{"rendered":"https:\/\/almacredit.ch\/impressum\/"},"modified":"2023-12-01T11:38:43","modified_gmt":"2023-12-01T10:38:43","slug":"impressum","status":"publish","type":"page","link":"https:\/\/almacredit.ch\/de\/impressum\/","title":{"rendered":"IMPRESSUM"},"content":{"rendered":"\r\n<h2 class=\"wp-block-heading\">Rechtliche Bedingungen und Wichtige Informationen von Alma Credit<\/h2>\r\n<h3>Zustimmung zu den Bedingungen<\/h3>\r\n<p>Durch den Zugriff und die Nutzung der Webseite von Alma Credit, einschlie\u00dflich aller verbundenen und verlinkten Seiten, best\u00e4tigen Sie, dass Sie diese rechtlichen Bedingungen und juristischen Informationen gelesen, verstanden und akzeptiert haben. Wenn Sie nicht mit diesen Bedingungen einverstanden sind, bitten wir Sie, diese Webseite nicht zu nutzen.<\/p>\r\n<h3>Geistiges Eigentum<\/h3>\r\n<p>Alle Elemente auf dieser Webseite, einschlie\u00dflich Texte, Bilder, Marken, Logos und anderes Material, sind ausschlie\u00dfliches und vollst\u00e4ndiges Eigentum von Alma Credit und sind durch Urheberrechtsbestimmungen gesch\u00fctzt. Jede Nutzung, Vervielf\u00e4ltigung oder Verbreitung dieser Elemente ist ohne vorherige schriftliche Genehmigung von Alma Credit strengstens untersagt.<\/p>\r\n<h3>Verwendung von Cookies<\/h3>\r\n<p>Diese Website verwendet Cookies, um Ihre Benutzererfahrung zu verbessern. Indem Sie weiterhin auf dieser Website navigieren, stimmen Sie der Verwendung dieser Cookies zu. Sie k\u00f6nnen Ihren Browser so konfigurieren, dass er Cookies ablehnt, aber dies kann die Funktionalit\u00e4t einiger Teile der Website beeintr\u00e4chtigen.<\/p>\r\n<h3>Datenschutz und Nutzung von Google Analytics<\/h3>\r\n<p>Diese Website verwendet Google Analytics, um Daten \u00fcber die Nutzung der Website zu sammeln. Die durch Cookies generierten Informationen, einschlie\u00dflich Ihrer IP-Adresse, werden von Google \u00fcbertragen und gespeichert. Diese Informationen werden verwendet, um Ihre Nutzung der Website zu bewerten und um weitere mit der Websiteaktivit\u00e4t und der Internetnutzung verbundene Dienste zu erbringen.<\/p>\r\n<h3>Kommunikation per E-Mail<\/h3>\r\n<p>Durch die Angabe Ihrer E-Mail-Adresse auf dieser Website erkl\u00e4ren Sie sich damit einverstanden, dass Alma Credit Sie per E-Mail kontaktieren darf. Beachten Sie, dass die Kommunikation per E-Mail m\u00f6glicherweise nicht sicher ist und die Vertraulichkeit der \u00fcbermittelten Informationen nicht garantiert werden kann.<\/p>\r\n<h3>Art der Informationen<\/h3>\r\n<p>Die auf der Alma Credit-Website bereitgestellten Informationen stellen kein Angebot von Dienstleistungen oder Produkten dar und sollten nicht als solche ausgelegt werden. Diese Informationen werden ausschlie\u00dflich zu Informationszwecken bereitgestellt.<\/p>\r\n<h3>Zielgruppe und Geografische Grenzen<\/h3>\r\n<p>Diese Website richtet sich haupts\u00e4chlich an Einwohner der Schweiz und Liechtensteins. Die pr\u00e4sentierten Dienstleistungen und Produkte sind f\u00fcr Personen und Einheiten bestimmt, die in diesen L\u00e4ndern ans\u00e4ssig oder etabliert sind.<\/p>\r\n<h3>Ausschluss von Garantie und Haftung<\/h3>\r\n<p>Alma Credit bietet keine Garantie f\u00fcr die Genauigkeit, Zuverl\u00e4ssigkeit oder Vollst\u00e4ndigkeit der auf dieser Website bereitgestellten Informationen. Ferner lehnt Alma Credit jegliche Haftung f\u00fcr Sch\u00e4den ab, die aus der Nutzung dieser Informationen entstehen, au\u00dfer im Falle von grober Fahrl\u00e4ssigkeit oder vors\u00e4tzlichem Fehlverhalten.<\/p>\r\n<h3>Externe Links<\/h3>\r\n<p>Diese Website kann Links zu Websites Dritter enthalten. Diese Links werden zu Ihrer Bequemlichkeit bereitgestellt, aber Alma Credit ist nicht verantwortlich f\u00fcr den Inhalt oder die Zuverl\u00e4ssigkeit dieser externen Websites.<\/p>\r\n<h3>Kontaktaufnahme und Verwendung Pers\u00f6nlicher Daten<\/h3>\r\n<p>Indem Sie Alma Credit kontaktieren, erkl\u00e4ren Sie sich damit einverstanden, dass wir Ihre pers\u00f6nlichen Daten verwenden d\u00fcrfen, um Ihnen Informationen \u00fcber unsere Produkte und Dienstleistungen zu senden. Ihre Daten werden vertraulich behandelt und nicht f\u00fcr Marketingzwecke verwendet, ohne Ihre Zustimmung.<\/p>\r\n<h3>Bearbeitung von Kreditantr\u00e4gen<\/h3>\r\n<p>Durch die Einreichung eines Kreditantrags erm\u00e4chtigen Sie Alma Credit, Ihre Informationen an Banken und Finanzpartner weiterzugeben, um Ihren Antrag zu bewerten. Diese Autorisierung umfasst die \u00dcberpr\u00fcfung Ihrer Kreditw\u00fcrdigkeit.<\/p>\r\n<h3>Gerichtsbarkeit und Anwendbares Recht<\/h3>\r\n<p>Jede Streitigkeit im Zusammenhang mit der Nutzung der Alma Credit-Website unterliegt der ausschlie\u00dflichen Gerichtsbarkeit der Gerichte des Kantons Waadt in der Schweiz. Schweizerisches Recht ist auf diese Bedingungen und alle damit verbundenen Streitigkeiten anwendbar.<\/p>\r\n<h3>Kontakt<\/h3>\r\n<p>Alma Credit, 97a Rue de Lausanne, 1004 Lausanne, Waadt, Schweiz Webseite: <a href=\"https:\/\/www.almacredit.ch\/\" target=\"_new\" rel=\"noopener\">www.almacredit.ch<\/a><\/p>\r\n<pre><strong>Wichtiger Hinweis:<\/strong> Nur die franz\u00f6sische Version dieser Bedingungen ist g\u00fcltig und vor Gericht verbindlich.<\/pre>\r\n","protected":false},"excerpt":{"rendered":"<p>Rechtliche Bedingungen und Wichtige Informationen von Alma Credit Zustimmung zu den Bedingungen Durch den Zugriff und die Nutzung der Webseite von Alma Credit, einschlie\u00dflich aller verbundenen und verlinkten Seiten, best\u00e4tigen Sie, dass Sie diese rechtlichen Bedingungen und juristischen Informationen gelesen, verstanden und akzeptiert haben. Wenn Sie nicht mit diesen Bedingungen einverstanden sind, bitten wir Sie, [&hellip;]<\/p>\n","protected":false},"author":1,"featured_media":0,"parent":0,"menu_order":0,"comment_status":"closed","ping_status":"closed","template":"","meta":{"_coblocks_attr":"","_coblocks_dimensions":"","_coblocks_responsive_height":"","_coblocks_accordion_ie_support":"","om_disable_all_campaigns":false,"_monsterinsights_skip_tracking":false,"_monsterinsights_sitenote_active":false,"_monsterinsights_sitenote_note":"","_monsterinsights_sitenote_category":0,"footnotes":""},"class_list":["post-3356","page","type-page","status-publish","hentry"],"aioseo_notices":[],"_links":{"self":[{"href":"https:\/\/almacredit.ch\/de\/wp-json\/wp\/v2\/pages\/3356","targetHints":{"allow":["GET"]}}],"collection":[{"href":"https:\/\/almacredit.ch\/de\/wp-json\/wp\/v2\/pages"}],"about":[{"href":"https:\/\/almacredit.ch\/de\/wp-json\/wp\/v2\/types\/page"}],"author":[{"embeddable":true,"href":"https:\/\/almacredit.ch\/de\/wp-json\/wp\/v2\/users\/1"}],"replies":[{"embeddable":true,"href":"https:\/\/almacredit.ch\/de\/wp-json\/wp\/v2\/comments?post=3356"}],"version-history":[{"count":5,"href":"https:\/\/almacredit.ch\/de\/wp-json\/wp\/v2\/pages\/3356\/revisions"}],"predecessor-version":[{"id":4117,"href":"https:\/\/almacredit.ch\/de\/wp-json\/wp\/v2\/pages\/3356\/revisions\/4117"}],"wp:attachment":[{"href":"https:\/\/almacredit.ch\/de\/wp-json\/wp\/v2\/media?parent=3356"}],"curies":[{"name":"wp","href":"https:\/\/api.w.org\/{rel}","templated":true}]}}