{"id":3250,"date":"2023-08-26T12:48:49","date_gmt":"2023-08-26T11:48:49","guid":{"rendered":"https:\/\/almacredit.ch\/carte-de-credit\/"},"modified":"2023-11-30T15:56:33","modified_gmt":"2023-11-30T14:56:33","slug":"kreditkarte","status":"publish","type":"page","link":"https:\/\/almacredit.ch\/de\/kreditkarte\/","title":{"rendered":"Kreditkarte"},"content":{"rendered":"\r\n<p><style>\r\n    body {\r\n        font-family: 'Arial', sans-serif;\r\n        padding: 20px;\r\n        background-color: #f5f5f5;\r\n        margin: 0;\r\n    }\r\n\r\n    h1, h5 {\r\n        color: #6bb018;\r\n        text-align: left; \/* Titres align\u00e9s \u00e0 gauche *\/\r\n        word-break: keep-all; \/* Emp\u00eache la coupure des mots dans les titres *\/\r\n    }\r\n\r\n    p {\r\n        color: #555;\r\n        text-align: justify; \/* Texte justifi\u00e9 *\/\r\n        width: 100%;\r\n    }\r\n\r\n    .contactinfo-item {\r\n        background-color: #ffffff;\r\n        border: 1px solid #e0e0e0;\r\n        padding: 30px;\r\n        margin-bottom: 20px;\r\n        border-radius: 15px;\r\n        box-shadow: 0px 5px 10px rgba(0, 0, 0, 0.1);\r\n    }\r\n\r\n    .contactinfo-head {\r\n        display: flex;\r\n        align-items: center;\r\n    }\r\n\r\n    .contactinfo-icon {\r\n        margin-right: 15px;\r\n        position: relative;\r\n    }\r\n\r\n    .contactinfo-count {\r\n        position: absolute;\r\n        top: 50%;\r\n        left: 50%;\r\n        transform: translate(-50%, -50%);\r\n        font-size: 1.5rem;\r\n    }\r\n<\/style><\/p>\r\n<h1><strong>10 Gr\u00fcnde, eine Alma Kreditkarte zu W\u00e4hlen<\/strong><\/h1>\r\n<!-- ... et ainsi de suite pour le reste du contenu ... --><!-- \/wp:post-content -->\r\n<h6>Es ist oft verlockend, Optionen zu w\u00e4hlen, die auf den ersten Blick &#8222;kostenlos&#8220; erscheinen. Es ist jedoch wichtig, sich daran zu erinnern, dass nichts wirklich kostenlos ist. Bei Alma glauben wir an Transparenz und bieten qualitativ hochwertige Dienstleistungen zu einem fairen Preis an. Hier sind die Gr\u00fcnde, warum Sie eine Alma Kreditkarte in Betracht ziehen sollten.<\/h6>\r\n<!-- Raison 1 -->\r\n<div class=\"contactinfo-item\">\r\n<div class=\"contactinfo-head\">\r\n<div class=\"contactinfo-icon\">\r\n<div class=\"contactinfo-count\">1\ufe0f\u20e3<\/div>\r\n<\/div>\r\n<h5>Transparenz der Geb\u00fchren<\/h5>\r\n<\/div>\r\n<p>Bei Alma ist Transparenz entscheidend. Wir erheben keine Bearbeitungsgeb\u00fchren, sodass Ihre monatlichen Zahlungen klar und vorhersehbar bleiben.<\/p>\r\n<\/div>\r\n<!-- Raison 1 -->\r\n<div class=\"contactinfo-item\">\r\n<div class=\"contactinfo-head\">\r\n<div class=\"contactinfo-icon\">\r\n<div class=\"contactinfo-count\">1\ufe0f\u20e3<\/div>\r\n<\/div>\r\n<h5>Transparenz der Geb\u00fchren<\/h5>\r\n<\/div>\r\n<p>Bei Alma ist Transparenz entscheidend. Wir erheben keine Bearbeitungsgeb\u00fchren, sodass Ihre monatlichen Zahlungen klar und vorhersehbar bleiben.<\/p>\r\n<\/div>\r\n<!-- Raison 2 --><!-- ... (et ainsi de suite pour les autres raisons) --><!-- Raison 2 -->\r\n<div class=\"contactinfo-item\">\r\n<div class=\"contactinfo-head\">\r\n<div class=\"contactinfo-icon\">\r\n<div class=\"contactinfo-count\">2\ufe0f\u20e3<\/div>\r\n<\/div>\r\n<h5>Zahlungsflexibilit\u00e4t<\/h5>\r\n<\/div>\r\n<p>Unsere Kreditkarte bietet gro\u00dfe Zahlungsflexibilit\u00e4t, was Ihnen die Verwaltung Ihrer Finanzen erleichtert.<\/p>\r\n<\/div>\r\n<!-- Raison 3 -->\r\n<div class=\"contactinfo-item\">\r\n<div class=\"contactinfo-head\">\r\n<div class=\"contactinfo-icon\">\r\n<div class=\"contactinfo-count\">3\ufe0f\u20e3<\/div>\r\n<\/div>\r\n<h5>Erh\u00f6hte Sicherheit<\/h5>\r\n<\/div>\r\n<p>Mit modernsten Sicherheitsma\u00dfnahmen sind Ihr Geld und Ihre Informationen immer sicher.<\/p>\r\n<\/div>\r\n<!-- Raison 4 -->\r\n<div class=\"contactinfo-item\">\r\n<div class=\"contactinfo-head\">\r\n<div class=\"contactinfo-icon\">\r\n<div class=\"contactinfo-count\">4\ufe0f\u20e3<\/div>\r\n<\/div>\r\n<h5>Pr\u00e4mienprogramm<\/h5>\r\n<\/div>\r\n<p>Genie\u00dfen Sie unser exklusives Pr\u00e4mienprogramm und verdienen Sie Punkte bei jedem Kauf.<\/p>\r\n<\/div>\r\n<!-- Raison 5 -->\r\n<div class=\"contactinfo-item\">\r\n<div class=\"contactinfo-head\">\r\n<div class=\"contactinfo-icon\">\r\n<div class=\"contactinfo-count\">5\ufe0f\u20e3<\/div>\r\n<\/div>\r\n<h5>Au\u00dfergew\u00f6hnlicher Kundenservice<\/h5>\r\n<\/div>\r\n<p>Unser Kundenservice steht Ihnen jederzeit zur Verf\u00fcgung, 24\/7.<\/p>\r\n<\/div>\r\n<!-- Raison 6 -->\r\n<div class=\"contactinfo-item\">\r\n<div class=\"contactinfo-head\">\r\n<div class=\"contactinfo-icon\">\r\n<div class=\"contactinfo-count\">6\ufe0f\u20e3<\/div>\r\n<\/div>\r\n<h5>Benutzerfreundlichkeit<\/h5>\r\n<\/div>\r\n<p>Mit einer intuitiven Benutzeroberfl\u00e4che war die Verwaltung Ihrer Finanzen noch nie so einfach.<\/p>\r\n<\/div>\r\n<!-- Raison 7 -->\r\n<div class=\"contactinfo-item\">\r\n<div class=\"contactinfo-head\">\r\n<div class=\"contactinfo-icon\">\r\n<div class=\"contactinfo-count\">7\ufe0f\u20e3<\/div>\r\n<\/div>\r\n<h5>Globaler Zugang<\/h5>\r\n<\/div>\r\n<p>Nutzen Sie Ihre Alma Kreditkarte weltweit ohne zus\u00e4tzliche Geb\u00fchren.<\/p>\r\n<\/div>\r\n<!-- Raison 8 -->\r\n<div class=\"contactinfo-item\">\r\n<div class=\"contactinfo-head\">\r\n<div class=\"contactinfo-icon\">\r\n<div class=\"contactinfo-count\">8\ufe0f\u20e3<\/div>\r\n<\/div>\r\n<h5>Einfache \u00dcberweisungen<\/h5>\r\n<\/div>\r\n<p>\u00dcberweisen Sie einfach Geld zwischen Ihren verschiedenen Konten oder an andere Personen.<\/p>\r\n<\/div>\r\n<!-- Raison 9 -->\r\n<div class=\"contactinfo-item\">\r\n<div class=\"contactinfo-head\">\r\n<div class=\"contactinfo-icon\">\r\n<div class=\"contactinfo-count\">9\ufe0f\u20e3<\/div>\r\n<\/div>\r\n<h5>Echtzeit-Benachrichtigungen<\/h5>\r\n<\/div>\r\n<p>Erhalten Sie Echtzeit-Benachrichtigungen, um Ihre Ausgaben zu verfolgen und Ihr Budget zu verwalten.<\/p>\r\n<\/div>\r\n<!-- Raison 10 -->\r\n<div class=\"contactinfo-item\">\r\n<div class=\"contactinfo-head\">\r\n<div class=\"contactinfo-icon\">\r\n<div class=\"contactinfo-count\">\ud83d\udd1f<\/div>\r\n<\/div>\r\n<h5>Vollst\u00e4ndige Transparenz<\/h5>\r\n<\/div>\r\n<p>Erhalten Sie eine detaillierte monatliche Zusammenfassung f\u00fcr vollst\u00e4ndige Transparenz \u00fcber Ihre Ausgaben.<\/p>\r\n<\/div>\r\n<!-- \/wp:html -->\r\n\r\n<!-- wp:paragraph -->\r\n<p>&nbsp;<\/p>\r\n<!-- \/wp:paragraph -->\r\n\r\n<!-- wp:html {\"translatedWithWPMLTM\":\"1\"} -->\r\n<p><style>\r\n        body {\r\n            font-family: 'Arial', sans-serif;\r\n            padding: 20px;\r\n            background-color: #f5f5f5;\r\n        }\r\n\r\n        h2, h5, label, input[type=\"text\"], input[type=\"email\"], input[type=\"tel\"], input[type=\"number\"], textarea, select {\r\n            color: #6bb018;\r\n        }\r\n\r\n        .text-green {\r\n            color: #6bb018;\r\n        }\r\n\r\n        .form-control {\r\n            border: none;\r\n            border-bottom: 2px solid #4dc47d;\r\n            outline: none;\r\n            font-size: 24px;\r\n            margin-right: 20px;\r\n            width: 100%;\r\n            padding: 10px;\r\n        }\r\n\r\n        .feature-box {\r\n            margin-bottom: 20px;\r\n        }\r\n\r\n        .btn-border-primary {\r\n            border: 2px solid #6bb018;\r\n            color: #6bb018;\r\n            padding: 10px 20px;\r\n            font-size: 16px;\r\n            cursor: pointer;\r\n            transition: background-color 0.3s ease;\r\n        }\r\n\r\n        .btn-border-primary:hover {\r\n            background-color: #6bb018;\r\n            color: #ffffff;\r\n        }\r\n    <\/style><\/p>\r\n<div class=\"contactinfo-item\">\r\n<p><strong>Antrag auf eine Alma Kreditkarte<\/strong><\/p>\r\n<p>F\u00fcllen Sie das untenstehende Formular aus, um eine Kreditkarte zu beantragen.<\/p>\r\n<form id=\"creditCardApplication\"><!-- Informations personnelles -->\r\n<div class=\"feature-box\">\r\n<h6>Pers\u00f6nliche Informationen<\/h6>\r\n<label for=\"fullName\">Vollst\u00e4ndiger Name:<\/label>\u00a0<input id=\"fullName\" class=\"form-control\" required=\"\" type=\"text\" \/> <label for=\"email\">Email :<\/label> <input id=\"email\" class=\"form-control\" required=\"\" type=\"email\" \/> Telefon<label for=\"phone\">:<\/label> <input id=\"phone\" class=\"form-control\" required=\"\" type=\"tel\" \/><\/div>\r\n<!-- Informations financi\u00e8res -->\r\n<div class=\"feature-box\">\r\n<h6>Finanzielle Informationen<\/h6>\r\n<label for=\"monthlySalary\">Monatliches Gehalt (CHF) :<\/label> <input id=\"monthlySalary\" class=\"form-control\" required=\"\" type=\"number\" \/> Laufende Kredite (Gesamtbetrag in CHF)<label for=\"existingCredits\">:<\/label> <input id=\"existingCredits\" class=\"form-control\" required=\"\" type=\"number\" \/><\/div>\r\n<!-- Autres informations -->\r\n<div class=\"feature-box\">\r\n<h6>Weitere Informationen<\/h6>\r\n<label for=\"reason\">Grund f\u00fcr die Kartenanfrage: <\/label>\u00a0<textarea id=\"reason\" class=\"form-control\" required=\"\" rows=\"3\"><\/textarea><\/div>\r\n<button class=\"btn btn-border-primary btn-shape\" type=\"submit\">Antrag Einreichen <\/button><\/form><\/div>\r\n<p><script>\r\n    document.getElementById(\"creditCardApplication\").addEventListener(\"submit\", function(event) {\r\n        event.preventDefault();\r\n        \/\/ Ici, vous pouvez ajouter une logique pour traiter les donn\u00e9es du formulaire, par exemple, les envoyer \u00e0 un serveur.\r\n        alert(\"Demande soumise ! Nous vous contacterons prochainement.\");\r\n    });\r\n<\/script><\/p>\r\n<!-- \/wp:html -->\r\n\r\n<!-- wp:columns {\"lock\":{\"move\":true,\"remove\":false},\"align\":\"full\",\"style\":{\"color\":{\"text\":\"#000000\",\"background\":\"#ffffff\"}}} -->\r\n<div class=\"wp-block-columns alignfull has-text-color has-background\" style=\"color: #000000; background-color: #ffffff;\"><!-- wp:column -->\r\n<div class=\"wp-block-column\"><!-- wp:heading {\"level\":3,\"style\":{\"typography\":{\"fontSize\":\"24px\",\"lineHeight\":\"1.3\"}}} -->\r\n<h3 class=\"wp-block-heading\" style=\"font-size: 24px; line-height: 1.3;\">(ART.3 LCD)<\/h3>\r\n<!-- \/wp:heading -->\r\n\r\n<!-- wp:paragraph -->\r\n<p>Die Gew\u00e4hrung eines Kredits ist verboten, wenn sie zur \u00dcberschuldung des Verbrauchers f\u00fchrt.<\/p>\r\n<!-- \/wp:paragraph --><\/div>\r\n<!-- \/wp:column -->\r\n\r\n<!-- wp:column -->\r\n<div class=\"wp-block-column\"><!-- wp:heading {\"level\":3,\"style\":{\"typography\":{\"fontSize\":\"24px\",\"lineHeight\":\"1.3\"}}} -->\r\n<h3>Beispielrechnung:<\/h3>\r\n<!-- \/wp:heading -->\r\n\r\n<!-- wp:paragraph {\"translatedWithWPMLTM\":\"1\"} -->\r\n<p>Kredit von CHF 10\u2019000. Ein effektiver Jahreszins zwischen 4,5% und 10,95% und eine Laufzeit von 12 Monaten f\u00fchren zu Gesamtzinsen zwischen CHF 240 und CHF 574. Laufzeit: 6-120 Monate; Maximaler Jahreszins (einschlie\u00dflich aller Kreditgeb\u00fchren) 10,95%<\/p>\r\n<!-- \/wp:paragraph --><\/div>\r\n<!-- \/wp:column --><\/div>\r\n<!-- \/wp:columns -->","protected":false},"excerpt":{"rendered":"<p>10 Gr\u00fcnde, eine Alma Kreditkarte zu W\u00e4hlen Es ist oft verlockend, Optionen zu w\u00e4hlen, die auf den ersten Blick &#8222;kostenlos&#8220; erscheinen. Es ist jedoch wichtig, sich daran zu erinnern, dass nichts wirklich kostenlos ist. Bei Alma glauben wir an Transparenz und bieten qualitativ hochwertige Dienstleistungen zu einem fairen Preis an. Hier sind die Gr\u00fcnde, warum [&hellip;]<\/p>\n","protected":false},"author":1,"featured_media":0,"parent":0,"menu_order":0,"comment_status":"closed","ping_status":"closed","template":"","meta":{"_coblocks_attr":"","_coblocks_dimensions":"","_coblocks_responsive_height":"","_coblocks_accordion_ie_support":"","om_disable_all_campaigns":false,"_monsterinsights_skip_tracking":false,"_monsterinsights_sitenote_active":false,"_monsterinsights_sitenote_note":"","_monsterinsights_sitenote_category":0,"footnotes":""},"class_list":["post-3250","page","type-page","status-publish","hentry"],"aioseo_notices":[],"_links":{"self":[{"href":"https:\/\/almacredit.ch\/de\/wp-json\/wp\/v2\/pages\/3250","targetHints":{"allow":["GET"]}}],"collection":[{"href":"https:\/\/almacredit.ch\/de\/wp-json\/wp\/v2\/pages"}],"about":[{"href":"https:\/\/almacredit.ch\/de\/wp-json\/wp\/v2\/types\/page"}],"author":[{"embeddable":true,"href":"https:\/\/almacredit.ch\/de\/wp-json\/wp\/v2\/users\/1"}],"replies":[{"embeddable":true,"href":"https:\/\/almacredit.ch\/de\/wp-json\/wp\/v2\/comments?post=3250"}],"version-history":[{"count":11,"href":"https:\/\/almacredit.ch\/de\/wp-json\/wp\/v2\/pages\/3250\/revisions"}],"predecessor-version":[{"id":3962,"href":"https:\/\/almacredit.ch\/de\/wp-json\/wp\/v2\/pages\/3250\/revisions\/3962"}],"wp:attachment":[{"href":"https:\/\/almacredit.ch\/de\/wp-json\/wp\/v2\/media?parent=3250"}],"curies":[{"name":"wp","href":"https:\/\/api.w.org\/{rel}","templated":true}]}}