{"id":2972,"date":"2023-08-26T09:16:14","date_gmt":"2023-08-26T08:16:14","guid":{"rendered":"https:\/\/almacredit.ch\/?page_id=2972"},"modified":"2023-12-01T15:22:20","modified_gmt":"2023-12-01T14:22:20","slug":"privatkredite","status":"publish","type":"page","link":"https:\/\/almacredit.ch\/de\/privatkredite\/","title":{"rendered":"Privatkredite"},"content":{"rendered":"\r\n<div class=\"wp-block-columns is-layout-flex wp-container-core-columns-is-layout-9d6595d7 wp-block-columns-is-layout-flex\">\r\n<div class=\"wp-block-column is-layout-flow wp-block-column-is-layout-flow\" style=\"flex-basis: 66.66%;\">\r\n<h2 style=\"font-size: 50px;\"><strong>Ihre L\u00f6sung f\u00fcr Privatkredite<\/strong>, <strong>einfach<\/strong><\/h2>\r\n<h3 style=\"font-size: 50px;\">Bei ALMA KREDIT machen wir den Privatkredit einfach und schnell.<\/h3>\r\n\r\n\r\n<\/div>\r\n<\/div>\r\n\r\n\r\n\r\n<p><style>\r\n        body {\r\n            font-family: 'Arial', sans-serif;\r\n            padding: 20px;\r\n            background-color: #f5f5f5;\r\n        }\r\n\r\n        h2, h5, #monthlyPayment, input[type=\"text\"], select {\r\n            color: #6bb018;\r\n        }\r\n\r\n        #monthlyPayment {\r\n            font-size: 40px;\r\n            font-weight: bold;\r\n            margin-top: 20px;\r\n        }\r\n\r\n        input, select {\r\n            border: none;\r\n            border-bottom: 2px solid #4dc47d;\r\n            outline: none;\r\n            font-size: 24px;\r\n            margin-right: 20px;\r\n        }\r\n\r\n        label {\r\n            font-weight: bold;\r\n            margin-right: 10px;\r\n        }\r\n\r\n        .credit-container {\r\n            background-color: #ffffff;\r\n            border: 1px solid #e0e0e0;\r\n            padding: 30px;\r\n            margin-bottom: 20px;\r\n            border-radius: 15px;\r\n            box-shadow: 0px 5px 10px rgba(0, 0, 0, 0.1);\r\n        }\r\n\r\n        .text-yellow {\r\n            color: yellow;\r\n        }\r\n    <\/style><script>\r\n        function formatCHF(amount) {\r\n            return new Intl.NumberFormat('fr-CH').format(amount);\r\n        }\r\n\r\n        function calculateMonthlyPayment(amount, months) {\r\n            const interestRate = 0.045;\r\n            const monthlyRate = interestRate \/ 12;\r\n            return (amount * monthlyRate) \/ (1 - Math.pow(1 + monthlyRate, -months));\r\n        }\r\n\r\n        function updateMonthlyPayment() {\r\n            let amount = parseInt(document.getElementById(\"amount\").value.replace(\/'\/g, \"\").replace(\/CHF \/g, \"\"));\r\n            let period = parseInt(document.getElementById(\"period\").value);\r\n            let monthlyPayment = calculateMonthlyPayment(amount, period).toFixed(2);\r\n            document.getElementById(\"monthlyPayment\").innerText = \"CHF \" + formatCHF(monthlyPayment);\r\n        }\r\n    <\/script><\/p>\r\n<div class=\"credit-container\">\r\n<h2>Welchen Betrag ben\u00f6tigen Sie?<\/h2>\r\n<label for=\"amount\">Gew\u00fcnschter Betrag (CHF):<\/label> <input id=\"amount\" type=\"text\" value=\"20'000\" \/> <label for=\"period\">Laufzeit (Monate):<\/label><select id=\"period\" onchange=\"updateMonthlyPayment()\">\r\n<option value=\"12\">12 Monate<\/option>\r\n<option value=\"24\">24 Monate<\/option>\r\n<option value=\"36\">36 Monate<\/option>\r\n<option value=\"48\">48 Monate<\/option>\r\n<option value=\"60\">60 Monate<\/option>\r\n<option value=\"72\">72 Monate<\/option>\r\n<option value=\"84\">84 Monate<\/option>\r\n<option value=\"96\">96 Monate<\/option>\r\n<option value=\"108\">108 Monate<\/option>\r\n<option value=\"120\">120 Monate<\/option>\r\n<\/select>\r\n<h2 id=\"monthlyPayment\">CHF 206.45<\/h2>\r\n<a href=\"https:\/\/almacredit.ch\/de\/kreditantrag\/\"><button style=\"background-color: #6bb018; color: white; padding: 10px 20px; border: none; border-radius: 5px; cursor: pointer;\">EINEN KREDIT BEANTRAGEN<\/button><\/a><\/div>\r\n\r\n<p>&nbsp;<\/p>\r\n\r\n<pre>Ihre Anfrage ist kostenlos und unser Angebot ist unverbindlich.<\/pre>\r\n<p><style>\r\n        body {\r\n            font-family: 'Arial', sans-serif;\r\n            padding: 20px;\r\n            background-color: #f5f5f5;\r\n        }\r\n\r\n        h2, h5 {\r\n            color: #6bb018;\r\n        }\r\n\r\n        .credit-container {\r\n            background-color: #ffffff;\r\n            border: 1px solid #e0e0e0;\r\n            padding: 30px;\r\n            margin-bottom: 20px;\r\n            border-radius: 15px;\r\n            box-shadow: 0px 5px 10px rgba(0, 0, 0, 0.1);\r\n        }\r\n\r\n        ul {\r\n            list-style-type: square;\r\n            margin-left: 20px;\r\n        }\r\n\r\n        li {\r\n            margin-bottom: 10px;\r\n        }\r\n    <\/style><\/p>\r\n<div class=\"credit-container\">\r\n<h2><strong>Bedingungen<\/strong><\/h2>\r\n<ul>\r\n<li>Der Kreditbetrag kann zwischen CHF 3&#8217;000 und CHF 400&#8217;000 variieren.<\/li>\r\n<li>Die Laufzeit des Kredits kann von 6 bis 120 Monaten betragen.<\/li>\r\n<li>Sie m\u00fcssen eine lukrative T\u00e4tigkeit in der Schweiz haben.<\/li>\r\n<li>Nettoeinkommen &gt; CHF 2&#8217;800.-<\/li>\r\n<li>Einen festen Wohnsitz in der Schweiz haben.<\/li>\r\n<li>Mindestens 18 Jahre alt sein.<\/li>\r\n<li>Die schweizerische Staatsangeh\u00f6rigkeit besitzen, eine Niederlassungsbewilligung C oder eine Aufenthaltsbewilligung B haben.<\/li>\r\n<li>Wenn Sie eine Immobilie besitzen, profitieren Sie von niedrigeren Zinss\u00e4tzen. Sie m\u00fcssen seit mindestens 6 Monaten alleiniger Eigent\u00fcmer oder Miteigent\u00fcmer einer Immobilie in der Schweiz sein (Eintrag im Grundbuch).<\/li>\r\n<\/ul>\r\n<p>&nbsp;<\/p>\r\n<\/div>\r\n<div class=\"wp-block-columns alignwide\" style=\"margin-bottom: 0;\">\r\n<div class=\"wp-block-column has-text-color has-background has-link-color\" style=\"color: #000000; background-color: #ffe97d; padding: 2em;\">\r\n<h2><strong>Ihr Einfacher Kredit<\/strong><\/h2>\r\n\r\n\r\n<hr class=\"wp-block-separator has-text-color has-css-opacity has-background is-style-wide\" style=\"background-color: #000000; color: #000000;\" \/>\r\n\r\n\r\n<p>&nbsp;<\/p>\r\n\r\n\r\n\r\n<ul class=\"has-normal-font-size wp-block-list\">\r\n<li>Online-Antrag in 1 Minute.<\/li>\r\n<li>Grunds\u00e4tzliche Antwort in 5 Minuten.<\/li>\r\n<li>Angebot innerhalb von 24 Stunden, ohne Geb\u00fchren.<\/li>\r\n<\/ul>\r\n\r\n\r\n\r\n<p>&nbsp;<\/p>\r\n<div class=\"wp-block-buttons alignfull\">\r\n<div class=\"wp-block-button has-custom-width wp-block-button__width-100\">\r\n<p><a href=\"https:\/\/almacredit.ch\/de\/kreditantrag\/\"><strong>JETZT SIMULIEREN<\/strong><\/a><\/p>\r\n<\/div>\r\n<\/div>\r\n<!-- \/wp:post-content --><\/div>\r\n<!-- \/wp:column -->\r\n\r\n<!-- wp:column {\"style\":{\"color\":{\"background\":\"#d1d1e1\",\"text\":\"#000000\"},\"elements\":{\"link\":{\"color\":{\"text\":\"#000000\"}}},\"spacing\":{\"padding\":{\"top\":\"2em\",\"right\":\"2em\",\"bottom\":\"2em\",\"left\":\"2em\"}}}} -->\r\n<div class=\"wp-block-column has-text-color has-background has-link-color\" style=\"color: #000000; background-color: #d1d1e1; padding: 2em;\"><!-- wp:heading {\"style\":{\"typography\":{\"fontSize\":\"40px\"}},\"translatedWithWPMLTM\":\"1\"} -->\r\n<h2><strong>Schneller Kredit Schweiz<\/strong><\/h2>\r\n<!-- \/wp:heading -->\r\n\r\n<!-- wp:separator {\"opacity\":\"css\",\"className\":\"is-style-wide\"} --><hr class=\"wp-block-separator has-css-opacity is-style-wide\" \/><!-- \/wp:separator -->\r\n\r\n<!-- wp:list {\"fontSize\":\"normal\",\"translatedWithWPMLTM\":\"1\"} -->\r\n<ul class=\"has-normal-font-size\"><!-- wp:list-item {\"translatedWithWPMLTM\":\"1\"} -->\r\n<li>Kreditangebot in 24 Stunden.<\/li>\r\n<li>Vertragswahl: E-Mail oder Post.<\/li>\r\n<!-- \/wp:list-item --><\/ul>\r\n<!-- \/wp:list -->\r\n\r\n<!-- wp:paragraph {\"translatedWithWPMLTM\":\"1\"} --><!-- \/wp:paragraph -->\r\n\r\n<!-- wp:paragraph {\"translatedWithWPMLTM\":\"1\"} --><!-- \/wp:paragraph -->\r\n\r\n<!-- wp:paragraph {\"translatedWithWPMLTM\":\"1\"} -->\r\n<p>&nbsp;<\/p>\r\n<!-- \/wp:paragraph -->\r\n\r\n<!-- wp:buttons {\"align\":\"wide\",\"layout\":{\"type\":\"flex\",\"justifyContent\":\"center\",\"orientation\":\"horizontal\",\"verticalAlignment\":\"stretch\"}} -->\r\n<div class=\"wp-block-buttons alignwide\"><!-- wp:button {\"textColor\":\"white\",\"width\":100,\"style\":{\"color\":{\"background\":\"#000000\"},\"border\":{\"radius\":0}},\"className\":\"is-style-fill\",\"translatedWithWPMLTM\":\"1\"} -->\r\n<div class=\"wp-block-button has-custom-width wp-block-button__width-100 is-style-fill\"><a href=\"https:\/\/almacredit.ch\/de\/kreditantrag\/\"><strong>JETZT SIMULIEREN<\/strong><\/a><\/div>\r\n<!-- \/wp:button --><\/div>\r\n<!-- \/wp:buttons --><\/div>\r\n<!-- \/wp:column -->\r\n\r\n<!-- wp:column {\"style\":{\"color\":{\"background\":\"#c0ebf1\",\"text\":\"#000000\"},\"elements\":{\"link\":{\"color\":{\"text\":\"#000000\"}}},\"spacing\":{\"padding\":{\"top\":\"2em\",\"right\":\"2em\",\"bottom\":\"2em\",\"left\":\"2em\"}}}} -->\r\n<div class=\"wp-block-column has-text-color has-background has-link-color\" style=\"color: #000000; background-color: #c0ebf1; padding: 2em;\"><!-- wp:heading {\"style\":{\"typography\":{\"fontSize\":\"40px\"}},\"translatedWithWPMLTM\":\"1\"} -->\r\n<h2><strong>Transparenter Privatkredit<\/strong><\/h2>\r\n<!-- \/wp:heading -->\r\n\r\n<!-- wp:separator {\"opacity\":\"css\",\"className\":\"is-style-wide\"} --><hr class=\"wp-block-separator has-css-opacity is-style-wide\" \/><!-- \/wp:separator -->\r\n\r\n<!-- wp:list {\"fontSize\":\"normal\",\"translatedWithWPMLTM\":\"1\"} -->\r\n<ul class=\"has-normal-font-size\"><!-- wp:list-item {\"translatedWithWPMLTM\":\"1\"} -->\r\n<li>Zinss\u00e4tze von 4,5% bis 10,95% \u00fcber 12 bis 120 Monate.<\/li>\r\n<li>Betrag und Laufzeit entsprechend Ihrem Budget.<\/li>\r\n<!-- \/wp:list-item --><\/ul>\r\n<!-- \/wp:list -->\r\n\r\n<!-- wp:buttons {\"align\":\"full\",\"layout\":{\"type\":\"flex\",\"justifyContent\":\"center\",\"orientation\":\"horizontal\"}} -->\r\n<div class=\"wp-block-buttons alignfull\"><!-- wp:button {\"textColor\":\"white\",\"width\":100,\"style\":{\"color\":{\"background\":\"#000000\"},\"border\":{\"radius\":0}},\"translatedWithWPMLTM\":\"1\"} -->\r\n<div class=\"wp-block-button has-custom-width wp-block-button__width-100\"><a href=\"https:\/\/almacredit.ch\/de\/kreditantrag\/\"><strong>JETZT SIMULIEREN<\/strong><\/a><\/div>\r\n<!-- \/wp:button --><\/div>\r\n<!-- \/wp:buttons --><\/div>\r\n<!-- \/wp:column --><\/div>\r\n<!-- \/wp:columns -->\r\n\r\n<!-- wp:paragraph {\"translatedWithWPMLTM\":\"1\"} -->\r\n<p>&nbsp;<\/p>\r\n<!-- \/wp:paragraph -->\r\n\r\n<!-- wp:group {\"layout\":{\"type\":\"flex\",\"orientation\":\"vertical\"},\"padding\":\"small\"} -->\r\n<div class=\"wp-block-group\"><!-- wp:group {\"layout\":{\"type\":\"constrained\"}} -->\r\n<div class=\"wp-block-group\"><!-- wp:heading {\"gradient\":\"electric-grass\",\"customFontSize\":47,\"translatedWithWPMLTM\":\"1\"} -->\r\n<h1><strong>Wie funktioniert es?<\/strong><\/h1>\r\n<!-- \/wp:heading -->\r\n\r\n<!-- wp:group {\"layout\":{\"type\":\"flex\",\"orientation\":\"vertical\"}} -->\r\n<div class=\"wp-block-group\"><!-- wp:paragraph {\"translatedWithWPMLTM\":\"1\"} -->\r\n<div class=\"wp-block-group\">\r\n<div style=\"display: flex; justify-content: center;\">\r\n<figure class=\"wp-block-image is-resized\">\r\n<h2><strong>Online-Antrag<\/strong><\/h2>\r\n<p>F\u00fcllen Sie einfach das Online-Formular auf unserer Website aus. Teilen Sie uns mit, was Sie ben\u00f6tigen, und geben Sie die erforderlichen Informationen f\u00fcr Ihren Kreditantrag an.<\/p>\r\n<h2><strong>Genehmigung<\/strong><\/h2>\r\n<p>Nachdem Sie Ihren Antrag gesendet haben, wird unser Team diesen schnell bearbeiten. Sobald Ihr Antrag genehmigt ist, werden wir Sie informieren.<\/p>\r\n<h2><strong>Angebotserhalt<\/strong><\/h2>\r\n<p>Nach der Genehmigung senden wir Ihnen ein personalisiertes Angebot. Sie k\u00f6nnen w\u00e4hlen, ob Sie es per E-Mail oder per Post erhalten m\u00f6chten.<\/p>\r\n<h2><strong>Geld\u00fcberweisung<\/strong><\/h2>\r\n<p>Sobald Sie unser Angebot akzeptiert haben, \u00fcberweisen wir den genehmigten Betrag direkt auf Ihr Bankkonto. Es liegt an Ihnen zu entscheiden, wie Sie diese Mittel f\u00fcr Ihre Bed\u00fcrfnisse verwenden.<\/p>\r\n<\/figure>\r\n<\/div>\r\n<!-- \/wp:html --><\/div>\r\n<!-- \/wp:group --><\/div>\r\n<!-- \/wp:group --><\/div>\r\n<!-- \/wp:group --><\/div>\r\n<!-- \/wp:group -->\r\n<p><img decoding=\"async\" class=\"wp-image-2941 size-full\" src=\"https:\/\/almacredit.ch\/wp-content\/uploads\/2023\/11\/5.png\" alt=\"\" width=\"1664\" height=\"1248\" srcset=\"https:\/\/almacredit.ch\/wp-content\/uploads\/2023\/11\/5.png 1664w, https:\/\/almacredit.ch\/wp-content\/uploads\/2023\/11\/5-300x225.png 300w, https:\/\/almacredit.ch\/wp-content\/uploads\/2023\/11\/5-1024x768.png 1024w, https:\/\/almacredit.ch\/wp-content\/uploads\/2023\/11\/5-768x576.png 768w, https:\/\/almacredit.ch\/wp-content\/uploads\/2023\/11\/5-1536x1152.png 1536w\" sizes=\"(max-width: 1664px) 100vw, 1664px\" \/><\/p>\r\n<!-- wp:columns {\"lock\":{\"move\":true,\"remove\":false},\"align\":\"full\",\"style\":{\"color\":{\"text\":\"#000000\",\"background\":\"#ffffff\"}}} -->\r\n<div class=\"wp-block-columns alignfull has-text-color has-background\" style=\"color: #000000; background-color: #ffffff;\"><!-- wp:column -->\r\n<div class=\"wp-block-column\"><!-- wp:heading {\"level\":3,\"style\":{\"typography\":{\"fontSize\":\"24px\",\"lineHeight\":\"1.3\"}},\"translatedWithWPMLTM\":\"1\"} -->\r\n<h3 class=\"wp-block-heading\" style=\"font-size: 24px; line-height: 1.3;\">(ART.3 LCD)<\/h3>\r\n<!-- \/wp:heading -->\r\n\r\n<!-- wp:paragraph {\"translatedWithWPMLTM\":\"1\"} -->\r\n<p>&nbsp;<\/p>\r\n<!-- \/wp:paragraph -->\r\n\r\n<!-- wp:paragraph {\"translatedWithWPMLTM\":\"1\"} -->\r\n<p><strong>Die Gew\u00e4hrung eines Kredits ist verboten, wenn sie zur \u00dcberschuldung des Verbrauchers f\u00fchrt.<\/strong><\/p>\r\n<!-- \/wp:paragraph --><\/div>\r\n<!-- \/wp:column -->\r\n\r\n<!-- wp:column -->\r\n<div class=\"wp-block-column\"><!-- wp:heading {\"level\":3,\"style\":{\"typography\":{\"fontSize\":\"24px\",\"lineHeight\":\"1.3\"}},\"translatedWithWPMLTM\":\"1\"} -->\r\n<h3 class=\"wp-block-heading\" style=\"font-size: 24px; line-height: 1.3;\"><strong>Beispielrechnung:<\/strong><\/h3>\r\n<!-- \/wp:heading -->\r\n\r\n<!-- wp:paragraph {\"translatedWithWPMLTM\":\"1\"} -->\r\n<p>Ein Darlehen von CHF 10&#8217;000. Ein effektiver Jahreszins zwischen 4,5% und 10,95% und eine Laufzeit von 12 Monaten f\u00fchren zu Gesamtzinsen zwischen CHF 240 und CHF 574. Laufzeit: 6-120 Monate; Maximaler j\u00e4hrlicher Zinssatz (einschlie\u00dflich aller Kreditkosten) 10,95%.<\/p>\r\n<!-- \/wp:paragraph --><\/div>\r\n<!-- \/wp:column --><\/div>\r\n<!-- \/wp:columns -->\r\n\r\n<!-- wp:paragraph {\"translatedWithWPMLTM\":\"1\"} -->\r\n<p>&nbsp;<\/p>\r\n<!-- \/wp:paragraph -->","protected":false},"excerpt":{"rendered":"<p>Ihre L\u00f6sung f\u00fcr Privatkredite, einfach Bei ALMA KREDIT machen wir den Privatkredit einfach und schnell. Welchen Betrag ben\u00f6tigen Sie? Gew\u00fcnschter Betrag (CHF): Laufzeit (Monate):12 Monate24 Monate36 Monate48 Monate60 Monate72 Monate84 Monate96 Monate108 Monate120 Monate CHF 206.45 EINEN KREDIT BEANTRAGEN &nbsp; Ihre Anfrage ist kostenlos und unser Angebot ist unverbindlich. Bedingungen Der Kreditbetrag kann zwischen CHF [&hellip;]<\/p>\n","protected":false},"author":1,"featured_media":0,"parent":0,"menu_order":0,"comment_status":"closed","ping_status":"closed","template":"templates\/template-page-full-width.php","meta":{"_coblocks_attr":"","_coblocks_dimensions":"","_coblocks_responsive_height":"","_coblocks_accordion_ie_support":"","om_disable_all_campaigns":false,"_monsterinsights_skip_tracking":false,"_monsterinsights_sitenote_active":false,"_monsterinsights_sitenote_note":"","_monsterinsights_sitenote_category":0,"footnotes":""},"class_list":["post-2972","page","type-page","status-publish","hentry"],"aioseo_notices":[],"_links":{"self":[{"href":"https:\/\/almacredit.ch\/de\/wp-json\/wp\/v2\/pages\/2972","targetHints":{"allow":["GET"]}}],"collection":[{"href":"https:\/\/almacredit.ch\/de\/wp-json\/wp\/v2\/pages"}],"about":[{"href":"https:\/\/almacredit.ch\/de\/wp-json\/wp\/v2\/types\/page"}],"author":[{"embeddable":true,"href":"https:\/\/almacredit.ch\/de\/wp-json\/wp\/v2\/users\/1"}],"replies":[{"embeddable":true,"href":"https:\/\/almacredit.ch\/de\/wp-json\/wp\/v2\/comments?post=2972"}],"version-history":[{"count":21,"href":"https:\/\/almacredit.ch\/de\/wp-json\/wp\/v2\/pages\/2972\/revisions"}],"predecessor-version":[{"id":4154,"href":"https:\/\/almacredit.ch\/de\/wp-json\/wp\/v2\/pages\/2972\/revisions\/4154"}],"wp:attachment":[{"href":"https:\/\/almacredit.ch\/de\/wp-json\/wp\/v2\/media?parent=2972"}],"curies":[{"name":"wp","href":"https:\/\/api.w.org\/{rel}","templated":true}]}}