{"id":2840,"date":"2023-08-26T11:51:47","date_gmt":"2023-08-26T10:51:47","guid":{"rendered":"https:\/\/almacredit.ch\/?page_id=2840"},"modified":"2024-01-11T17:59:20","modified_gmt":"2024-01-11T16:59:20","slug":"geschaeftskredit","status":"publish","type":"page","link":"https:\/\/almacredit.ch\/de\/willkommen\/geschaeftskredit\/","title":{"rendered":"Gesch\u00e4ftskredit"},"content":{"rendered":"\r\n<p><style>\r\n        body {<br \/>\r\n            font-family: 'Arial', sans-serif;<br \/>\r\n            padding: 20px;<br \/>\r\n            background-color: #f5f5f5;<br \/>\r\n        }<\/p>\r\n<p>        h2, h5, #monthlyPayment, input[type=\"text\"], select {<br \/>\r\n            color: #6bb018;<br \/>\r\n        }<\/p>\r\n<p>        #monthlyPayment {<br \/>\r\n            font-size: 40px;<br \/>\r\n            font-weight: bold;<br \/>\r\n            margin-top: 20px;<br \/>\r\n        }<\/p>\r\n<p>        input, select {<br \/>\r\n            border: none;<br \/>\r\n            border-bottom: 2px solid #4dc47d;<br \/>\r\n            outline: none;<br \/>\r\n            font-size: 24px;<br \/>\r\n            margin-right: 20px;<br \/>\r\n        }<\/p>\r\n<p>        label {<br \/>\r\n            font-weight: bold;<br \/>\r\n            margin-right: 10px;<br \/>\r\n        }<\/p>\r\n<p>        .credit-container {<br \/>\r\n            background-color: #ffffff;<br \/>\r\n            border: 1px solid #e0e0e0;<br \/>\r\n            padding: 30px;<br \/>\r\n            margin-bottom: 20px;<br \/>\r\n            border-radius: 15px;<br \/>\r\n            box-shadow: 0px 5px 10px rgba(0, 0, 0, 0.1);<br \/>\r\n        }<\/p>\r\n<p>        .text-yellow {<br \/>\r\n            color: yellow;<br \/>\r\n        }<br \/>\r\n    <\/style> <script>\r\n        function formatCHF(amount) {\r\n            return new Intl.NumberFormat('fr-CH').format(amount);\r\n        }\r\n\r\n        function calculateMonthlyPayment(amount, months) {\r\n            const interestRate = 0.045;\r\n            const monthlyRate = interestRate \/ 12;\r\n            return (amount * monthlyRate) \/ (1 - Math.pow(1 + monthlyRate, -months));\r\n        }\r\n\r\n        function updateMonthlyPayment() {\r\n            let amount = parseInt(document.getElementById(\"amount\").value.replace(\/'\/g, \"\").replace(\/CHF \/g, \"\"));\r\n            let period = parseInt(document.getElementById(\"period\").value);\r\n            let monthlyPayment = calculateMonthlyPayment(amount, period).toFixed(2);\r\n            document.getElementById(\"monthlyPayment\").innerText = \"CHF \" + formatCHF(monthlyPayment);\r\n        }\r\n    <\/script><\/p>\r\n<div class=\"credit-container\">\r\n<h2>Welchen Betrag ben\u00f6tigen Sie?<\/h2>\r\n<label for=\"amount\">Gew\u00fcnschter Betrag (CHF):<\/label> <input id=\"amount\" type=\"text\" value=\"20'000\" \/> <label for=\"period\">Laufzeit (Monate):<\/label><select id=\"period\" onchange=\"updateMonthlyPayment()\">\r\n<option value=\"12\">12 Monate<\/option>\r\n<option value=\"24\">24 Monate<\/option>\r\n<option value=\"36\">36 Monate<\/option>\r\n<option value=\"48\">48 Monate<\/option>\r\n<option value=\"60\">60 Monate<\/option>\r\n<\/select>\r\n<h2 id=\"monthlyPayment\">CHF 206.45<\/h2>\r\n<a href=\"https:\/\/almacredit.ch\/de\/kreditantrag\/\"><button style=\"background-color: #6bb018; color: white; padding: 10px 20px; border: none; border-radius: 5px; cursor: pointer;\">EINEN KREDIT BEANTRAGEN<\/button><\/a><\/div>\r\n\r\n\r\n\r\n<p><style>\r\n        body {\r\n            font-family: 'Arial', sans-serif;\r\n            padding: 20px;\r\n            background-color: #f5f5f5;\r\n        }\r\n\r\n        h2, h5 {\r\n            color: #6bb018;\r\n        }\r\n\r\n        .credit-container {\r\n            background-color: #ffffff;\r\n            border: 1px solid #e0e0e0;\r\n            padding: 30px;\r\n            margin-bottom: 20px;\r\n            border-radius: 15px;\r\n            box-shadow: 0px 5px 10px rgba(0, 0, 0, 0.1);\r\n        }\r\n\r\n        ul {\r\n            list-style-type: square;\r\n            margin-left: 20px;\r\n        }\r\n\r\n        li {\r\n            margin-bottom: 10px;\r\n        }\r\n    <\/style><\/p>\r\n<div class=\"credit-container\">\r\n<h2>Bedingungen<\/h2>\r\n<ul>\r\n<li>Gew\u00e4hrter Betrag: von CHF 20.000 bis CHF 1.000.000<\/li>\r\n<li>Laufzeit: von 12 bis 60 Monaten<\/li>\r\n<li>M\u00f6glichkeit, Ihren Gesch\u00e4ftskredit jederzeit ohne zus\u00e4tzliche Kosten zur\u00fcckzuzahlen.<\/li>\r\n<li>Einzelunternehmen, GmbHs und AGs, die im Handelsregister eingetragen sind Mindestens 4 Jahre Gesch\u00e4ftst\u00e4tigkeit<\/li>\r\n<li>Umsatz &gt; CHF 150.000<\/li>\r\n<\/ul>\r\n<\/div>\r\n\r\n<p>&nbsp;<\/p>\r\n<!-- \/wp:post-content -->\r\n<p>&nbsp;<\/p>\r\n<!-- \/wp:columns -->\r\n\r\n<!-- wp:html -->\r\n<p><style>\r\n        body {\r\n            font-family: Arial, sans-serif;\r\n            padding: 20px;\r\n            background-color: #f5f5f5;\r\n        }\r\n\r\n        .button-email {\r\n            background-color: #6bb018; \/* couleur du fond en vert *\/\r\n            color: #ffffff; \/* couleur du texte en blanc *\/\r\n            padding: 10px 20px;\r\n            border: none;\r\n            border-radius: 5px;\r\n            text-decoration: none;\r\n            display: inline-block;\r\n            font-size: 16px;\r\n            font-weight: bold; \/* text du bouton en gras *\/\r\n            cursor: pointer;\r\n            transition: background-color 0.3s;\r\n        }\r\n\r\n        .button-email:hover {\r\n            background-color: #509c16; \/* couleur l\u00e9g\u00e8rement plus fonc\u00e9e lors du survol *\/\r\n        }\r\n    <\/style><\/p>\r\n<p><style>\r\n        .credit-request-button {\r\n            background-color: #90ee90; \/* Vert clair pour le fond *\/\r\n            color: #ffffff; \/* Blanc pour le texte *\/\r\n            padding: 10px 20px;\r\n            border: none;\r\n            border-radius: 5px;\r\n            text-decoration: none;\r\n            font-size: 16px;\r\n            cursor: pointer;\r\n            transition: background-color 0.3s;\r\n        }\r\n\r\n        .credit-request-button:hover {\r\n            background-color: #76b476; \/* Un vert un peu plus fonc\u00e9 pour le survol *\/\r\n        }\r\n    <\/style><\/p>\r\n<p><button class=\"credit-request-button\">Eine Kreditanfrage stellen<\/button><\/p>\r\n<!-- \/wp:html -->\r\n\r\n<!-- wp:separator --><hr class=\"wp-block-separator has-alpha-channel-opacity\" \/><!-- \/wp:separator -->\r\n\r\n<!-- wp:html {\"translatedWithWPMLTM\":\"1\"} -->\r\n<p>&nbsp;<\/p>\r\n<p>&nbsp;<\/p>\r\n<p><style> body { Schriftfamilie: Arial, sans-serif; Polsterung: 20px; Hintergrundfarbe: #f5f5f5; Farbe: #000000; \/* Aktualisierung der Haupttextfarbe zu Schwarz *\/ } .alma-section { Hintergrundfarbe: #ffffff; Rand: 1px fest #e0e0e0; Polsterung: 20px; Randradius: 5px; Rand unten: 20px; } h1 { Farbe: #6bb018; \/* Haupttitelfarbe in Gr\u00fcn *\/ Rand unten: 15px; } h2 { Farbe: #6bb018; \/* Untertitelfarbe in Gr\u00fcn *\/ Rand unten: 15px; } ul { Listenstilart: Disk; Polsterung links: 40px; } li { Rand unten: 10px; } <\/style><\/p>\r\n<div class=\"alma-section\">\r\n<h1>Alma Credit: Ihr Verb\u00fcndeter in der Gesch\u00e4ftsfinanzierung f\u00fcr KMUs<\/h1>\r\n<p>Ein Unternehmen in Lausanne gr\u00fcnden? <strong>Alma Credit<\/strong> ist hier, um Ihre Visionen in greifbare Realit\u00e4ten umzuwandeln.<\/p>\r\n<h2>Alma, Warum?<\/h2>\r\n<p>Wir sind mehr als nur ein Finanzdienstleister; wir sind Ihr Partner. Im Labyrinth der Finanzierung, lassen Sie uns Ihr Kompass sein.<\/p>\r\n<h2>Der Alma-Weg in Vier Meilensteinen:<\/h2>\r\n<ul>\r\n<li>Digital &amp; Vereinfacht: F\u00fcllen Sie unser elektronisches Formular aus.<\/li>\r\n<li>Zuh\u00f6ren &amp; Dialog: Ein Alma-Berater bespricht mit Ihnen, wobei Ihre Vision im Mittelpunkt des Gespr\u00e4chs steht.<\/li>\r\n<li>Analyse &amp; Relevanz: Wir pr\u00fcfen jedes Detail, damit unser Angebot mit Ihren Ambitionen harmoniert.<\/li>\r\n<li>Vorschlag &amp; Aktion: Erhalten Sie einen klaren Vorschlag, abgestimmt auf Ihre Bed\u00fcrfnisse.<\/li>\r\n<\/ul>\r\n<h2>Gesch\u00e4ftsfinanzierung auf Alma-Art:<\/h2>\r\n<p>Wachstum, Innovation oder einfach die Navigation durch turbulente Zeiten erfordern Ressourcen. <strong>Alma Credit<\/strong> unterst\u00fctzt Sie, sei es f\u00fcr eine Akquisition, eine Expansion oder die \u00dcberwindung einer heiklen Periode.<\/p>\r\n<h2>Das Alma Online-Erlebnis:<\/h2>\r\n<ul>\r\n<li>Definieren Sie Ihre Vision: Welcher Betrag f\u00fcr welches Projekt?<\/li>\r\n<li>Flexibilit\u00e4t &amp; Beherrschung: R\u00fcckzahlungsbedingungen, die Ihrem Tempo entsprechen.<\/li>\r\n<li>Ihre Zeit ist kostbar: Eine schnelle und intuitive Schnittstelle zu Ihren Diensten.<\/li>\r\n<\/ul>\r\n<h2>Alma und Sie, Eine Synergie:<\/h2>\r\n<p>Ob f\u00fcr eine Renovierung, eine strategische Investition oder eine fl\u00fcchtige Gelegenheit, unsere Mission ist es, Ihnen das notwendige finanzielle Sprungbrett zu bieten. Problemlos, keine \u00dcberraschungen.<\/p>\r\n<h2>Jede Anfrage, Eine Reise:<\/h2>\r\n<ul>\r\n<li>Erster Schritt Online: Einfach und schnell.<\/li>\r\n<li>Die Kunst des Zuh\u00f6rens: Eine Diskussion, um unsere Horizonte auszurichten.<\/li>\r\n<li>Ihr Alma-Angebot: Personalisiert, relevant.<\/li>\r\n<li>Auf dem Weg in die Zukunft: Mit den notwendigen Ressourcen in der Hand.<\/li>\r\n<\/ul>\r\n<h2>Alma in Lausanne:<\/h2>\r\n<p>In Lausanne verwurzelt, blickt unser Alma-Team in die Zukunft und ehrt dabei unsere grundlegenden Werte. F\u00fcr uns hat jeder Unternehmer einen Traum zu verwirklichen. Wir sind hier, um sicherzustellen, dass diese Tr\u00e4ume die Fl\u00fcgel zum Fliegen haben.<\/p>\r\n<\/div>\r\n<!-- \/wp:html -->\r\n\r\n<!-- wp:html {\"translatedWithWPMLTM\":\"1\"} -->\r\n<p>&nbsp;<\/p>\r\n<p><style> body { Schriftfamilie: Arial, sans-serif; Polsterung: 20px; Hintergrundfarbe: #f5f5f5; } .button-email { Hintergrundfarbe: #6bb018; \/* Hintergrundfarbe in Gr\u00fcn *\/ Farbe: #ffffff; \/* Textfarbe in Wei\u00df *\/ Polsterung: 10px 20px; Rand: keiner; Randradius: 5px; Textdekoration: keine; Anzeige: inline-block; Schriftgr\u00f6\u00dfe: 16px; Schriftgewicht: fett; \/* Schrift des Knopfes fett *\/ Cursor: Zeiger; \u00dcbergang: Hintergrundfarbe 0.3s; } .button-email:hover { Hintergrundfarbe: #509c16; \/* etwas dunklere Farbe beim \u00dcberfahren *\/ } <\/style><\/p>\r\n<p><a class=\"button-email\" href=\"https:\/\/almacredit.ch\/de\/kreditantrag\/\">Einen Kredit beantragen<\/a><\/p>\r\n<!-- \/wp:html -->\r\n\r\n<!-- wp:paragraph {\"translatedWithWPMLTM\":\"1\"} -->\r\n<p>&nbsp;<\/p>\r\n<!-- \/wp:paragraph -->\r\n\r\n<!-- wp:paragraph {\"translatedWithWPMLTM\":\"1\"} -->\r\n<p>&nbsp;<\/p>\r\n<!-- \/wp:paragraph -->\r\n\r\n<!-- wp:paragraph {\"translatedWithWPMLTM\":\"1\"} -->\r\n<p>&nbsp;<\/p>\r\n<!-- \/wp:paragraph -->\r\n\r\n<!-- wp:html \/-->","protected":false},"excerpt":{"rendered":"<p>Welchen Betrag ben\u00f6tigen Sie? Gew\u00fcnschter Betrag (CHF): Laufzeit (Monate):12 Monate24 Monate36 Monate48 Monate60 Monate CHF 206.45 EINEN KREDIT BEANTRAGEN Bedingungen Gew\u00e4hrter Betrag: von CHF 20.000 bis CHF 1.000.000 Laufzeit: von 12 bis 60 Monaten M\u00f6glichkeit, Ihren Gesch\u00e4ftskredit jederzeit ohne zus\u00e4tzliche Kosten zur\u00fcckzuzahlen. Einzelunternehmen, GmbHs und AGs, die im Handelsregister eingetragen sind Mindestens 4 Jahre Gesch\u00e4ftst\u00e4tigkeit [&hellip;]<\/p>\n","protected":false},"author":1,"featured_media":0,"parent":2806,"menu_order":0,"comment_status":"closed","ping_status":"closed","template":"","meta":{"_coblocks_attr":"","_coblocks_dimensions":"","_coblocks_responsive_height":"","_coblocks_accordion_ie_support":"","om_disable_all_campaigns":false,"_monsterinsights_skip_tracking":false,"_monsterinsights_sitenote_active":false,"_monsterinsights_sitenote_note":"","_monsterinsights_sitenote_category":0,"footnotes":""},"class_list":["post-2840","page","type-page","status-publish","hentry"],"aioseo_notices":[],"_links":{"self":[{"href":"https:\/\/almacredit.ch\/de\/wp-json\/wp\/v2\/pages\/2840","targetHints":{"allow":["GET"]}}],"collection":[{"href":"https:\/\/almacredit.ch\/de\/wp-json\/wp\/v2\/pages"}],"about":[{"href":"https:\/\/almacredit.ch\/de\/wp-json\/wp\/v2\/types\/page"}],"author":[{"embeddable":true,"href":"https:\/\/almacredit.ch\/de\/wp-json\/wp\/v2\/users\/1"}],"replies":[{"embeddable":true,"href":"https:\/\/almacredit.ch\/de\/wp-json\/wp\/v2\/comments?post=2840"}],"version-history":[{"count":12,"href":"https:\/\/almacredit.ch\/de\/wp-json\/wp\/v2\/pages\/2840\/revisions"}],"predecessor-version":[{"id":4415,"href":"https:\/\/almacredit.ch\/de\/wp-json\/wp\/v2\/pages\/2840\/revisions\/4415"}],"up":[{"embeddable":true,"href":"https:\/\/almacredit.ch\/de\/wp-json\/wp\/v2\/pages\/2806"}],"wp:attachment":[{"href":"https:\/\/almacredit.ch\/de\/wp-json\/wp\/v2\/media?parent=2840"}],"curies":[{"name":"wp","href":"https:\/\/api.w.org\/{rel}","templated":true}]}}