{"id":2753,"date":"2023-08-27T12:27:00","date_gmt":"2023-08-27T11:27:00","guid":{"rendered":"https:\/\/almacredit.ch\/?page_id=2753"},"modified":"2023-11-14T22:00:00","modified_gmt":"2023-11-14T21:00:00","slug":"vorteile","status":"publish","type":"page","link":"https:\/\/almacredit.ch\/de\/ueber-uns-2\/vorteile\/","title":{"rendered":"Vorteile"},"content":{"rendered":"\r\n\r\n<style>\r\n        body {<br \/>\r\n            font-family: 'Arial', sans-serif;<br \/>\r\n            padding: 20px;<br \/>\r\n            background-color: #f5f5f5;<br \/>\r\n            margin: 0;<br \/>\r\n        }<\/p>\r\n<p>        h5 {<br \/>\r\n            color: #6bb018;<br \/>\r\n            white-space: nowrap;<br \/>\r\n        }<\/p>\r\n<p>        p {<br \/>\r\n            color: #555;<br \/>\r\n            text-align: justify;<br \/>\r\n        }<\/p>\r\n<p>        .contactinfo-item {<br \/>\r\n            background-color: #ffffff;<br \/>\r\n            border: 1px solid #e0e0e0;<br \/>\r\n            padding: 30px;<br \/>\r\n            margin-bottom: 20px;<br \/>\r\n            border-radius: 15px;<br \/>\r\n            box-shadow: 0px 5px 10px rgba(0, 0, 0, 0.1);<br \/>\r\n            width: 100%;<br \/>\r\n        }<\/p>\r\n<p>        .contactinfo-head {<br \/>\r\n            display: flex;<br \/>\r\n            align-items: center;<br \/>\r\n        }<\/p>\r\n<p>        .contactinfo-icon {<br \/>\r\n            margin-right: 15px;<br \/>\r\n            position: relative;<br \/>\r\n            animation: spin 2s linear infinite;<br \/>\r\n        }<\/p>\r\n<p>        @keyframes spin {<br \/>\r\n            0% { transform: rotate(0deg); }<br \/>\r\n            100% { transform: rotate(360deg); }<br \/>\r\n        }<\/p>\r\n<p>        .contactinfo-count {<br \/>\r\n            position: absolute;<br \/>\r\n            top: 50%;<br \/>\r\n            left: 50%;<br \/>\r\n            transform: translate(-50%, -50%);<br \/>\r\n            font-size: 1.5rem;<br \/>\r\n        }<br \/>\r\n    <\/style>\r\n<div class=\"contactinfo-item\">\r\n<div class=\"contactinfo-head\">\r\n<div class=\"contactinfo-icon\">\r\n<div class=\"contactinfo-count\">\ud83d\udcbc<\/div>\r\n<\/div>\r\n<h5>Keine Versteckten Geb\u00fchren<\/h5>\r\n<\/div>\r\nBei Alma Credit steht Transparenz an erster Stelle. Wir erheben keine Bearbeitungsgeb\u00fchren, so dass Ihre Raten klar und vorhersehbar sind.\r\n\r\n<\/div>\r\n<div class=\"contactinfo-item\">\r\n<div class=\"contactinfo-head\">\r\n<div class=\"contactinfo-icon\">\r\n<div class=\"contactinfo-count\">\ud83d\udd12<\/div>\r\n<\/div>\r\n<h5>Garantierte Vertraulichkeit<\/h5>\r\n<\/div>\r\nBei Alma Credit m\u00fcssen Sie den Grund f\u00fcr Ihr Darlehen nicht offenlegen. Ihre Privatsph\u00e4re wird bei jedem Schritt Ihres Antrags respektiert.\r\n\r\n<\/div>\r\n<div class=\"contactinfo-item\">\r\n<div class=\"contactinfo-head\">\r\n<div class=\"contactinfo-icon\">\r\n<div class=\"contactinfo-count\">\ud83d\udcb8<\/div>\r\n<\/div>\r\n<h5>Steuerliche Optimierung<\/h5>\r\n<\/div>\r\nDie Zinsen Ihres Darlehens bei Alma Credit k\u00f6nnen von Ihren Steuern abgesetzt werden, was Ihnen Geld spart.\r\n\r\n<\/div>\r\n<div class=\"contactinfo-item\">\r\n<div class=\"contactinfo-head\">\r\n<div class=\"contactinfo-icon\">\r\n<div class=\"contactinfo-count\">\ud83e\udd14<\/div>\r\n<\/div>\r\n<h5>Treffen Sie Ihre Wahl<\/h5>\r\n<\/div>\r\nBei Alma Credit liegt die Entscheidung bei Ihnen. W\u00e4hlen Sie Ihren Darlehensbetrag aus einer Spanne von CHF 3&#8217;000.- bis CHF 400&#8217;000.-.\r\n\r\n<\/div>\r\n<div class=\"contactinfo-item\">\r\n<div class=\"contactinfo-head\">\r\n<div class=\"contactinfo-icon\">\r\n<div class=\"contactinfo-count\">\ud83d\udd04<\/div>\r\n<\/div>\r\n<h5>Zahlungsflexibilit\u00e4t<\/h5>\r\n<\/div>\r\nWir bieten Ihnen die Freiheit, die Laufzeit Ihrer Zahlung nach Ihrem Budget zu w\u00e4hlen, mit anpassbaren monatlichen Raten von 6 bis 120 Monaten.\r\n\r\n<\/div>\r\n<div class=\"contactinfo-item\">\r\n<div class=\"contactinfo-head\">\r\n<div class=\"contactinfo-icon\">\r\n<div class=\"contactinfo-count\">\ud83d\udd70\ufe0f<\/div>\r\n<\/div>\r\n<h5>Kostenlose Vorzeitige Tilgung<\/h5>\r\n<\/div>\r\nWenn Sie m\u00f6chten, haben Sie die M\u00f6glichkeit, Ihr Darlehen vorzeitig zu tilgen, ohne zus\u00e4tzliche Geb\u00fchren zu zahlen.\r\n\r\n<\/div>\r\n<div class=\"contactinfo-item\">\r\n<div class=\"contactinfo-head\">\r\n<div class=\"contactinfo-icon\">\r\n<div class=\"contactinfo-count\">\ud83d\udd0d<\/div>\r\n<\/div>\r\n<h5>Vollst\u00e4ndige Transparenz<\/h5>\r\n<\/div>\r\nBei Alma Credit f\u00f6rdern wir einen transparenten Ansatz. Unser Angebot ist klar, ohne versteckte Geb\u00fchren, und unser Service ist auf Ihre Bed\u00fcrfnisse zugeschnitten.\r\n\r\n<\/div>\r\n\r\n\r\n\r\n\r\n&nbsp;\r\n\r\n\r\n\r\n&nbsp;","protected":false},"excerpt":{"rendered":"<p>\ud83d\udcbc Keine Versteckten Geb\u00fchren Bei Alma Credit steht Transparenz an erster Stelle. Wir erheben keine Bearbeitungsgeb\u00fchren, so dass Ihre Raten klar und vorhersehbar sind. \ud83d\udd12 Garantierte Vertraulichkeit Bei Alma Credit m\u00fcssen Sie den Grund f\u00fcr Ihr Darlehen nicht offenlegen. Ihre Privatsph\u00e4re wird bei jedem Schritt Ihres Antrags respektiert. \ud83d\udcb8 Steuerliche Optimierung Die Zinsen Ihres Darlehens [&hellip;]<\/p>\n","protected":false},"author":1,"featured_media":0,"parent":2785,"menu_order":0,"comment_status":"closed","ping_status":"closed","template":"","meta":{"_coblocks_attr":"","_coblocks_dimensions":"","_coblocks_responsive_height":"","_coblocks_accordion_ie_support":"","om_disable_all_campaigns":false,"_monsterinsights_skip_tracking":false,"_monsterinsights_sitenote_active":false,"_monsterinsights_sitenote_note":"","_monsterinsights_sitenote_category":0,"footnotes":""},"class_list":["post-2753","page","type-page","status-publish","hentry"],"aioseo_notices":[],"_links":{"self":[{"href":"https:\/\/almacredit.ch\/de\/wp-json\/wp\/v2\/pages\/2753","targetHints":{"allow":["GET"]}}],"collection":[{"href":"https:\/\/almacredit.ch\/de\/wp-json\/wp\/v2\/pages"}],"about":[{"href":"https:\/\/almacredit.ch\/de\/wp-json\/wp\/v2\/types\/page"}],"author":[{"embeddable":true,"href":"https:\/\/almacredit.ch\/de\/wp-json\/wp\/v2\/users\/1"}],"replies":[{"embeddable":true,"href":"https:\/\/almacredit.ch\/de\/wp-json\/wp\/v2\/comments?post=2753"}],"version-history":[{"count":1,"href":"https:\/\/almacredit.ch\/de\/wp-json\/wp\/v2\/pages\/2753\/revisions"}],"predecessor-version":[{"id":2755,"href":"https:\/\/almacredit.ch\/de\/wp-json\/wp\/v2\/pages\/2753\/revisions\/2755"}],"up":[{"embeddable":true,"href":"https:\/\/almacredit.ch\/de\/wp-json\/wp\/v2\/pages\/2785"}],"wp:attachment":[{"href":"https:\/\/almacredit.ch\/de\/wp-json\/wp\/v2\/media?parent=2753"}],"curies":[{"name":"wp","href":"https:\/\/api.w.org\/{rel}","templated":true}]}}